{"id":4856,"date":"2020-06-17T13:50:04","date_gmt":"2020-06-17T13:50:04","guid":{"rendered":"https:\/\/fgmhesse.wp-profi-service.de\/%d8%a8%d8%b5%d9%85%d8%a9\/"},"modified":"2024-10-01T20:08:45","modified_gmt":"2024-10-01T20:08:45","slug":"%d8%a8%d8%b5%d9%85%d8%a9","status":"publish","type":"page","link":"https:\/\/fgmhesse.com\/ar\/%d8%a8%d8%b5%d9%85%d8%a9\/","title":{"rendered":"\u0628\u0635\u0645\u0629"},"content":{"rendered":"\t\t<div data-elementor-type=\"wp-page\" data-elementor-id=\"4856\" class=\"elementor elementor-4856 elementor-64\" data-elementor-post-type=\"page\">\n\t\t\t\t\t\t<section class=\"elementor-section elementor-top-section elementor-element elementor-element-84a3a7c elementor-section-height-min-height elementor-section-boxed elementor-section-height-default elementor-section-items-middle\" data-id=\"84a3a7c\" data-element_type=\"section\" data-e-type=\"section\" data-settings=\"{&quot;background_background&quot;:&quot;classic&quot;}\">\n\t\t\t\t\t\t<div class=\"elementor-container elementor-column-gap-default\">\n\t\t\t\t\t<div class=\"elementor-column elementor-col-33 elementor-top-column elementor-element elementor-element-ac151ed\" data-id=\"ac151ed\" data-element_type=\"column\" data-e-type=\"column\">\n\t\t\t<div class=\"elementor-widget-wrap elementor-element-populated\">\n\t\t\t\t\t\t<div class=\"elementor-element elementor-element-4de10ea elementor-widget elementor-widget-image\" data-id=\"4de10ea\" data-element_type=\"widget\" data-e-type=\"widget\" data-widget_type=\"image.default\">\n\t\t\t\t<div class=\"elementor-widget-container\">\n\t\t\t\t\t\t\t\t\t\t\t\t\t\t\t<img fetchpriority=\"high\" decoding=\"async\" width=\"800\" height=\"800\" src=\"https:\/\/fgmhesse.com\/wp-content\/uploads\/2020\/06\/logo-transparent-1024x1024.png\" class=\"attachment-large size-large wp-image-4085\" alt=\"\" srcset=\"https:\/\/fgmhesse.com\/wp-content\/uploads\/2020\/06\/logo-transparent-1024x1024.png 1024w, https:\/\/fgmhesse.com\/wp-content\/uploads\/2020\/06\/logo-transparent-300x300.png 300w, https:\/\/fgmhesse.com\/wp-content\/uploads\/2020\/06\/logo-transparent-150x150.png 150w, https:\/\/fgmhesse.com\/wp-content\/uploads\/2020\/06\/logo-transparent-768x768.png 768w, https:\/\/fgmhesse.com\/wp-content\/uploads\/2020\/06\/logo-transparent.png 1042w\" sizes=\"(max-width: 800px) 100vw, 800px\" \/>\t\t\t\t\t\t\t\t\t\t\t\t\t\t\t<\/div>\n\t\t\t\t<\/div>\n\t\t\t\t\t<\/div>\n\t\t<\/div>\n\t\t\t\t<div class=\"elementor-column elementor-col-66 elementor-top-column elementor-element elementor-element-0990595\" data-id=\"0990595\" data-element_type=\"column\" data-e-type=\"column\">\n\t\t\t<div class=\"elementor-widget-wrap elementor-element-populated\">\n\t\t\t\t\t\t<div class=\"elementor-element elementor-element-4ea18bf elementor-widget elementor-widget-heading\" data-id=\"4ea18bf\" data-element_type=\"widget\" data-e-type=\"widget\" data-widget_type=\"heading.default\">\n\t\t\t\t<div class=\"elementor-widget-container\">\n\t\t\t\t\t<h1 class=\"elementor-heading-title elementor-size-default\">\u0628\u0635\u0645\u0629<\/h1>\t\t\t\t<\/div>\n\t\t\t\t<\/div>\n\t\t\t\t\t<\/div>\n\t\t<\/div>\n\t\t\t\t\t<\/div>\n\t\t<\/section>\n\t\t\t\t<section class=\"elementor-section elementor-top-section elementor-element elementor-element-42b1d4f elementor-section-boxed elementor-section-height-default elementor-section-height-default\" data-id=\"42b1d4f\" data-element_type=\"section\" data-e-type=\"section\">\n\t\t\t\t\t\t<div class=\"elementor-container elementor-column-gap-default\">\n\t\t\t\t\t<div class=\"elementor-column elementor-col-100 elementor-top-column elementor-element elementor-element-fb36b8b\" data-id=\"fb36b8b\" data-element_type=\"column\" data-e-type=\"column\">\n\t\t\t<div class=\"elementor-widget-wrap elementor-element-populated\">\n\t\t\t\t\t\t<div class=\"elementor-element elementor-element-9c9bf0d elementor-widget elementor-widget-text-editor\" data-id=\"9c9bf0d\" data-element_type=\"widget\" data-e-type=\"widget\" data-widget_type=\"text-editor.default\">\n\t\t\t\t<div class=\"elementor-widget-container\">\n\t\t\t\t\t\t\t\t\t<p><b><span data-contrast=\"none\">\u0627\u0644\u0628\u0635\u0645\u0629 \u0648\u0641\u0642\u064b\u0627 \u0644\u0644\u0641\u0642\u0631\u0629 5 \u0645\u0646 \u0642\u0627\u0646\u0648\u0646 \u0627\u0644\u0628\u0635\u0645\u0627\u062a:<\/span><\/b><span data-ccp-props=\"{\"> <\/span><\/p>\n<p><span data-contrast=\"none\">\u0627\u0644\u0645\u0645\u062b\u0644\u0648\u0646 \u0627\u0644\u0645\u0639\u062a\u0645\u062f\u0648\u0646<\/span><span data-ccp-props=\"{\"> <br \/><\/span><span data-contrast=\"none\"><span class=\"ui-provider a b c d e f g h i j k l m n o p q r s t u v w x y z ab ac ae af ag ah ai aj ak\" dir=\"ltr\">\u0647\u0627\u064a\u0643\u0647 \u0628\u064a\u0646\u064a<\/span> (\u0627\u0644\u0625\u062f\u0627\u0631\u0629)<\/span><span data-ccp-props=\"{\"> <\/span><\/p>\n<p><span data-contrast=\"none\">pro familia Hessen gGmbH<\/span><span data-ccp-props=\"{\"> <br \/><\/span><span data-contrast=\"none\">\u0628\u0627\u0644\u0645\u064a\u0646\u062c\u0627\u0631\u062a\u0646\u0634\u062a\u0631\u0627\u0633\u0647 14<\/span><span data-ccp-props=\"{\"> <br \/><\/span><span data-contrast=\"none\">60325 \u0641\u0631\u0627\u0646\u0643\u0641\u0648\u0631\u062a\/\u0645\u0627\u064a\u0646<\/span><span data-ccp-props=\"{\"> <\/span><\/p>\n<p><span data-contrast=\"none\">\u062a\u0644\u064a\u0641\u0648\u0646 069-447061<\/span><span data-ccp-props=\"{\"> <br \/><\/span><span data-contrast=\"none\">\u0627\u0644\u0628\u0631\u064a\u062f \u0627\u0644\u0625\u0644\u0643\u062a\u0631\u0648\u0646\u064a <\/span><a href=\"mailto:info.hessen@profamilia.de\"><br \/>\n  <span data-contrast=\"none\">info.hessen@profamilia.de<\/span><br \/>\n<\/a><span data-ccp-props=\"{\"> <\/span><\/p>\n<p><span data-contrast=\"none\">\u0634\u0631\u0643\u0629 \u0628\u0631\u0648 \u0641\u0627\u0645\u064a\u0644\u064a\u0627 \u0647\u064a\u0633\u0646 (pro familia Hessen gGmbH)<\/span><span data-ccp-props=\"{\"> <br \/><\/span><span data-contrast=\"none\">\u0627\u0644\u0645\u062f\u064a\u0631 \u0627\u0644\u0625\u062f\u0627\u0631\u064a <\/span><span data-ccp-props=\"{\"><span class=\"ui-provider a b c d e f g h i j k l m n o p q r s t u v w x y z ab ac ae af ag ah ai aj ak\" dir=\"ltr\">\u0647\u0627\u064a\u0643\u0647 \u0628\u064a\u0646\u064a<\/span> <br \/><\/span> <\/p>\n<p><span data-contrast=\"none\">\u0627\u0644\u0645\u062d\u0643\u0645\u0629 \u0627\u0644\u0645\u062d\u0644\u064a\u0629 \u0641\u064a \u0641\u0631\u0627\u0646\u0643\u0641\u0648\u0631\u062a HRB 125784<\/span><span data-ccp-props=\"{\"> <\/span><\/p>\n<p><span data-contrast=\"none\">\u0633\u0627\u0639\u0627\u062a \u0627\u0644\u0639\u0645\u0644: \u0645\u0646 \u0627\u0644\u0627\u062b\u0646\u064a\u0646 \u0625\u0644\u0649 \u0627\u0644\u062c\u0645\u0639\u0629 \u0645\u0646 9:30 \u0635\u0628\u0627\u062d\u0627\u064b \u0625\u0644\u0649 1:30 \u0638\u0647\u0631\u0627\u064b<\/span><span data-ccp-props=\"{\"> <\/span><\/p>\n<p><span data-contrast=\"none\">\u0627\u0644\u062a\u0641\u0627\u0635\u064a\u0644 \u0627\u0644\u0645\u0635\u0631\u0641\u064a\u0629: Bank f\u00fcr Sozialwirtschaft\u060c \u0631\u0642\u0645 \u0627\u0644\u062d\u0633\u0627\u0628 \u0627\u0644\u0645\u0635\u0631\u0641\u064a \u0627\u0644\u062f\u0648\u0644\u064a: DE53 5502 0500 0500 0001 8075 00; <\/span><span data-ccp-props=\"{\"> <br \/><\/span><span data-contrast=\"none\">bic: bfswde33mnz<\/span><span data-ccp-props=\"{\"> <\/span><\/p>\n\t\t\t\t\t\t\t\t<\/div>\n\t\t\t\t<\/div>\n\t\t\t\t\t<\/div>\n\t\t<\/div>\n\t\t\t\t\t<\/div>\n\t\t<\/section>\n\t\t\t\t<section class=\"elementor-section elementor-top-section elementor-element elementor-element-51399b8 elementor-section-boxed elementor-section-height-default elementor-section-height-default\" data-id=\"51399b8\" data-element_type=\"section\" data-e-type=\"section\" data-settings=\"{&quot;background_background&quot;:&quot;classic&quot;}\">\n\t\t\t\t\t\t<div class=\"elementor-container elementor-column-gap-default\">\n\t\t\t\t\t<div class=\"elementor-column elementor-col-50 elementor-top-column elementor-element elementor-element-24f5486\" data-id=\"24f5486\" data-element_type=\"column\" data-e-type=\"column\">\n\t\t\t<div class=\"elementor-widget-wrap elementor-element-populated\">\n\t\t\t\t\t\t<div class=\"elementor-element elementor-element-3a13f34 elementor-widget elementor-widget-text-editor\" data-id=\"3a13f34\" data-element_type=\"widget\" data-e-type=\"widget\" data-widget_type=\"text-editor.default\">\n\t\t\t\t<div class=\"elementor-widget-container\">\n\t\t\t\t\t\t\t\t\t<p>\u0627\u062f\u0639\u0645 \u0639\u0645\u0644\u0646\u0627 \u0628\u062a\u0628\u0631\u0639\u0643.<\/p>\n\t\t\t\t\t\t\t\t<\/div>\n\t\t\t\t<\/div>\n\t\t\t\t<div class=\"elementor-element elementor-element-e49ac2a elementor-widget elementor-widget-image\" data-id=\"e49ac2a\" data-element_type=\"widget\" data-e-type=\"widget\" data-widget_type=\"image.default\">\n\t\t\t\t<div class=\"elementor-widget-container\">\n\t\t\t\t\t\t\t\t\t\t\t\t\t\t\t<img decoding=\"async\" width=\"528\" height=\"636\" src=\"https:\/\/fgmhesse.com\/wp-content\/uploads\/2020\/09\/spendenherz.png\" class=\"attachment-large size-large wp-image-4257\" alt=\"\" srcset=\"https:\/\/fgmhesse.com\/wp-content\/uploads\/2020\/09\/spendenherz.png 528w, https:\/\/fgmhesse.com\/wp-content\/uploads\/2020\/09\/spendenherz-249x300.png 249w\" sizes=\"(max-width: 528px) 100vw, 528px\" \/>\t\t\t\t\t\t\t\t\t\t\t\t\t\t\t<\/div>\n\t\t\t\t<\/div>\n\t\t\t\t\t<\/div>\n\t\t<\/div>\n\t\t\t\t<div class=\"elementor-column elementor-col-50 elementor-top-column elementor-element elementor-element-b450755\" data-id=\"b450755\" data-element_type=\"column\" data-e-type=\"column\">\n\t\t\t<div class=\"elementor-widget-wrap\">\n\t\t\t\t\t\t\t<\/div>\n\t\t<\/div>\n\t\t\t\t\t<\/div>\n\t\t<\/section>\n\t\t\t\t<section class=\"elementor-section elementor-top-section elementor-element elementor-element-3933202 elementor-section-boxed elementor-section-height-default elementor-section-height-default\" data-id=\"3933202\" data-element_type=\"section\" data-e-type=\"section\">\n\t\t\t\t\t\t<div class=\"elementor-container elementor-column-gap-default\">\n\t\t\t\t\t<div class=\"elementor-column elementor-col-100 elementor-top-column elementor-element elementor-element-4dfc647\" data-id=\"4dfc647\" data-element_type=\"column\" data-e-type=\"column\">\n\t\t\t<div class=\"elementor-widget-wrap elementor-element-populated\">\n\t\t\t\t\t\t<div class=\"elementor-element elementor-element-14a38b3 elementor-widget elementor-widget-text-editor\" data-id=\"14a38b3\" data-element_type=\"widget\" data-e-type=\"widget\" data-widget_type=\"text-editor.default\">\n\t\t\t\t<div class=\"elementor-widget-container\">\n\t\t\t\t\t\t\t\t\t<p><strong>\u062d\u0642\u0648\u0642 \u0627\u0644\u0637\u0628\u0639 \u0648\u0627\u0644\u0646\u0634\u0631<\/strong><\/p>\n<p>\u064a\u062e\u0636\u0639 \u0647\u064a\u0643\u0644 \u0627\u0644\u0645\u0648\u0642\u0639 \u0627\u0644\u0625\u0644\u0643\u062a\u0631\u0648\u0646\u064a<a href=\"https:\/\/fgmhessen.de\" target=\"_blank\" rel=\"noopener\">https:\/\/fgmhessen.de<\/a>\u0648\u0645\u062d\u062a\u0648\u0627\u0647 \u0628\u0627\u0644\u0643\u0627\u0645\u0644 \u0644\u062d\u0642\u0648\u0642 \u0627\u0644\u0637\u0628\u0639 \u0648\u0627\u0644\u0646\u0634\u0631. \u0644\u0627 \u064a\u062c\u0648\u0632 \u0646\u0633\u062e\u0647 \u0623\u0648 \u062a\u0639\u062f\u064a\u0644\u0647 \u0623\u0648 \u0627\u0633\u062a\u062e\u062f\u0627\u0645\u0647 \u0628\u0623\u064a \u0634\u0643\u0644 \u0645\u0646 \u0627\u0644\u0623\u0634\u0643\u0627\u0644 \u0639\u0644\u0649 \u0645\u0648\u0627\u0642\u0639 \u0625\u0644\u0643\u062a\u0631\u0648\u0646\u064a\u0629 \u0623\u062e\u0631\u0649\u060c \u0644\u0627 \u0644\u0623\u063a\u0631\u0627\u0636 \u062a\u062c\u0627\u0631\u064a\u0629 \u0648\u0644\u0627 \u0644\u0644\u062a\u0648\u0632\u064a\u0639. \u064a\u062a\u0637\u0644\u0628 \u0623\u064a \u0627\u0633\u062a\u062e\u062f\u0627\u0645\u060c \u0648\u0644\u0627 \u0633\u064a\u0645\u0627 \u0625\u0639\u0627\u062f\u0629 \u0625\u0646\u062a\u0627\u062c \u0623\u0648 \u062a\u062d\u0631\u064a\u0631 \u0623\u0648 \u0645\u0639\u0627\u0644\u062c\u0629 \u0627\u0644\u0645\u0639\u0644\u0648\u0645\u0627\u062a \u0623\u0648 \u0627\u0644\u0628\u064a\u0627\u0646\u0627\u062a\u060c \u0648\u0644\u0627 \u0633\u064a\u0645\u0627 \u0627\u0644\u0646\u0635\u0648\u0635 \u0648\u0623\u062c\u0632\u0627\u0621 \u0645\u0646 \u0627\u0644\u0646\u0635\u0648\u0635 \u0648\u0627\u0644\u0635\u0648\u0631 \u0648\u0627\u0644\u0635\u0648\u0631 \u0648\u0645\u0642\u0627\u0637\u0639 \u0627\u0644\u0641\u064a\u062f\u064a\u0648 \u0648\u0627\u0644\u0631\u0633\u0648\u0645\u0627\u062a\u060c \u0627\u0644\u062d\u0635\u0648\u0644 \u0639\u0644\u0649 \u0625\u0630\u0646 \u0643\u062a\u0627\u0628\u064a \u0645\u0646 \u0634\u0631\u0643\u0629 pro familia Hessen gGmbH \u0625\u0630\u0627 \u0643\u0646\u062a \u062a\u0646\u0648\u064a \u0627\u0633\u062a\u062e\u062f\u0627\u0645 \u0647\u0630\u0627 \u0627\u0644\u0645\u062d\u062a\u0648\u0649 \u0623\u0648 \u0623\u062c\u0632\u0627\u0621 \u0645\u0646\u0647\u060c \u064a\u064f\u0631\u062c\u0649 \u0627\u0644\u0627\u062a\u0635\u0627\u0644 \u0628\u0646\u0627 \u0645\u0633\u0628\u0642\u064b\u0627 \u0628\u0627\u0633\u062a\u062e\u062f\u0627\u0645 \u0627\u0644\u062a\u0641\u0627\u0635\u064a\u0644 \u0623\u0639\u0644\u0627\u0647. \u064a\u064f\u062d\u0638\u0631 \u0639\u0645\u0648\u0645\u064b\u0627 \u0627\u0644\u0631\u0628\u0637 \u0641\u064a \u0625\u0637\u0627\u0631 \u0644\u0627 \u064a\u0645\u0643\u0646 \u0641\u064a\u0647 \u0627\u0644\u062a\u0639\u0631\u0641 \u0639\u0644\u0649<a href=\"https:\/\/fgmhessen.de\" target=\"_blank\" rel=\"noopener\">https:\/\/fgmhessen.de<\/a>\u0643\u0635\u0627\u062d\u0628 \u062d\u0642\u0648\u0642\u060c \u062d\u064a\u062b \u0644\u0627 \u064a\u0645\u0643\u0646 \u0627\u0644\u062a\u0639\u0631\u0641 \u0639\u0644\u0649 \u0635\u0627\u062d\u0628 \u0627\u0644\u062d\u0642\u0648\u0642. \u062c\u0645\u064a\u0639 \u0627\u0644\u062d\u0642\u0648\u0642 \u0627\u0644\u0623\u062e\u0631\u0649 \u0645\u062d\u0641\u0648\u0638\u0629.<\/p>\n<\/p>\n<p><strong>\u062a\u0635\u0645\u064a\u0645 \u0627\u0644\u0645\u0648\u0642\u0639 \u0627\u0644\u0625\u0644\u0643\u062a\u0631\u0648\u0646\u064a<\/strong><\/p>\n<p><a href=\"https:\/\/www.lindenfeld.de\/\" target=\"_blank\" rel=\"noopener\">\u0644\u064a\u0646\u062f\u0646\u0641\u064a\u0644\u062f &#8211; \u0648\u0643\u0627\u0644\u0629 \u0627\u0644\u062a\u0648\u0627\u0635\u0644 \u0627\u0644\u0645\u0633\u062a\u062f\u0627\u0645<\/a><\/p>\n<\/p>\n<p><strong>\u0625\u062e\u0644\u0627\u0621 \u0627\u0644\u0645\u0633\u0624\u0648\u0644\u064a\u0629<\/strong><\/p>\n<p>\u0642\u0627\u0645\u062a \u0634\u0631\u0643\u0629 pro familia Hessen gGmbH \u0628\u062a\u062c\u0645\u064a\u0639 \u0645\u062d\u062a\u0648\u0649 \u0627\u0644\u0645\u0648\u0642\u0639 \u0627\u0644\u0625\u0644\u0643\u062a\u0631\u0648\u0646\u064a<a href=\"https:\/\/fgmhessen.de\" target=\"_blank\" rel=\"noopener\">https:\/\/fgmhessen.de<\/a>\u0628\u0627\u0644\u0639\u0646\u0627\u064a\u0629 \u0627\u0644\u0648\u0627\u062c\u0628\u0629.<\/p>\n<p>\u064a\u0646\u0637\u0628\u0642 \u0645\u0627 \u064a\u0644\u064a \u0639\u0644\u0649 \u062c\u0645\u064a\u0639 \u0627\u0644\u0631\u0648\u0627\u0628\u0637 \u0641\u064a \u062c\u0645\u064a\u0639 \u0635\u0641\u062d\u0627\u062a \u0627\u0644\u0645\u0648\u0642\u0639 \u0627\u0644\u0625\u0644\u0643\u062a\u0631\u0648\u0646\u064a:<\/p>\n<p>\u0644\u0627 \u062a\u062a\u062d\u0645\u0644 \u0634\u0631\u0643\u0629 pro familia Hessen gGmbH \u0627\u0644\u0645\u0633\u0624\u0648\u0644\u064a\u0629 \u0639\u0646 \u0627\u062d\u062a\u064a\u0627\u0637\u0627\u062a \u062d\u0645\u0627\u064a\u0629 \u0627\u0644\u0628\u064a\u0627\u0646\u0627\u062a \u0623\u0648 \u0645\u062d\u062a\u0648\u0649 \u0627\u0644\u0645\u0648\u0627\u0642\u0639 \u0627\u0644\u0625\u0644\u0643\u062a\u0631\u0648\u0646\u064a\u0629 \u0627\u0644\u0623\u062e\u0631\u0649 \u0648\u0644\u0627 \u062a\u062a\u0628\u0646\u0649 \u0647\u0630\u0627 \u0627\u0644\u0645\u062d\u062a\u0648\u0649 \u0628\u0627\u0639\u062a\u0628\u0627\u0631\u0647 \u062e\u0627\u0635\u064b\u0627 \u0628\u0647\u0627. \u0648\u0628\u0627\u0644\u062a\u0627\u0644\u064a\u060c \u0641\u0625\u0646 \u0627\u0644\u0645\u0633\u0624\u0648\u0644\u064a\u0629 \u0639\u0646 \u0627\u0644\u0645\u062d\u062a\u0648\u0649 \u0627\u0644\u0630\u064a \u064a\u0645\u0643\u0646 \u0627\u0644\u0648\u0635\u0648\u0644 \u0625\u0644\u064a\u0647 \u0639\u0628\u0631 \u0627\u0644\u0631\u0648\u0627\u0628\u0637 \u0639\u0644\u0649<a href=\"https:\/\/fgmhessen.de\" target=\"_blank\" rel=\"noopener\">https:\/\/fgmhessen.de<\/a>\u0645\u0633\u062a\u0628\u0639\u062f\u0629 \u0635\u0631\u0627\u062d\u0629\u064b. \u0644\u0627 \u062a\u062a\u062d\u0645\u0644 \u0634\u0631\u0643\u0629 pro familia Hessen gGmbH \u062a\u062d\u062a \u0623\u064a \u0638\u0631\u0641 \u0645\u0646 \u0627\u0644\u0638\u0631\u0648\u0641 \u0627\u0644\u0645\u0633\u0624\u0648\u0644\u064a\u0629 \u0639\u0646 \u0623\u064a \u0645\u062d\u062a\u0648\u0649 \u063a\u064a\u0631 \u0635\u062d\u064a\u062d \u0623\u0648 \u063a\u064a\u0631 \u0643\u0627\u0645\u0644 \u0623\u0648 \u0639\u0646 \u0623\u064a \u0636\u0631\u0631 \u0644\u0627\u062d\u0642 \u0645\u0646 \u0623\u064a \u0646\u0648\u0639 \u064a\u0646\u0634\u0623 \u0641\u064a\u0645\u0627 \u064a\u062a\u0639\u0644\u0642 \u0628\u0627\u0633\u062a\u062e\u062f\u0627\u0645 \u0627\u0644\u0631\u0648\u0627\u0628\u0637 \u0648\u0627\u0644\u0645\u0639\u0644\u0648\u0645\u0627\u062a \u0627\u0644\u0645\u0642\u062f\u0645\u0629 \u0639\u0644\u0649 \u0627\u0644\u0645\u0648\u0642\u0639 \u0627\u0644\u0625\u0644\u0643\u062a\u0631\u0648\u0646\u064a<a href=\"https:\/\/fgmhessen.de\" target=\"_blank\" rel=\"noopener\">https:\/\/fgmhessen.de.<\/a> \u064a\u062a\u062d\u0645\u0644 \u0627\u0644\u0645\u0633\u0624\u0648\u0644\u064a\u0629 \u0641\u0642\u0637 \u0645\u0632\u0648\u062f \u0627\u0644\u0635\u0641\u062d\u0629 \u0627\u0644\u0645\u0631\u062a\u0628\u0637\u0629.<\/p>\n<\/p>\n<p><strong>\u062d\u0645\u0627\u064a\u0629 \u0627\u0644\u0628\u064a\u0627\u0646\u0627\u062a<\/strong><\/p>\n<p>\u064a\u0645\u0643\u0646\u0643 \u0627\u0644\u0639\u062b\u0648\u0631 \u0639\u0644\u0649 \u0633\u064a\u0627\u0633\u0629 \u0627\u0644\u062e\u0635\u0648\u0635\u064a\u0629 \u0627\u0644\u062e\u0627\u0635\u0629 \u0628\u0646\u0627<a href=\"https:\/\/fgmhesse.com\/datenschutz\/\">\u0647\u0646\u0627.<\/a><\/p>\n\t\t\t\t\t\t\t\t<\/div>\n\t\t\t\t<\/div>\n\t\t\t\t\t<\/div>\n\t\t<\/div>\n\t\t\t\t\t<\/div>\n\t\t<\/section>\n\t\t\t\t<\/div>\n\t\t","protected":false},"excerpt":{"rendered":"<p>\u00d8\u00a8\u00d8\u00b5\u00d9\u2026\u00d8\u00a9 \u00d8\u00a7\u00d9\u201e\u00d8\u00a8\u00d8\u00b5\u00d9\u2026\u00d8\u00a9 \u00d9\u02c6\u00d9\u0081\u00d9\u201a\u00d9\u2039\u00d8\u00a7 \u00d9\u201e\u00d9\u201e\u00d9\u0081\u00d9\u201a\u00d8\u00b1\u00d8\u00a9 5 \u00d9\u2026\u00d9\u2020 \u00d9\u201a\u00d8\u00a7\u00d9\u2020\u00d9\u02c6\u00d9\u2020 \u00d8\u00a7\u00d9\u201e\u00d8\u00a8\u00d8\u00b5\u00d9\u2026\u00d8\u00a7\u00d8\u00aa: \u00d8\u00a7\u00d9\u201e\u00d9\u2026\u00d9\u2026\u00d8\u00ab\u00d9\u201e\u00d9\u02c6\u00d9\u2020 \u00d8\u00a7\u00d9\u201e\u00d9\u2026\u00d8\u00b9\u00d8\u00aa\u00d9\u2026\u00d8\u00af\u00d9\u02c6\u00d9\u2020 \u00d9\u2021\u00d8\u00a7\u00d9\u0160\u00d9\u0192\u00d9\u2021 \u00d8\u00a8\u00d9\u0160\u00d9\u2020\u00d9\u0160 (\u00d8\u00a7\u00d9\u201e\u00d8\u00a5\u00d8\u00af\u00d8\u00a7\u00d8\u00b1\u00d8\u00a9) pro familia Hessen gGmbH \u00d8\u00a8\u00d8\u00a7\u00d9\u201e\u00d9\u2026\u00d9\u0160\u00d9\u2020\u00d8\u00ac\u00d8\u00a7\u00d8\u00b1\u00d8\u00aa\u00d9\u2020\u00d8\u00b4\u00d8\u00aa\u00d8\u00b1\u00d8\u00a7\u00d8\u00b3\u00d9\u2021 14 60325 \u00d9\u0081\u00d8\u00b1\u00d8\u00a7\u00d9\u2020\u00d9\u0192\u00d9\u0081\u00d9\u02c6\u00d8\u00b1\u00d8\u00aa\/\u00d9\u2026\u00d8\u00a7\u00d9\u0160\u00d9\u2020 \u00d8\u00aa\u00d9\u201e\u00d9\u0160\u00d9\u0081\u00d9\u02c6\u00d9\u2020 069-447061 \u00d8\u00a7\u00d9\u201e\u00d8\u00a8\u00d8\u00b1\u00d9\u0160\u00d8\u00af \u00d8\u00a7\u00d9\u201e\u00d8\u00a5\u00d9\u201e\u00d9\u0192\u00d8\u00aa\u00d8\u00b1\u00d9\u02c6\u00d9\u2020\u00d9\u0160 info.hessen@profamilia.de \u00d8\u00b4\u00d8\u00b1\u00d9\u0192\u00d8\u00a9 \u00d8\u00a8\u00d8\u00b1\u00d9\u02c6 \u00d9\u0081\u00d8\u00a7\u00d9\u2026\u00d9\u0160\u00d9\u201e\u00d9\u0160\u00d8\u00a7 \u00d9\u2021\u00d9\u0160\u00d8\u00b3\u00d9\u2020 (pro familia Hessen gGmbH) \u00d8\u00a7\u00d9\u201e\u00d9\u2026\u00d8\u00af\u00d9\u0160\u00d8\u00b1 \u00d8\u00a7\u00d9\u201e\u00d8\u00a5\u00d8\u00af\u00d8\u00a7\u00d8\u00b1\u00d9\u0160 \u00d9\u2021\u00d8\u00a7\u00d9\u0160\u00d9\u0192\u00d9\u2021 \u00d8\u00a8\u00d9\u0160\u00d9\u2020\u00d9\u0160 \u00d8\u00a7\u00d9\u201e\u00d9\u2026\u00d8\u00ad\u00d9\u0192\u00d9\u2026\u00d8\u00a9 \u00d8\u00a7\u00d9\u201e\u00d9\u2026\u00d8\u00ad\u00d9\u201e\u00d9\u0160\u00d8\u00a9 \u00d9\u0081\u00d9\u0160 \u00d9\u0081\u00d8\u00b1\u00d8\u00a7\u00d9\u2020\u00d9\u0192\u00d9\u0081\u00d9\u02c6\u00d8\u00b1\u00d8\u00aa HRB 125784 \u00d8\u00b3\u00d8\u00a7\u00d8\u00b9\u00d8\u00a7\u00d8\u00aa \u00d8\u00a7\u00d9\u201e\u00d8\u00b9\u00d9\u2026\u00d9\u201e: \u00d9\u2026\u00d9\u2020 \u00d8\u00a7\u00d9\u201e\u00d8\u00a7\u00d8\u00ab\u00d9\u2020\u00d9\u0160\u00d9\u2020 \u00d8\u00a5\u00d9\u201e\u00d9\u2030 \u00d8\u00a7\u00d9\u201e\u00d8\u00ac\u00d9\u2026\u00d8\u00b9\u00d8\u00a9 \u00d9\u2026\u00d9\u2020 9:30 \u00d8\u00b5\u00d8\u00a8\u00d8\u00a7\u00d8\u00ad\u00d8\u00a7\u00d9\u2039 \u00d8\u00a5\u00d9\u201e\u00d9\u2030 1:30 [&hellip;]<\/p>\n","protected":false},"author":1,"featured_media":0,"parent":0,"menu_order":9,"comment_status":"closed","ping_status":"closed","template":"elementor_header_footer","meta":{"footnotes":""},"class_list":["post-4856","page","type-page","status-publish","hentry"],"_links":{"self":[{"href":"https:\/\/fgmhesse.com\/ar\/wp-json\/wp\/v2\/pages\/4856","targetHints":{"allow":["GET"]}}],"collection":[{"href":"https:\/\/fgmhesse.com\/ar\/wp-json\/wp\/v2\/pages"}],"about":[{"href":"https:\/\/fgmhesse.com\/ar\/wp-json\/wp\/v2\/types\/page"}],"author":[{"embeddable":true,"href":"https:\/\/fgmhesse.com\/ar\/wp-json\/wp\/v2\/users\/1"}],"replies":[{"embeddable":true,"href":"https:\/\/fgmhesse.com\/ar\/wp-json\/wp\/v2\/comments?post=4856"}],"version-history":[{"count":2,"href":"https:\/\/fgmhesse.com\/ar\/wp-json\/wp\/v2\/pages\/4856\/revisions"}],"predecessor-version":[{"id":5624,"href":"https:\/\/fgmhesse.com\/ar\/wp-json\/wp\/v2\/pages\/4856\/revisions\/5624"}],"wp:attachment":[{"href":"https:\/\/fgmhesse.com\/ar\/wp-json\/wp\/v2\/media?parent=4856"}],"curies":[{"name":"wp","href":"https:\/\/api.w.org\/{rel}","templated":true}]}}