{"id":4862,"date":"2020-06-16T14:13:01","date_gmt":"2020-06-16T14:13:01","guid":{"rendered":"https:\/\/fgmhesse.wp-profi-service.de\/%d8%a7%d9%84%d8%a8%d8%af%d8%a1-%d8%b9%d8%a7%d8%ac%d9%84\/%d8%ae%d8%aa%d8%a7%d9%86-%d8%a7%d9%84%d8%a5%d9%86%d8%a7%d8%ab-%d9%85%d8%a7-%d9%87%d9%88%d8%9f\/"},"modified":"2024-10-01T20:05:29","modified_gmt":"2024-10-01T20:05:29","slug":"%d8%ae%d8%aa%d8%a7%d9%86-%d8%a7%d9%84%d8%a5%d9%86%d8%a7%d8%ab-%d9%85%d8%a7-%d9%87%d9%88%d8%9f","status":"publish","type":"page","link":"https:\/\/fgmhesse.com\/ar\/%d8%ae%d8%aa%d8%a7%d9%86-%d8%a7%d9%84%d8%a5%d9%86%d8%a7%d8%ab-%d9%85%d8%a7-%d9%87%d9%88%d8%9f\/","title":{"rendered":"\u0645\u0627\u0630\u0627 \u064a\u0639\u0646\u064a \u062a\u0634\u0648\u064a\u0647 \u0627\u0644\u0623\u0639\u0636\u0627\u0621 \u0627\u0644\u062a\u0646\u0627\u0633\u0644\u064a\u0629 \u0644\u062f\u0649 \u0627\u0644\u0625\u0646\u0627\u062b \u0623\u0648 \u062e\u062a\u0627\u0646 \u0627\u0644\u0625\u0646\u0627\u062b\u061f"},"content":{"rendered":"\t\t<div data-elementor-type=\"wp-page\" data-elementor-id=\"4862\" class=\"elementor elementor-4862 elementor-16\" data-elementor-post-type=\"page\">\n\t\t\t\t\t\t<section class=\"elementor-section elementor-top-section elementor-element elementor-element-0676920 elementor-section-height-min-height elementor-section-boxed elementor-section-height-default elementor-section-items-middle\" data-id=\"0676920\" data-element_type=\"section\" data-e-type=\"section\" data-settings=\"{&quot;background_background&quot;:&quot;classic&quot;}\">\n\t\t\t\t\t\t\t<div class=\"elementor-background-overlay\"><\/div>\n\t\t\t\t\t\t\t<div class=\"elementor-container elementor-column-gap-default\">\n\t\t\t\t\t<div class=\"elementor-column elementor-col-66 elementor-top-column elementor-element elementor-element-f8f79fe\" data-id=\"f8f79fe\" data-element_type=\"column\" data-e-type=\"column\">\n\t\t\t<div class=\"elementor-widget-wrap elementor-element-populated\">\n\t\t\t\t\t\t<div class=\"elementor-element elementor-element-9c9e44c elementor-widget elementor-widget-heading\" data-id=\"9c9e44c\" data-element_type=\"widget\" data-e-type=\"widget\" data-widget_type=\"heading.default\">\n\t\t\t\t<div class=\"elementor-widget-container\">\n\t\t\t\t\t<h1 class=\"elementor-heading-title elementor-size-default\">\u0645\u0627\u0630\u0627 \u064a\u0639\u0646\u064a \u062a\u0634\u0648\u064a\u0647 \u0627\u0644\u0623\u0639\u0636\u0627\u0621 \u0627\u0644\u062a\u0646\u0627\u0633\u0644\u064a\u0629 \u0644\u062f\u0649 \u0627\u0644\u0625\u0646\u0627\u062b \u0623\u0648 \u062e\u062a\u0627\u0646 \u0627\u0644\u0625\u0646\u0627\u062b\u061f<\/h1>\t\t\t\t<\/div>\n\t\t\t\t<\/div>\n\t\t\t\t<div class=\"elementor-element elementor-element-a0a5098 elementor-widget elementor-widget-text-editor\" data-id=\"a0a5098\" data-element_type=\"widget\" data-e-type=\"widget\" data-widget_type=\"text-editor.default\">\n\t\t\t\t<div class=\"elementor-widget-container\">\n\t\t\t\t\t\t\t\t\t<p>\u0639\u0646\u062f \u062e\u062a\u0627\u0646 \u0627\u0644\u0625\u0646\u0627\u062b \u062a\u062a\u0645 \u0625\u0632\u0627\u0644\u0629 \u0627\u0644\u0628\u0638\u0631 \u0648\u0627\u0644\u0634\u0641\u0631\u064a\u0646 \u0627\u0644\u0643\u0628\u064a\u0631\u064a\u0646 \u0648\u0627\u0644\u0635\u063a\u064a\u0631\u064a\u0646 \u0643\u0644\u064a\u0627\u064b \u0623\u0648 \u062c\u0632\u0626\u064a\u0627\u064b<\/p>\n\t\t\t\t\t\t\t\t<\/div>\n\t\t\t\t<\/div>\n\t\t\t\t\t<\/div>\n\t\t<\/div>\n\t\t\t\t<div class=\"elementor-column elementor-col-33 elementor-top-column elementor-element elementor-element-6b19baa\" data-id=\"6b19baa\" data-element_type=\"column\" data-e-type=\"column\">\n\t\t\t<div class=\"elementor-widget-wrap\">\n\t\t\t\t\t\t\t<\/div>\n\t\t<\/div>\n\t\t\t\t\t<\/div>\n\t\t<\/section>\n\t\t\t\t<section class=\"elementor-section elementor-top-section elementor-element elementor-element-0ef824f elementor-section-boxed elementor-section-height-default elementor-section-height-default\" data-id=\"0ef824f\" data-element_type=\"section\" data-e-type=\"section\">\n\t\t\t\t\t\t<div class=\"elementor-container elementor-column-gap-default\">\n\t\t\t\t\t<div class=\"elementor-column elementor-col-50 elementor-top-column elementor-element elementor-element-efc7bcb\" data-id=\"efc7bcb\" data-element_type=\"column\" data-e-type=\"column\">\n\t\t\t<div class=\"elementor-widget-wrap elementor-element-populated\">\n\t\t\t\t\t\t<div class=\"elementor-element elementor-element-dc2e2a7 elementor-widget elementor-widget-heading\" data-id=\"dc2e2a7\" data-element_type=\"widget\" data-e-type=\"widget\" data-widget_type=\"heading.default\">\n\t\t\t\t<div class=\"elementor-widget-container\">\n\t\t\t\t\t<h4 class=\"elementor-heading-title elementor-size-default\">\u0647\u0646\u0627\u0643 \u0623\u0631\u0628\u0639 \u0623\u0646\u0645\u0627\u0637 \u0645\u0646 \u062e\u062a\u0627\u0646 \u0627\u0644\u0625\u0646\u0627\u062b<\/h4>\t\t\t\t<\/div>\n\t\t\t\t<\/div>\n\t\t\t\t<div class=\"elementor-element elementor-element-b3500a5 elementor-widget elementor-widget-text-editor\" data-id=\"b3500a5\" data-element_type=\"widget\" data-e-type=\"widget\" data-widget_type=\"text-editor.default\">\n\t\t\t\t<div class=\"elementor-widget-container\">\n\t\t\t\t\t\t\t\t\t<p>\u0627\u0644\u0646\u0645\u0637 \u0627\u0644\u0623\u0648\u0644 I:\u00a0 \u0648\u0647\u0648 \u0625\u0632\u0627\u0644\u0629 \u063a\u0637\u0627\u0621 <a href=\"https:\/\/fgmhesse.com\/ar\/%d8%a7%d9%84%d9%85%d8%b9%d8%ac%d9%85\/\"><strong>\u0627\u0644\u0628\u0638\u0631<\/strong> <\/a>\u0643\u0644\u064a\u0627\u064b \u0623\u0648 \u062c\u0632\u0626\u064a\u0627\u064b<\/p>\n\t\t\t\t\t\t\t\t<\/div>\n\t\t\t\t<\/div>\n\t\t\t\t<div class=\"elementor-element elementor-element-638dd98 elementor-widget elementor-widget-text-editor\" data-id=\"638dd98\" data-element_type=\"widget\" data-e-type=\"widget\" data-widget_type=\"text-editor.default\">\n\t\t\t\t<div class=\"elementor-widget-container\">\n\t\t\t\t\t\t\t\t\t<p>\u0627\u0644\u0646\u0645\u0637 \u0627\u0644\u062b\u0627\u0646\u064a II: \u0625\u0632\u0627\u0644\u0629 \u0643\u0644\u064a\u0629 \u0623\u0648 \u062c\u0632\u0626\u064a\u0629 <a href=\"https:\/\/fgmhesse.com\/ar\/%d8%a7%d9%84%d9%85%d8%b9%d8%ac%d9%85\/\">\u0644\u0644\u0634\u0641\u0631\u064a\u0646<\/a> \u0627\u0644\u0635\u063a\u064a\u0631\u064a\u0646 \u0648<a href=\"https:\/\/fgmhesse.com\/ar\/%d8%a7%d9%84%d9%85%d8%b9%d8%ac%d9%85\/\">\u0627\u0644\u0628\u0638\u0631<\/a><\/p>\n\t\t\t\t\t\t\t\t<\/div>\n\t\t\t\t<\/div>\n\t\t\t\t<div class=\"elementor-element elementor-element-28b8f90 elementor-widget elementor-widget-text-editor\" data-id=\"28b8f90\" data-element_type=\"widget\" data-e-type=\"widget\" data-widget_type=\"text-editor.default\">\n\t\t\t\t<div class=\"elementor-widget-container\">\n\t\t\t\t\t\t\t\t\t<p>\u0627\u0644\u0646\u0645\u0637 \u0627\u0644\u062b\u0627\u0644\u062b III: \u0647\u0648 \u0645\u0627 \u064a\u064f\u0639\u0631\u0641 \u0628\u0627\u0644\u062e\u062a\u0627\u0646 \u0627\u0644\u0641\u0631\u0639\u0648\u0646\u064a \u062d\u064a\u062b \u064a\u062a\u0645 \u062a\u0636\u064a\u064a\u0642 \u0641\u062a\u062d\u0629 \u0627<a href=\"https:\/\/fgmhesse.com\/ar\/%d8%a7%d9%84%d9%85%d8%b9%d8%ac%d9%85\/\">\u0644\u0645\u0647\u0628\u0644<\/a> \u0645\u0646 \u062e\u0644\u0627\u0644 \u0627\u0633\u062a\u0626\u0635\u0627\u0644 \u0648\u062a\u062e\u064a\u064a\u0637 \u0627\u0644\u0634\u0641\u0631\u0627\u0646 \u0627\u0644\u0643\u0628\u064a\u0631\u0627\u0646 \u0645\u0639 \u0623\u0648 \u0628\u062f\u0648\u0646 \u0627\u0633\u062a\u0626\u0635\u0627\u0644 <a href=\"https:\/\/fgmhesse.com\/ar\/%d8%a7%d9%84%d9%85%d8%b9%d8%ac%d9%85\/\">\u0627\u0644\u0628\u0638\u0631<\/a>.<\/p>\n\t\t\t\t\t\t\t\t<\/div>\n\t\t\t\t<\/div>\n\t\t\t\t<div class=\"elementor-element elementor-element-9b5db43 elementor-widget elementor-widget-text-editor\" data-id=\"9b5db43\" data-element_type=\"widget\" data-e-type=\"widget\" data-widget_type=\"text-editor.default\">\n\t\t\t\t<div class=\"elementor-widget-container\">\n\t\t\t\t\t\t\t\t\t<p>\u0627\u0644\u0646\u0645\u0637 \u0627\u0644\u0631\u0627\u0628\u0639 IV : \u062c\u0645\u064a\u0639 \u0627\u0644\u0625\u062c\u0631\u0627\u0621\u0627\u062a \u0627\u0644\u0623\u064f\u062e\u0631\u0649 \u0627\u0644\u0636\u0627\u0631\u064e\u0651\u0629 \u0628\u0627\u0644\u0623\u0639\u0636\u0627\u0621 \u0627\u0644\u062a\u0646\u0627\u0633\u064f\u0644\u064a\u064e\u0651\u0629 \u0627\u0644\u0623\u064f\u0646\u062b\u0648\u064a\u064e\u0651\u0629 \u0643\u0627\u0644\u0643\u064a \u0648\u0627\u0644\u0648\u062e\u0632 \u0648\u0627\u0644\u0634\u0642 \u0648\u0627\u0644\u062b\u0642\u0628 \u0648\u063a\u064a\u0631\u0647\u0627.<\/p>\n\t\t\t\t\t\t\t\t<\/div>\n\t\t\t\t<\/div>\n\t\t\t\t<div class=\"elementor-element elementor-element-17f1835 elementor-widget elementor-widget-button\" data-id=\"17f1835\" data-element_type=\"widget\" data-e-type=\"widget\" data-widget_type=\"button.default\">\n\t\t\t\t<div class=\"elementor-widget-container\">\n\t\t\t\t\t\t\t\t\t<div class=\"elementor-button-wrapper\">\n\t\t\t\t\t<a class=\"elementor-button elementor-button-link elementor-size-xs\" href=\"http:\/\/www.zanzu.de\/de\/koerper\/koerper-der-frau\/weibliche-genitalverstuemmelung\" target=\"_blank\" rel=\"noopener\">\n\t\t\t\t\t\t<span class=\"elementor-button-content-wrapper\">\n\t\t\t\t\t\t\t\t\t<span class=\"elementor-button-text\">\u0647\u0646\u0627 \u062a\u0634\u0627\u0647\u062f\u0648\u0646 \u0628\u0639\u0636 \u0627\u0644\u0635\u0648\u0631<\/span>\n\t\t\t\t\t<\/span>\n\t\t\t\t\t<\/a>\n\t\t\t\t<\/div>\n\t\t\t\t\t\t\t\t<\/div>\n\t\t\t\t<\/div>\n\t\t\t\t\t<\/div>\n\t\t<\/div>\n\t\t\t\t<div class=\"elementor-column elementor-col-50 elementor-top-column elementor-element elementor-element-5340cf7\" data-id=\"5340cf7\" data-element_type=\"column\" data-e-type=\"column\">\n\t\t\t<div class=\"elementor-widget-wrap\">\n\t\t\t\t\t\t\t<\/div>\n\t\t<\/div>\n\t\t\t\t\t<\/div>\n\t\t<\/section>\n\t\t\t\t<section class=\"elementor-section elementor-top-section elementor-element elementor-element-49e61e3 elementor-section-boxed elementor-section-height-default elementor-section-height-default\" data-id=\"49e61e3\" data-element_type=\"section\" data-e-type=\"section\">\n\t\t\t\t\t\t<div class=\"elementor-container elementor-column-gap-default\">\n\t\t\t\t\t<div class=\"elementor-column elementor-col-50 elementor-top-column elementor-element elementor-element-687dc42\" data-id=\"687dc42\" data-element_type=\"column\" data-e-type=\"column\">\n\t\t\t<div class=\"elementor-widget-wrap elementor-element-populated\">\n\t\t\t\t\t\t<div class=\"elementor-element elementor-element-435660c elementor-widget elementor-widget-image\" data-id=\"435660c\" data-element_type=\"widget\" data-e-type=\"widget\" data-widget_type=\"image.default\">\n\t\t\t\t<div class=\"elementor-widget-container\">\n\t\t\t\t\t\t\t\t\t\t\t\t\t\t\t<img fetchpriority=\"high\" decoding=\"async\" width=\"700\" height=\"774\" src=\"https:\/\/fgmhesse.com\/wp-content\/uploads\/2024\/01\/paragraph.png\" class=\"attachment-full size-full wp-image-4649\" alt=\"\" srcset=\"https:\/\/fgmhesse.com\/wp-content\/uploads\/2024\/01\/paragraph.png 700w, https:\/\/fgmhesse.com\/wp-content\/uploads\/2024\/01\/paragraph-271x300.png 271w\" sizes=\"(max-width: 700px) 100vw, 700px\" \/>\t\t\t\t\t\t\t\t\t\t\t\t\t\t\t<\/div>\n\t\t\t\t<\/div>\n\t\t\t\t\t<\/div>\n\t\t<\/div>\n\t\t\t\t<div class=\"elementor-column elementor-col-50 elementor-top-column elementor-element elementor-element-6f464a8\" data-id=\"6f464a8\" data-element_type=\"column\" data-e-type=\"column\">\n\t\t\t<div class=\"elementor-widget-wrap elementor-element-populated\">\n\t\t\t\t\t\t<div class=\"elementor-element elementor-element-807104c elementor-widget elementor-widget-text-editor\" data-id=\"807104c\" data-element_type=\"widget\" data-e-type=\"widget\" data-widget_type=\"text-editor.default\">\n\t\t\t\t<div class=\"elementor-widget-container\">\n\t\t\t\t\t\t\t\t\t<p>\u064a\u062e\u062a\u0644\u0641 \u062e\u062a\u0627\u0646 \u0627\u0644\u0625\u0646\u0627\u062b \u062d\u0633\u0628 \u0627\u0644\u0628\u0644\u062f \u0648\u0627\u0644\u0645\u0646\u0637\u0642\u0629 \u0648\u0627\u0644\u0633\u0643\u0627\u0646 \u0648\u0623\u062d\u064a\u0627\u0646\u0627\u064b \u062a\u062a\u063a\u064a\u0631 \u0637\u0631\u064a\u0642\u0629 \u0627\u0644\u062e\u062a\u0627\u0646 \u0628\u0645\u0631\u0648\u0631 \u0627\u0644\u0648\u0642\u062a. \u0625\u0644\u0627 \u0623\u0646\u0647 \u0645\u0646 \u0627\u0644\u0645\u0624\u0643\u062f \u0623\u0646 \u062c\u0645\u064a\u0639 \u0637\u0631\u0642 \u0627\u0644\u062e\u062a\u0627\u0646 \u0644\u0647\u0627 \u062a\u0623\u062b\u064a\u0631 \u0633\u0644\u0628\u064a \u0639\u0644\u0649 \u0635\u062d\u0629 \u0627\u0644\u0641\u062a\u064a\u0627\u062a \u0648\u0627\u0644\u0633\u064a\u062f\u0627\u062a \u0648\u062a\u0646\u062a\u0647\u0643 \u062d\u0642\u0648\u0642\u0647\u0646 \u0628\u0633\u0644\u0627\u0645\u0629 \u0623\u062c\u0633\u0627\u0645\u0647\u0646. \u0648\u0647\u0630\u0627 \u064a\u0639\u0646\u064a \u0623\u0646\u0647 \u0643\u0644 \u0627\u0646\u062b\u0649 \u0644\u062f\u064a\u0647\u0627 \u0627\u0644\u062d\u0642 \u0628\u0627\u0644\u062a\u0635\u0631\u0641 \u0628\u062c\u0633\u062f\u0647\u0627 \u0623\u0648 \u0628\u0627\u0644\u0633\u0645\u0627\u062d \u0628\u0630\u0644\u0643.<\/p>\n<p>\u062a\u062e\u062a\u0644\u0641 \u0623\u0639\u0645\u0627\u0631 \u0627\u0644\u0641\u062a\u064a\u0627\u062a \u0644\u062f\u0649 \u0625\u062c\u0631\u0627\u0621 \u0627\u0644\u062e\u062a\u0627\u0646. \u0647\u0646\u0627\u0643 \u0645\u062c\u062a\u0645\u0639\u0627\u062a \u062a\u0642\u0648\u0645 \u0628\u0630\u0644\u0643 \u0641\u064a \u0627\u0644\u0623\u0634\u0647\u0631 \u0627\u0644\u0623\u0648\u0644\u0649 \u0645\u0646 \u0639\u0645\u0631 \u0627\u0644\u0641\u062a\u0627\u0629 \u0648\u0645\u062c\u062a\u0645\u0639\u0627\u062a \u0623\u062e\u0631\u0649 \u0639\u0646\u062f \u0628\u0644\u0648\u063a\u0647\u0627 \u0633\u0646 \u0627\u0644\u0633\u0627\u0628\u0639\u0629 \u0623\u0648 \u0627\u0644\u062b\u0627\u0645\u0646\u0629 \u0623\u0648 \u0642\u0628\u0644 \u0645\u0631\u062d\u0644\u0629 \u0627\u0644\u0645\u0631\u0627\u0647\u0642\u0629.<\/p>\n<p>\u062e\u062a\u0627\u0646 \u0627\u0644\u0641\u062a\u064a\u0627\u062a \u064a\u0633\u0645\u0649 \u0623\u064a\u0636\u0627\u064b <a href=\"https:\/\/fgmhesse.com\/ar\/%d8%a7%d9%84%d9%85%d8%b9%d8%ac%d9%85\/\">\u062a\u0634\u0648\u064a\u0647 \u0627\u0644\u0623\u0639\u0636\u0627\u0621 \u0627\u0644\u062a\u0646\u0627\u0633\u0644\u064a\u0629<\/a> \u0644\u0644\u0625\u0646\u0627\u062b \u0648\u0647\u0648 \u0627\u0646\u062a\u0647\u0627\u0643 \u0644\u062d\u0642\u0648\u0642 \u0627\u0644\u0625\u0646\u0633\u0627\u0646 \u0648\u064a\u0636\u0631 \u0628\u0635\u062d\u0629 \u0648\u0631\u0627\u062d\u0629 \u0627\u0644\u0641\u062a\u064a\u0627\u062a \u0648\u0627\u0644\u0633\u064a\u062f\u0627\u062a. \u0625\u0646 \u062d\u0642\u0648\u0642 \u0627\u0644\u0625\u0646\u0633\u0627\u0646 \u062a\u0633\u0631\u064a \u0639\u0644\u0649 \u062c\u0645\u064a\u0639 \u0627\u0644\u0628\u0634\u0631 \u0633\u0648\u0627\u0621 \u0645\u0646 \u0623\u0641\u0631\u064a\u0642\u064a\u0627 \u0623\u0648 \u0623\u0633\u062a\u0631\u0627\u0644\u064a\u0627 \u0623\u0648 \u0622\u0633\u064a\u0627 \u0623\u0648 \u0623\u0645\u064a\u0631\u0643\u0627 \u0623\u0648 \u0623\u0648\u0631\u0648\u0628\u0627 \u0648\u0633\u0648\u0627\u0621 \u0646\u0633\u0627\u0621 \u0623\u0648 \u0631\u062c\u0627\u0644 \u0623\u0648 \u0623\u0637\u0641\u0627\u0644 \u0645\u0647\u0645\u0627 \u0643\u0627\u0646\u062a \u0645\u0639\u062a\u0642\u062f\u0627\u062a\u0647\u0645\u060c \u0641\u0642\u064a\u0631 \u0623\u0648 \u063a\u0646\u064a. \u0625\u0646 \u0645\u0635\u0637\u0644\u062d &#8220;<a href=\"https:\/\/fgmhesse.com\/ar\/%d8%a7%d9%84%d9%85%d8%b9%d8%ac%d9%85\/\">\u062a\u0634\u0648\u064a\u0647<\/a>&#8221; \u062a\u0645\u062a \u0625\u0636\u0627\u0641\u062a\u0647 \u0645\u0646 \u0645\u0646\u0638\u0645\u0629 \u0627\u0644\u0635\u062d\u0629 \u0627\u0644\u0639\u0627\u0644\u0645\u064a\u0629 \u0648\u0646\u0633\u0627\u0621 \u0623\u0641\u0631\u064a\u0642\u064a\u0627\u062a \u062a\u0639\u0645\u0644\u0646 \u0639\u0644\u0649 \u0627\u0644\u0642\u0636\u0627\u0621 \u0639\u0644\u0649 \u062e\u062a\u0627\u0646 \u0627\u0644\u0625\u0646\u0627\u062b. \u0623\u0645\u0627 \u0627\u0644\u0634\u0639\u0648\u0628 \u0627\u0644\u062a\u064a \u062a\u062c\u0631\u064a \u062e\u062a\u0627\u0646 \u0627\u0644\u0625\u0646\u0627\u062b \u0641\u0644\u0647\u0627 \u0645\u0635\u0637\u0644\u062d\u0627\u062a\u0647\u0627 \u0627\u0644\u062e\u0627\u0635\u0629.<\/p>\n\t\t\t\t\t\t\t\t<\/div>\n\t\t\t\t<\/div>\n\t\t\t\t<div class=\"elementor-element elementor-element-7b16099 elementor-widget elementor-widget-button\" data-id=\"7b16099\" data-element_type=\"widget\" data-e-type=\"widget\" data-widget_type=\"button.default\">\n\t\t\t\t<div class=\"elementor-widget-container\">\n\t\t\t\t\t\t\t\t\t<div class=\"elementor-button-wrapper\">\n\t\t\t\t\t<a class=\"elementor-button elementor-button-link elementor-size-xs\" href=\"https:\/\/fgmhesse.com\/dringendes\/lexikon\/\">\n\t\t\t\t\t\t<span class=\"elementor-button-content-wrapper\">\n\t\t\t\t\t\t\t\t\t<span class=\"elementor-button-text\">\u062a\u0648\u0636\u064a\u062d \u0645\u0639\u0627\u0646\u064a \u0627\u0644\u0645\u0635\u0637\u0644\u062d\u0627\u062a<\/span>\n\t\t\t\t\t<\/span>\n\t\t\t\t\t<\/a>\n\t\t\t\t<\/div>\n\t\t\t\t\t\t\t\t<\/div>\n\t\t\t\t<\/div>\n\t\t\t\t\t<\/div>\n\t\t<\/div>\n\t\t\t\t\t<\/div>\n\t\t<\/section>\n\t\t\t\t<\/div>\n\t\t","protected":false},"excerpt":{"rendered":"<p>\u00d9\u2026\u00d8\u00a7\u00d8\u00b0\u00d8\u00a7 \u00d9\u0160\u00d8\u00b9\u00d9\u2020\u00d9\u0160 \u00d8\u00aa\u00d8\u00b4\u00d9\u02c6\u00d9\u0160\u00d9\u2021 \u00d8\u00a7\u00d9\u201e\u00d8\u00a3\u00d8\u00b9\u00d8\u00b6\u00d8\u00a7\u00d8\u00a1 \u00d8\u00a7\u00d9\u201e\u00d8\u00aa\u00d9\u2020\u00d8\u00a7\u00d8\u00b3\u00d9\u201e\u00d9\u0160\u00d8\u00a9 \u00d9\u201e\u00d8\u00af\u00d9\u2030 \u00d8\u00a7\u00d9\u201e\u00d8\u00a5\u00d9\u2020\u00d8\u00a7\u00d8\u00ab \u00d8\u00a3\u00d9\u02c6 \u00d8\u00ae\u00d8\u00aa\u00d8\u00a7\u00d9\u2020 \u00d8\u00a7\u00d9\u201e\u00d8\u00a5\u00d9\u2020\u00d8\u00a7\u00d8\u00ab\u00d8\u0178 \u00d8\u00b9\u00d9\u2020\u00d8\u00af \u00d8\u00ae\u00d8\u00aa\u00d8\u00a7\u00d9\u2020 \u00d8\u00a7\u00d9\u201e\u00d8\u00a5\u00d9\u2020\u00d8\u00a7\u00d8\u00ab \u00d8\u00aa\u00d8\u00aa\u00d9\u2026 \u00d8\u00a5\u00d8\u00b2\u00d8\u00a7\u00d9\u201e\u00d8\u00a9 \u00d8\u00a7\u00d9\u201e\u00d8\u00a8\u00d8\u00b8\u00d8\u00b1 \u00d9\u02c6\u00d8\u00a7\u00d9\u201e\u00d8\u00b4\u00d9\u0081\u00d8\u00b1\u00d9\u0160\u00d9\u2020 \u00d8\u00a7\u00d9\u201e\u00d9\u0192\u00d8\u00a8\u00d9\u0160\u00d8\u00b1\u00d9\u0160\u00d9\u2020 \u00d9\u02c6\u00d8\u00a7\u00d9\u201e\u00d8\u00b5\u00d8\u00ba\u00d9\u0160\u00d8\u00b1\u00d9\u0160\u00d9\u2020 \u00d9\u0192\u00d9\u201e\u00d9\u0160\u00d8\u00a7\u00d9\u2039 \u00d8\u00a3\u00d9\u02c6 \u00d8\u00ac\u00d8\u00b2\u00d8\u00a6\u00d9\u0160\u00d8\u00a7\u00d9\u2039 \u00d9\u2021\u00d9\u2020\u00d8\u00a7\u00d9\u0192 \u00d8\u00a3\u00d8\u00b1\u00d8\u00a8\u00d8\u00b9 \u00d8\u00a3\u00d9\u2020\u00d9\u2026\u00d8\u00a7\u00d8\u00b7 \u00d9\u2026\u00d9\u2020 \u00d8\u00ae\u00d8\u00aa\u00d8\u00a7\u00d9\u2020 \u00d8\u00a7\u00d9\u201e\u00d8\u00a5\u00d9\u2020\u00d8\u00a7\u00d8\u00ab \u00d8\u00a7\u00d9\u201e\u00d9\u2020\u00d9\u2026\u00d8\u00b7 \u00d8\u00a7\u00d9\u201e\u00d8\u00a3\u00d9\u02c6\u00d9\u201e I:\u00c2\u00a0 \u00d9\u02c6\u00d9\u2021\u00d9\u02c6 \u00d8\u00a5\u00d8\u00b2\u00d8\u00a7\u00d9\u201e\u00d8\u00a9 \u00d8\u00ba\u00d8\u00b7\u00d8\u00a7\u00d8\u00a1 \u00d8\u00a7\u00d9\u201e\u00d8\u00a8\u00d8\u00b8\u00d8\u00b1 \u00d9\u0192\u00d9\u201e\u00d9\u0160\u00d8\u00a7\u00d9\u2039 \u00d8\u00a3\u00d9\u02c6 \u00d8\u00ac\u00d8\u00b2\u00d8\u00a6\u00d9\u0160\u00d8\u00a7\u00d9\u2039 \u00d8\u00a7\u00d9\u201e\u00d9\u2020\u00d9\u2026\u00d8\u00b7 \u00d8\u00a7\u00d9\u201e\u00d8\u00ab\u00d8\u00a7\u00d9\u2020\u00d9\u0160 II: \u00d8\u00a5\u00d8\u00b2\u00d8\u00a7\u00d9\u201e\u00d8\u00a9 \u00d9\u0192\u00d9\u201e\u00d9\u0160\u00d8\u00a9 \u00d8\u00a3\u00d9\u02c6 \u00d8\u00ac\u00d8\u00b2\u00d8\u00a6\u00d9\u0160\u00d8\u00a9 \u00d9\u201e\u00d9\u201e\u00d8\u00b4\u00d9\u0081\u00d8\u00b1\u00d9\u0160\u00d9\u2020 \u00d8\u00a7\u00d9\u201e\u00d8\u00b5\u00d8\u00ba\u00d9\u0160\u00d8\u00b1\u00d9\u0160\u00d9\u2020 \u00d9\u02c6\u00d8\u00a7\u00d9\u201e\u00d8\u00a8\u00d8\u00b8\u00d8\u00b1 \u00d8\u00a7\u00d9\u201e\u00d9\u2020\u00d9\u2026\u00d8\u00b7 \u00d8\u00a7\u00d9\u201e\u00d8\u00ab\u00d8\u00a7\u00d9\u201e\u00d8\u00ab III: \u00d9\u2021\u00d9\u02c6 \u00d9\u2026\u00d8\u00a7 \u00d9\u0160\u00d9\u008f\u00d8\u00b9\u00d8\u00b1\u00d9\u0081 \u00d8\u00a8\u00d8\u00a7\u00d9\u201e\u00d8\u00ae\u00d8\u00aa\u00d8\u00a7\u00d9\u2020 [&hellip;]<\/p>\n","protected":false},"author":1,"featured_media":0,"parent":0,"menu_order":0,"comment_status":"closed","ping_status":"closed","template":"elementor_header_footer","meta":{"footnotes":""},"class_list":["post-4862","page","type-page","status-publish","hentry"],"_links":{"self":[{"href":"https:\/\/fgmhesse.com\/ar\/wp-json\/wp\/v2\/pages\/4862","targetHints":{"allow":["GET"]}}],"collection":[{"href":"https:\/\/fgmhesse.com\/ar\/wp-json\/wp\/v2\/pages"}],"about":[{"href":"https:\/\/fgmhesse.com\/ar\/wp-json\/wp\/v2\/types\/page"}],"author":[{"embeddable":true,"href":"https:\/\/fgmhesse.com\/ar\/wp-json\/wp\/v2\/users\/1"}],"replies":[{"embeddable":true,"href":"https:\/\/fgmhesse.com\/ar\/wp-json\/wp\/v2\/comments?post=4862"}],"version-history":[{"count":5,"href":"https:\/\/fgmhesse.com\/ar\/wp-json\/wp\/v2\/pages\/4862\/revisions"}],"predecessor-version":[{"id":5613,"href":"https:\/\/fgmhesse.com\/ar\/wp-json\/wp\/v2\/pages\/4862\/revisions\/5613"}],"wp:attachment":[{"href":"https:\/\/fgmhesse.com\/ar\/wp-json\/wp\/v2\/media?parent=4862"}],"curies":[{"name":"wp","href":"https:\/\/api.w.org\/{rel}","templated":true}]}}