{"id":4871,"date":"2020-06-16T14:27:00","date_gmt":"2020-06-16T14:27:00","guid":{"rendered":"https:\/\/fgmhesse.wp-profi-service.de\/%d8%a7%d9%84%d8%a8%d8%af%d8%a1-%d8%b9%d8%a7%d8%ac%d9%84\/%d8%ae%d8%aa%d8%a7%d9%86-%d8%a7%d9%84%d8%a5%d9%86%d8%a7%d8%ab-%d9%85%d9%85%d9%86%d9%88%d8%b9\/"},"modified":"2024-10-01T20:06:50","modified_gmt":"2024-10-01T20:06:50","slug":"%d8%ae%d8%aa%d8%a7%d9%86-%d8%a7%d9%84%d8%a5%d9%86%d8%a7%d8%ab-%d9%85%d9%85%d9%86%d9%88%d8%b9","status":"publish","type":"page","link":"https:\/\/fgmhesse.com\/ar\/%d8%ae%d8%aa%d8%a7%d9%86-%d8%a7%d9%84%d8%a5%d9%86%d8%a7%d8%ab-%d9%85%d9%85%d9%86%d9%88%d8%b9\/","title":{"rendered":"\u062e\u062a\u0627\u0646 \u0627\u0644\u0625\u0646\u0627\u062b \u0645\u0645\u0646\u0648\u0639!"},"content":{"rendered":"\t\t<div data-elementor-type=\"wp-page\" data-elementor-id=\"4871\" class=\"elementor elementor-4871 elementor-28\" data-elementor-post-type=\"page\">\n\t\t\t\t\t\t<section class=\"elementor-section elementor-top-section elementor-element elementor-element-54ac917 elementor-section-height-min-height elementor-section-boxed elementor-section-height-default elementor-section-items-middle\" data-id=\"54ac917\" data-element_type=\"section\" data-e-type=\"section\" data-settings=\"{&quot;background_background&quot;:&quot;classic&quot;}\">\n\t\t\t\t\t\t\t<div class=\"elementor-background-overlay\"><\/div>\n\t\t\t\t\t\t\t<div class=\"elementor-container elementor-column-gap-default\">\n\t\t\t\t\t<div class=\"elementor-column elementor-col-66 elementor-top-column elementor-element elementor-element-b1a310f\" data-id=\"b1a310f\" data-element_type=\"column\" data-e-type=\"column\" data-settings=\"{&quot;background_background&quot;:&quot;classic&quot;}\">\n\t\t\t<div class=\"elementor-widget-wrap elementor-element-populated\">\n\t\t\t\t\t\t<div class=\"elementor-element elementor-element-aac18c9 elementor-widget elementor-widget-heading\" data-id=\"aac18c9\" data-element_type=\"widget\" data-e-type=\"widget\" data-widget_type=\"heading.default\">\n\t\t\t\t<div class=\"elementor-widget-container\">\n\t\t\t\t\t<h2 class=\"elementor-heading-title elementor-size-default\">\u062e\u062a\u0627\u0646 \u0627\u0644\u0625\u0646\u0627\u062b \u0645\u0645\u0646\u0648\u0639!<\/h2>\t\t\t\t<\/div>\n\t\t\t\t<\/div>\n\t\t\t\t\t<\/div>\n\t\t<\/div>\n\t\t\t\t<div class=\"elementor-column elementor-col-33 elementor-top-column elementor-element elementor-element-650ae0f\" data-id=\"650ae0f\" data-element_type=\"column\" data-e-type=\"column\">\n\t\t\t<div class=\"elementor-widget-wrap\">\n\t\t\t\t\t\t\t<\/div>\n\t\t<\/div>\n\t\t\t\t\t<\/div>\n\t\t<\/section>\n\t\t\t\t<section class=\"elementor-section elementor-top-section elementor-element elementor-element-12fed1a elementor-section-boxed elementor-section-height-default elementor-section-height-default\" data-id=\"12fed1a\" data-element_type=\"section\" data-e-type=\"section\">\n\t\t\t\t\t\t<div class=\"elementor-container elementor-column-gap-default\">\n\t\t\t\t\t<div class=\"elementor-column elementor-col-50 elementor-top-column elementor-element elementor-element-7e70db9\" data-id=\"7e70db9\" data-element_type=\"column\" data-e-type=\"column\">\n\t\t\t<div class=\"elementor-widget-wrap elementor-element-populated\">\n\t\t\t\t\t\t<div class=\"elementor-element elementor-element-ae9efd4 elementor-widget elementor-widget-text-editor\" data-id=\"ae9efd4\" data-element_type=\"widget\" data-e-type=\"widget\" data-widget_type=\"text-editor.default\">\n\t\t\t\t<div class=\"elementor-widget-container\">\n\t\t\t\t\t\t\t\t\t<p>\u0643\u0644 \u0645\u0646 \u064a\u0642\u0648\u0645 \u0628\u062e\u062a\u0627\u0646 \u0627\u0644\u0625\u0646\u0627\u062b \u064a\u0646\u062a\u0647\u0643 \u0628\u0630\u0644\u0643 \u062d\u0642\u0648\u0642 \u0627\u0644\u0627\u0646\u0633\u0627\u0646\u00a0 (\u062d\u0642\u0648\u0642 \u0627\u0644\u0627\u0646\u0633\u0627\u0646 \u062a\u0646\u0637\u0628\u0642 \u0639\u0644\u0649 \u062c\u0645\u064a\u0639 \u0627\u0644\u0628\u0634\u0631 \u0633\u0648\u0627\u0621 \u0641\u064a \u0623\u0641\u0631\u064a\u0642\u064a\u0627\u060c \u0623\u0633\u062a\u0631\u0627\u0644\u064a\u0627\u060c \u0622\u0633\u064a\u0627\u060c \u0623\u0645\u064a\u0631\u0643\u0627 \u0623\u0648 \u0623\u0648\u0631\u0648\u0628\u0627 \u0628\u063a\u0636 \u0627\u0644\u0646\u0638\u0631 \u0639\u0646 \u0627\u0644\u062c\u0646\u0633 \u0648\u0627\u0644\u0633\u0646 \u0648\u0627\u0644\u062f\u064a\u0646 \u0648\u0627\u0644\u062b\u0631\u0648\u0629)\u060c \u0644\u0627 \u0633\u064a\u0645\u0627 \u0627\u0644\u062d\u0642 \u0628\u0633\u0644\u0627\u0645\u0629 \u0627\u0644\u062c\u0633\u0645 (\u0648\u062d\u062f\u0643 \u0645\u0646 \u0644\u062f\u064a\u0647\u0627 \u0627\u0644\u062d\u0642 \u0628\u0627\u0644\u062a\u0635\u0631\u0641 \u0628\u062c\u0633\u062f\u0647\u0627 \u0623\u0648 \u0628\u0627\u0644\u0633\u0645\u0627\u062d \u0628\u0630\u0644\u0643) \u0648\u0627\u0644\u062d\u0642 \u0628\u0627\u0644\u062d\u0645\u0627\u064a\u0629 \u0645\u0646 \u0627\u0644\u0639\u0646\u0641 \u0636\u062f \u0627\u0644\u0645\u0631\u0623\u0629 \u0648\u0627\u0644\u0641\u062a\u064a\u0627\u062a.<\/p>\n<p>\u0645\u0646 \u0648\u0627\u062c\u0628 \u0627\u0644\u062f\u0648\u0644\u0629 \u062d\u0645\u0627\u064a\u0629 \u0627\u0644\u0641\u062a\u064a\u0627\u062a \u0648\u0627\u0644\u0633\u064a\u062f\u0627\u062a \u0645\u0646 \u0627\u0644\u062e\u062a\u0627\u0646 \u0648\u062a\u0634\u0648\u064a\u0647 \u0623\u0639\u0636\u0627\u0626\u0647\u0646 \u0627\u0644\u062a\u0646\u0627\u0633\u0644\u064a\u0629 \u0648\u062a\u0645\u062f \u0644\u0647\u0646 \u064a\u062f \u0627\u0644\u0645\u0633\u0627\u0639\u062f\u0629.<\/p>\n<p>\u064a\u0639\u062a\u0628\u0631 \u0623\u064a \u0646\u0648\u0639 \u0645\u0646 \u062e\u062a\u0627\u0646 \u0627\u0644\u0625\u0646\u0627\u062b \u0648\u062a\u0634\u0648\u064a\u0647 \u0623\u0639\u0636\u0627\u0626\u0647\u0646 \u0627\u0644\u062a\u0646\u0627\u0633\u0644\u064a\u0629 \u062c\u0631\u064a\u0645\u0629 \u0625\u0644\u062d\u0627\u0642 \u0623\u0630\u0649 \u062c\u0633\u062f\u064a \u0628\u0627\u0644\u063a \u064a\u0639\u0627\u0642\u0628 \u0639\u0644\u064a\u0647\u0627 \u0627\u0644\u0642\u0627\u0646\u0648\u0646 (<a href=\"https:\/\/www.gesetze-im-internet.de\/stgb\/__226a.html\" target=\"_blank\" rel=\"noopener\">\u0627\u0644\u0645\u0627\u062f\u0629 226 \u0623 \u0645\u0646 \u0642\u0627\u0646\u0648\u0646 \u0627\u0644\u0639\u0642\u0648\u0628\u0627\u062a \u0627\u0644\u0627\u062a\u062d\u0627\u062f\u064a<\/a>)<\/p>\n<p>&nbsp;<\/p>\n\t\t\t\t\t\t\t\t<\/div>\n\t\t\t\t<\/div>\n\t\t\t\t<div class=\"elementor-element elementor-element-22a12df elementor-widget elementor-widget-toggle\" data-id=\"22a12df\" data-element_type=\"widget\" data-e-type=\"widget\" data-widget_type=\"toggle.default\">\n\t\t\t\t<div class=\"elementor-widget-container\">\n\t\t\t\t\t\t\t<div class=\"elementor-toggle\">\n\t\t\t\t\t\t\t<div class=\"elementor-toggle-item\">\n\t\t\t\t\t<div id=\"elementor-tab-title-3631\" class=\"elementor-tab-title\" data-tab=\"1\" role=\"button\" aria-controls=\"elementor-tab-content-3631\" aria-expanded=\"false\">\n\t\t\t\t\t\t\t\t\t\t\t\t<span class=\"elementor-toggle-icon elementor-toggle-icon-right\" aria-hidden=\"true\">\n\t\t\t\t\t\t\t\t\t\t\t\t\t\t\t<span class=\"elementor-toggle-icon-closed\"><svg xmlns=\"http:\/\/www.w3.org\/2000\/svg\" height=\"24\" viewBox=\"0 -960 960 960\" width=\"24\"><path d=\"M480-345 240-585l56-56 184 184 184-184 56 56-240 240Z\"><\/path><\/svg><\/span>\n\t\t\t\t\t\t\t\t<span class=\"elementor-toggle-icon-opened\"><svg xmlns=\"http:\/\/www.w3.org\/2000\/svg\" height=\"24\" viewBox=\"0 -960 960 960\" width=\"24\"><path d=\"m296-345-56-56 240-240 240 240-56 56-184-184-184 184Z\"><\/path><\/svg><\/span>\n\t\t\t\t\t\t\t\t\t\t\t\t\t<\/span>\n\t\t\t\t\t\t\t\t\t\t\t\t<a class=\"elementor-toggle-title\" tabindex=\"0\">\u0642\u0631\u0627\u0621\u0629 \u0627\u0644\u0645\u0632\u064a\u062f<\/a>\n\t\t\t\t\t<\/div>\n\n\t\t\t\t\t<div id=\"elementor-tab-content-3631\" class=\"elementor-tab-content elementor-clearfix\" data-tab=\"1\" role=\"region\" aria-labelledby=\"elementor-tab-title-3631\"><p>\u0644\u0627 \u064a\u064f\u0639\u0627\u0642\u0628 \u0641\u0642\u0637 \u0623\u0648\u0644\u0626\u0643 \u0627\u0644\u0630\u064a\u0646 \u064a\u062c\u0631\u0648\u0646 \u0627\u0644\u062e\u062a\u0627\u0646\u060c \u0648\u0644\u0643\u0646 \u0623\u064a\u0636\u064b\u0627 \u0627\u0644\u0648\u0627\u0644\u062f\u064a\u0646 \u0623\u0648 \u0627\u0644\u0623\u0642\u0627\u0631\u0628 \u0627\u0644\u0630\u064a\u0646 \u064a\u0648\u0627\u0641\u0642\u0648\u0646 \u0639\u0644\u0649 \u062e\u062a\u0627\u0646 \u0627\u0644\u0625\u0646\u0627\u062b. \u064a\u062a\u0645 \u062e\u062a\u0627\u0646 \u0627\u0644\u0641\u062a\u064a\u0627\u062a \u0627\u0644\u0644\u0648\u0627\u062a\u064a \u064a\u0639\u0634\u0646 \u0641\u064a \u0623\u0648\u0631\u0648\u0628\u0627 \u0641\u064a \u0628\u0639\u0636 \u0627\u0644\u0623\u062d\u064a\u0627\u0646 \u062e\u0644\u0627\u0644 \u0627\u0644\u0639\u0637\u0644\u0627\u062a \u0641\u064a \u0628\u0644\u062f \u0627\u0644\u0648\u0627\u0644\u062f\u064a\u0646 \u0627\u0644\u0623\u0635\u0644\u064a \u0623\u0648 \u0641\u064a \u0625\u062d\u062f\u0649 \u0627\u0644\u062f\u0648\u0644 \u0627\u0644\u0645\u062c\u0627\u0648\u0631\u0629. \u0642\u062f \u064a\u0631\u063a\u0628 \u0623\u062d\u062f \u0623\u0641\u0631\u0627\u062f \u0627\u0644\u0623\u0633\u0631\u0629 \u0627\u0644\u0645\u0642\u0631\u0628\u064a\u0646 (\u0645\u062b\u0644 \u0627\u0644\u062c\u062f\u0629 \u0623\u0648 \u0627\u0644\u0639\u0645\u0629) \u0641\u064a \u062e\u062a\u0627\u0646\u0647\u0627. \u0643\u0645\u0627 \u064a\u0639\u0627\u0642\u0628 \u0643\u0644 \u0645\u0646 \u0623\u062c\u0631\u0649 \u0623\u0648 \u0623\u062a\u0627\u062d \u0627\u0644\u062e\u062a\u0627\u0646 \u0641\u064a \u0627\u0644\u062e\u0627\u0631\u062c. \u0645\u0646 \u064a\u062e\u0627\u0644\u0641 \u0647\u0630\u0647 \u0627\u0644\u0642\u0648\u0627\u0646\u064a\u0646 \u064a\u0639\u0631\u0636 \u0646\u0641\u0633\u0647 \u0644\u0639\u0642\u0648\u0628\u0629 \u0627\u0644\u0633\u062c\u0646 \u0627\u0644\u062a\u064a \u0642\u062f \u062a\u0635\u0644 \u0625\u0644\u0649 15 \u0633\u0646\u0629 \u0623\u0648 \u0642\u062f \u064a\u062e\u0633\u0631 \u0625\u0642\u0627\u0645\u062a\u0647 \u0648\u064a\u062a\u0645 \u062a\u0631\u062d\u064a\u0644\u0647 \u0645\u0646 \u0627\u0644\u0628\u0644\u0627\u062f. \u0648\u0647\u0630\u0627 \u064a\u0646\u0637\u0628\u0642 \u0639\u0644\u0649 \u062c\u0645\u064a\u0639 \u0623\u0646\u0645\u0627\u0637 \u0627\u0644\u062e\u062a\u0627\u0646.<br \/>\n\u0627\u0644\u0623\u0647\u0644 \u0645\u0633\u0624\u0648\u0644\u0648\u0646 \u0639\u0646 \u062d\u0645\u0627\u064a\u0629 \u0628\u0646\u0627\u062a\u0647\u0645. \u0627\u0646 \u0644\u0645 \u064a\u0643\u0648\u0646\u0648\u0627 \u0639\u0644\u0649 \u0642\u062f\u0631 \u0627\u0644\u0645\u0633\u0624\u0648\u0644\u064a\u0629 \u0641\u0633\u064a\u0623\u062a\u064a \u062f\u0648\u0631 \u0627\u0644\u062f\u0648\u0627\u0626\u0631 \u0627\u0644\u0645\u0639\u0646\u064a\u0629 \u0648\u0642\u062f \u064a\u062a\u0645 \u0633\u062d\u0628 \u062d\u0642 \u0627\u0644\u062d\u0636\u0627\u0646\u0629 \u0645\u0646\u0647\u0645\u060c \u0623\u064a \u0623\u0646 \u0645\u0624\u0633\u0633\u0627\u062a \u0627\u0644\u062f\u0648\u0644\u0629 \u0633\u0648\u0641 \u062a\u0633\u062d\u0628 \u0627\u0644\u0641\u062a\u0627\u0629 \u0645\u0646 \u0631\u0639\u0627\u064a\u0629 \u0648\u0627\u0644\u062f\u064a\u0647\u0627 \u0645\u0624\u0642\u062a\u0627\u064b \u0623\u0648 \u0625\u0644\u0649 \u0627\u0644\u0623\u0628\u062f.<br \/>\n\u064a\u062d\u0642 \u0644\u0644\u0641\u062a\u064a\u0627\u062a \u0648\u0627\u0644\u0633\u064a\u062f\u0627\u062a \u0627\u0644\u0644\u0627\u062a\u064a \u062a\u0639\u0631\u0636\u0646 \u0644\u0644\u062e\u062a\u0627\u0646 \u0627\u0644\u0645\u0637\u0627\u0644\u0628\u0629 \u0628\u062a\u0639\u0648\u064a\u0636\u0627\u062a \u0645\u0627\u0644\u064a\u0629 \u0645\u0646 \u0627\u0644\u0630\u064a\u0646 \u0642\u0627\u0645\u0648\u0627 \u064a\u062e\u062a\u0627\u0646\u0647\u0646\u060c \u0623\u064a \u0623\u0646 \u0627\u0644\u0634\u062e\u0635 \u0627\u0644\u0630\u064a \u0634\u0648\u0647 \u0623\u0639\u0636\u0627\u0621\u0643 \u0627\u0644\u062a\u0646\u0627\u0633\u0644\u064a\u0629 \u064a\u062c\u0628 \u0623\u0646 \u064a\u062f\u0641\u0639 \u0644\u0643 \u062a\u0639\u0648\u064a\u0636 \u0645\u0627\u0644\u064a \u0628\u062f\u0644 \u0627\u0644\u0623\u0644\u0645 \u0627\u0644\u0630\u064a \u062a\u0633\u0628\u0628 \u0628\u0647 \u0644\u0643.<\/p>\n<\/div>\n\t\t\t\t<\/div>\n\t\t\t\t\t\t\t\t<\/div>\n\t\t\t\t\t\t<\/div>\n\t\t\t\t<\/div>\n\t\t\t\t<div class=\"elementor-element elementor-element-17a8b4b elementor-widget elementor-widget-button\" data-id=\"17a8b4b\" data-element_type=\"widget\" data-e-type=\"widget\" data-widget_type=\"button.default\">\n\t\t\t\t<div class=\"elementor-widget-container\">\n\t\t\t\t\t\t\t\t\t<div class=\"elementor-button-wrapper\">\n\t\t\t\t\t<a class=\"elementor-button elementor-button-link elementor-size-xs\" href=\"https:\/\/fgmhesse.com\/#reise\">\n\t\t\t\t\t\t<span class=\"elementor-button-content-wrapper\">\n\t\t\t\t\t\t\t\t\t<span class=\"elementor-button-text\">\u0633\u0627\u0633\u0627\u0641\u0631 \u0625\u0644\u0649 \u0628\u0644\u062f \u0623\u0647\u0644\u064a<\/span>\n\t\t\t\t\t<\/span>\n\t\t\t\t\t<\/a>\n\t\t\t\t<\/div>\n\t\t\t\t\t\t\t\t<\/div>\n\t\t\t\t<\/div>\n\t\t\t\t<div class=\"elementor-element elementor-element-7fe280f elementor-widget elementor-widget-button\" data-id=\"7fe280f\" data-element_type=\"widget\" data-e-type=\"widget\" data-widget_type=\"button.default\">\n\t\t\t\t<div class=\"elementor-widget-container\">\n\t\t\t\t\t\t\t\t\t<div class=\"elementor-button-wrapper\">\n\t\t\t\t\t<a class=\"elementor-button elementor-button-link elementor-size-xs\" href=\"https:\/\/fgmhesse.com\/#heimatland-schutz\">\n\t\t\t\t\t\t<span class=\"elementor-button-content-wrapper\">\n\t\t\t\t\t\t\t\t\t<span class=\"elementor-button-text\">\u0643\u064a\u0641 \u0623\u062d\u0645\u064a \u0627\u0628\u0646\u062a\u064a \u062e\u0644\u0627\u0644 \u0631\u062d\u0644\u062a\u064a \u0625\u0644\u0649 \u0648\u0637\u0646\u064a<\/span>\n\t\t\t\t\t<\/span>\n\t\t\t\t\t<\/a>\n\t\t\t\t<\/div>\n\t\t\t\t\t\t\t\t<\/div>\n\t\t\t\t<\/div>\n\t\t\t\t<div class=\"elementor-element elementor-element-bfc86bd elementor-widget elementor-widget-button\" data-id=\"bfc86bd\" data-element_type=\"widget\" data-e-type=\"widget\" data-widget_type=\"button.default\">\n\t\t\t\t<div class=\"elementor-widget-container\">\n\t\t\t\t\t\t\t\t\t<div class=\"elementor-button-wrapper\">\n\t\t\t\t\t<a class=\"elementor-button elementor-button-link elementor-size-xs\" href=\"https:\/\/fgmhesse.com\/ar\/%d8%a7%d9%84%d8%a8%d8%af%d8%a1-%d8%b9%d8%a7%d8%ac%d9%84\/%d8%a3%d9%8a%d9%86-%d9%8a%d9%85%d9%83%d9%86%d9%86%d9%8a-%d8%a7%d9%84%d8%ad%d8%b5%d9%88%d9%84-%d8%b9%d9%84%d9%89-%d8%a7%d9%84%d9%85%d8%b3%d8%a7%d8%b9%d8%af%d8%a9%d8%9f\/\">\n\t\t\t\t\t\t<span class=\"elementor-button-content-wrapper\">\n\t\t\t\t\t\t\t\t\t<span class=\"elementor-button-text\">\u0623\u064a\u0646 \u0623\u062d\u0635\u0644 \u0639\u0644\u0649 \u0627\u0644\u0645\u0633\u0627\u0639\u062f\u0629\u061f<\/span>\n\t\t\t\t\t<\/span>\n\t\t\t\t\t<\/a>\n\t\t\t\t<\/div>\n\t\t\t\t\t\t\t\t<\/div>\n\t\t\t\t<\/div>\n\t\t\t\t\t<\/div>\n\t\t<\/div>\n\t\t\t\t<div class=\"elementor-column elementor-col-50 elementor-top-column elementor-element elementor-element-1107eff\" data-id=\"1107eff\" data-element_type=\"column\" data-e-type=\"column\">\n\t\t\t<div class=\"elementor-widget-wrap elementor-element-populated\">\n\t\t\t\t\t\t<div class=\"elementor-element elementor-element-0d90c9a elementor-widget elementor-widget-image\" data-id=\"0d90c9a\" data-element_type=\"widget\" data-e-type=\"widget\" data-widget_type=\"image.default\">\n\t\t\t\t<div class=\"elementor-widget-container\">\n\t\t\t\t\t\t\t\t\t\t\t\t\t\t\t<img fetchpriority=\"high\" decoding=\"async\" width=\"800\" height=\"763\" src=\"https:\/\/fgmhesse.com\/wp-content\/uploads\/2024\/02\/stop-fgm.png\" class=\"attachment-full size-full wp-image-4721\" alt=\"\" srcset=\"https:\/\/fgmhesse.com\/wp-content\/uploads\/2024\/02\/stop-fgm.png 800w, https:\/\/fgmhesse.com\/wp-content\/uploads\/2024\/02\/stop-fgm-300x286.png 300w, https:\/\/fgmhesse.com\/wp-content\/uploads\/2024\/02\/stop-fgm-768x732.png 768w\" sizes=\"(max-width: 800px) 100vw, 800px\" \/>\t\t\t\t\t\t\t\t\t\t\t\t\t\t\t<\/div>\n\t\t\t\t<\/div>\n\t\t\t\t\t<\/div>\n\t\t<\/div>\n\t\t\t\t\t<\/div>\n\t\t<\/section>\n\t\t\t\t<\/div>\n\t\t","protected":false},"excerpt":{"rendered":"<p>\u00d8\u00ae\u00d8\u00aa\u00d8\u00a7\u00d9\u2020 \u00d8\u00a7\u00d9\u201e\u00d8\u00a5\u00d9\u2020\u00d8\u00a7\u00d8\u00ab \u00d9\u2026\u00d9\u2026\u00d9\u2020\u00d9\u02c6\u00d8\u00b9! \u00d9\u0192\u00d9\u201e \u00d9\u2026\u00d9\u2020 \u00d9\u0160\u00d9\u201a\u00d9\u02c6\u00d9\u2026 \u00d8\u00a8\u00d8\u00ae\u00d8\u00aa\u00d8\u00a7\u00d9\u2020 \u00d8\u00a7\u00d9\u201e\u00d8\u00a5\u00d9\u2020\u00d8\u00a7\u00d8\u00ab \u00d9\u0160\u00d9\u2020\u00d8\u00aa\u00d9\u2021\u00d9\u0192 \u00d8\u00a8\u00d8\u00b0\u00d9\u201e\u00d9\u0192 \u00d8\u00ad\u00d9\u201a\u00d9\u02c6\u00d9\u201a \u00d8\u00a7\u00d9\u201e\u00d8\u00a7\u00d9\u2020\u00d8\u00b3\u00d8\u00a7\u00d9\u2020\u00c2\u00a0 (\u00d8\u00ad\u00d9\u201a\u00d9\u02c6\u00d9\u201a \u00d8\u00a7\u00d9\u201e\u00d8\u00a7\u00d9\u2020\u00d8\u00b3\u00d8\u00a7\u00d9\u2020 \u00d8\u00aa\u00d9\u2020\u00d8\u00b7\u00d8\u00a8\u00d9\u201a \u00d8\u00b9\u00d9\u201e\u00d9\u2030 \u00d8\u00ac\u00d9\u2026\u00d9\u0160\u00d8\u00b9 \u00d8\u00a7\u00d9\u201e\u00d8\u00a8\u00d8\u00b4\u00d8\u00b1 \u00d8\u00b3\u00d9\u02c6\u00d8\u00a7\u00d8\u00a1 \u00d9\u0081\u00d9\u0160 \u00d8\u00a3\u00d9\u0081\u00d8\u00b1\u00d9\u0160\u00d9\u201a\u00d9\u0160\u00d8\u00a7\u00d8\u0152 \u00d8\u00a3\u00d8\u00b3\u00d8\u00aa\u00d8\u00b1\u00d8\u00a7\u00d9\u201e\u00d9\u0160\u00d8\u00a7\u00d8\u0152 \u00d8\u00a2\u00d8\u00b3\u00d9\u0160\u00d8\u00a7\u00d8\u0152 \u00d8\u00a3\u00d9\u2026\u00d9\u0160\u00d8\u00b1\u00d9\u0192\u00d8\u00a7 \u00d8\u00a3\u00d9\u02c6 \u00d8\u00a3\u00d9\u02c6\u00d8\u00b1\u00d9\u02c6\u00d8\u00a8\u00d8\u00a7 \u00d8\u00a8\u00d8\u00ba\u00d8\u00b6 \u00d8\u00a7\u00d9\u201e\u00d9\u2020\u00d8\u00b8\u00d8\u00b1 \u00d8\u00b9\u00d9\u2020 \u00d8\u00a7\u00d9\u201e\u00d8\u00ac\u00d9\u2020\u00d8\u00b3 \u00d9\u02c6\u00d8\u00a7\u00d9\u201e\u00d8\u00b3\u00d9\u2020 \u00d9\u02c6\u00d8\u00a7\u00d9\u201e\u00d8\u00af\u00d9\u0160\u00d9\u2020 \u00d9\u02c6\u00d8\u00a7\u00d9\u201e\u00d8\u00ab\u00d8\u00b1\u00d9\u02c6\u00d8\u00a9)\u00d8\u0152 \u00d9\u201e\u00d8\u00a7 \u00d8\u00b3\u00d9\u0160\u00d9\u2026\u00d8\u00a7 \u00d8\u00a7\u00d9\u201e\u00d8\u00ad\u00d9\u201a \u00d8\u00a8\u00d8\u00b3\u00d9\u201e\u00d8\u00a7\u00d9\u2026\u00d8\u00a9 \u00d8\u00a7\u00d9\u201e\u00d8\u00ac\u00d8\u00b3\u00d9\u2026 (\u00d9\u02c6\u00d8\u00ad\u00d8\u00af\u00d9\u0192 \u00d9\u2026\u00d9\u2020 \u00d9\u201e\u00d8\u00af\u00d9\u0160\u00d9\u2021\u00d8\u00a7 \u00d8\u00a7\u00d9\u201e\u00d8\u00ad\u00d9\u201a \u00d8\u00a8\u00d8\u00a7\u00d9\u201e\u00d8\u00aa\u00d8\u00b5\u00d8\u00b1\u00d9\u0081 \u00d8\u00a8\u00d8\u00ac\u00d8\u00b3\u00d8\u00af\u00d9\u2021\u00d8\u00a7 \u00d8\u00a3\u00d9\u02c6 \u00d8\u00a8\u00d8\u00a7\u00d9\u201e\u00d8\u00b3\u00d9\u2026\u00d8\u00a7\u00d8\u00ad \u00d8\u00a8\u00d8\u00b0\u00d9\u201e\u00d9\u0192) \u00d9\u02c6\u00d8\u00a7\u00d9\u201e\u00d8\u00ad\u00d9\u201a \u00d8\u00a8\u00d8\u00a7\u00d9\u201e\u00d8\u00ad\u00d9\u2026\u00d8\u00a7\u00d9\u0160\u00d8\u00a9 \u00d9\u2026\u00d9\u2020 \u00d8\u00a7\u00d9\u201e\u00d8\u00b9\u00d9\u2020\u00d9\u0081 \u00d8\u00b6\u00d8\u00af \u00d8\u00a7\u00d9\u201e\u00d9\u2026\u00d8\u00b1\u00d8\u00a3\u00d8\u00a9 \u00d9\u02c6\u00d8\u00a7\u00d9\u201e\u00d9\u0081\u00d8\u00aa\u00d9\u0160\u00d8\u00a7\u00d8\u00aa. \u00d9\u2026\u00d9\u2020 [&hellip;]<\/p>\n","protected":false},"author":1,"featured_media":0,"parent":0,"menu_order":4,"comment_status":"closed","ping_status":"closed","template":"elementor_header_footer","meta":{"footnotes":""},"class_list":["post-4871","page","type-page","status-publish","hentry"],"_links":{"self":[{"href":"https:\/\/fgmhesse.com\/ar\/wp-json\/wp\/v2\/pages\/4871","targetHints":{"allow":["GET"]}}],"collection":[{"href":"https:\/\/fgmhesse.com\/ar\/wp-json\/wp\/v2\/pages"}],"about":[{"href":"https:\/\/fgmhesse.com\/ar\/wp-json\/wp\/v2\/types\/page"}],"author":[{"embeddable":true,"href":"https:\/\/fgmhesse.com\/ar\/wp-json\/wp\/v2\/users\/1"}],"replies":[{"embeddable":true,"href":"https:\/\/fgmhesse.com\/ar\/wp-json\/wp\/v2\/comments?post=4871"}],"version-history":[{"count":4,"href":"https:\/\/fgmhesse.com\/ar\/wp-json\/wp\/v2\/pages\/4871\/revisions"}],"predecessor-version":[{"id":5618,"href":"https:\/\/fgmhesse.com\/ar\/wp-json\/wp\/v2\/pages\/4871\/revisions\/5618"}],"wp:attachment":[{"href":"https:\/\/fgmhesse.com\/ar\/wp-json\/wp\/v2\/media?parent=4871"}],"curies":[{"name":"wp","href":"https:\/\/api.w.org\/{rel}","templated":true}]}}