{"id":4875,"date":"2020-09-07T11:13:06","date_gmt":"2020-09-07T11:13:06","guid":{"rendered":"https:\/\/fgmhesse.wp-profi-service.de\/%d8%a7%d9%84%d8%a8%d8%af%d8%a1-%d8%b9%d8%a7%d8%ac%d9%84\/%d8%a7%d9%84%d9%88%d8%ab%d8%a7%d8%a6%d9%82-%d9%88%d8%a7%d9%84%d9%85%d9%88%d8%a7%d8%af-%d8%a7%d9%84%d9%85%d9%81%d9%8a%d8%af%d8%a9\/"},"modified":"2024-10-01T20:07:26","modified_gmt":"2024-10-01T20:07:26","slug":"%d8%a7%d9%84%d9%88%d8%ab%d8%a7%d8%a6%d9%82-%d9%88%d8%a7%d9%84%d9%85%d9%88%d8%a7%d8%af-%d8%a7%d9%84%d9%85%d9%81%d9%8a%d8%af%d8%a9","status":"publish","type":"page","link":"https:\/\/fgmhesse.com\/ar\/%d8%a7%d9%84%d9%88%d8%ab%d8%a7%d8%a6%d9%82-%d9%88%d8%a7%d9%84%d9%85%d9%88%d8%a7%d8%af-%d8%a7%d9%84%d9%85%d9%81%d9%8a%d8%af%d8%a9\/","title":{"rendered":"\u0645\u0633\u062a\u0646\u062f\u0627\u062a \u0648\u0645\u0633\u062a\u0646\u062f\u0627\u062a \u0644\u0644\u0645\u0633\u0627\u0639\u062f\u0629"},"content":{"rendered":"\t\t<div data-elementor-type=\"wp-page\" data-elementor-id=\"4875\" class=\"elementor elementor-4875 elementor-1196\" data-elementor-post-type=\"page\">\n\t\t\t\t\t\t<section class=\"elementor-section elementor-top-section elementor-element elementor-element-85cf606 elementor-section-height-min-height elementor-section-boxed elementor-section-height-default elementor-section-items-middle\" data-id=\"85cf606\" data-element_type=\"section\" data-e-type=\"section\" data-settings=\"{&quot;background_background&quot;:&quot;classic&quot;}\">\n\t\t\t\t\t\t<div class=\"elementor-container elementor-column-gap-default\">\n\t\t\t\t\t<div class=\"elementor-column elementor-col-66 elementor-top-column elementor-element elementor-element-a3f0f5f\" data-id=\"a3f0f5f\" data-element_type=\"column\" data-e-type=\"column\" data-settings=\"{&quot;background_background&quot;:&quot;classic&quot;}\">\n\t\t\t<div class=\"elementor-widget-wrap elementor-element-populated\">\n\t\t\t\t\t\t<div class=\"elementor-element elementor-element-09798c5 elementor-widget elementor-widget-heading\" data-id=\"09798c5\" data-element_type=\"widget\" data-e-type=\"widget\" data-widget_type=\"heading.default\">\n\t\t\t\t<div class=\"elementor-widget-container\">\n\t\t\t\t\t<h2 class=\"elementor-heading-title elementor-size-default\">\u0645\u0633\u062a\u0646\u062f\u0627\u062a \u0648\u0645\u0633\u062a\u0646\u062f\u0627\u062a \u0644\u0644\u0645\u0633\u0627\u0639\u062f\u0629<\/h2>\t\t\t\t<\/div>\n\t\t\t\t<\/div>\n\t\t\t\t\t<\/div>\n\t\t<\/div>\n\t\t\t\t<div class=\"elementor-column elementor-col-33 elementor-top-column elementor-element elementor-element-d9d540e\" data-id=\"d9d540e\" data-element_type=\"column\" data-e-type=\"column\">\n\t\t\t<div class=\"elementor-widget-wrap\">\n\t\t\t\t\t\t\t<\/div>\n\t\t<\/div>\n\t\t\t\t\t<\/div>\n\t\t<\/section>\n\t\t\t\t<section class=\"elementor-section elementor-top-section elementor-element elementor-element-66b7c4e elementor-section-boxed elementor-section-height-default elementor-section-height-default\" data-id=\"66b7c4e\" data-element_type=\"section\" data-e-type=\"section\">\n\t\t\t\t\t\t<div class=\"elementor-container elementor-column-gap-default\">\n\t\t\t\t\t<div class=\"elementor-column elementor-col-50 elementor-top-column elementor-element elementor-element-9828a46\" data-id=\"9828a46\" data-element_type=\"column\" data-e-type=\"column\">\n\t\t\t<div class=\"elementor-widget-wrap elementor-element-populated\">\n\t\t\t\t\t\t<div class=\"elementor-element elementor-element-8ee54ae elementor-widget elementor-widget-text-editor\" data-id=\"8ee54ae\" data-element_type=\"widget\" data-e-type=\"widget\" data-widget_type=\"text-editor.default\">\n\t\t\t\t<div class=\"elementor-widget-container\">\n\t\t\t\t\t\t\t\t\t<p>\u0631\u0633\u0627\u0644\u0629 \u062d\u0645\u0627\u064a\u0629 \u0636\u062f \u062e\u062a\u0627\u0646 \u0627\u0644\u0625\u0646\u0627\u062b \u0627\u0644\u062a\u064a \u062a\u0648\u0636\u062d \u0644\u0644\u0623\u0647\u0644 \u0648\u0627\u0644\u0623\u0642\u0627\u0631\u0628 \u0648\u0627\u0644\u0623\u0635\u062f\u0642\u0627\u0621 \u2013 \u0623\u064a\u0636\u0627\u064b \u0641\u064a \u0627\u0644\u0648\u0637\u0646 \u0627\u0644\u0623\u0645 \u2013 \u0623\u0646 \u062e\u062a\u0627\u0646 \u0627\u0644\u0625\u0646\u0627\u062b \u0648\u062a\u0634\u0648\u064a\u0647 \u0623\u0639\u0636\u0627\u0626\u0647\u0646 \u0627\u0644\u062a\u0646\u0627\u0633\u0644\u064a\u0629 \u0645\u0645\u0646\u0648\u0639 \u0641\u064a \u0623\u0644\u0645\u0627\u0646\u064a\u0627 \u0648\u0645\u0645\u0643\u0646 \u062a\u0646\u0632\u064a\u0644\u0647\u0627 \u0628\u0640\u0640 13 \u0644\u063a\u0629.<\/p>\n<p><a href=\"https:\/\/www.hamburg.de\/opferschutz\/12138124\/schutzbrief-gegen-genitalverstuemmelung\/\" target=\"_blank\" rel=\"noopener\">www.hamburg.de\/opferschutz\/12138124\/schutzbrief-gegen-genitalverstuemmelung\/<\/a><\/p>\n<p>\u0631\u0633\u0627\u0644\u0629 \u0627\u0644\u062d\u0645\u0627\u064a\u0629 \u0648\u0636\u0639\u062a\u0647\u0627 \u0645\u062f\u064a\u0646\u0629 \u0647\u0627\u0645\u0628\u0648\u0631\u063a \u0648\u0633\u0627\u0631\u064a\u0629 \u0627\u0644\u0645\u0641\u0639\u0648\u0644 \u0641\u064a \u062c\u0645\u064a\u0639 \u0623\u0646\u062d\u0627\u0621 \u0623\u0644\u0645\u0627\u0646\u064a\u0627.<\/p>\n\t\t\t\t\t\t\t\t<\/div>\n\t\t\t\t<\/div>\n\t\t\t\t\t<\/div>\n\t\t<\/div>\n\t\t\t\t<div class=\"elementor-column elementor-col-50 elementor-top-column elementor-element elementor-element-318ac04\" data-id=\"318ac04\" data-element_type=\"column\" data-e-type=\"column\">\n\t\t\t<div class=\"elementor-widget-wrap\">\n\t\t\t\t\t\t\t<\/div>\n\t\t<\/div>\n\t\t\t\t\t<\/div>\n\t\t<\/section>\n\t\t\t\t<section class=\"elementor-section elementor-top-section elementor-element elementor-element-42e5f0a elementor-section-boxed elementor-section-height-default elementor-section-height-default\" data-id=\"42e5f0a\" data-element_type=\"section\" data-e-type=\"section\">\n\t\t\t\t\t\t<div class=\"elementor-container elementor-column-gap-default\">\n\t\t\t\t\t<div class=\"elementor-column elementor-col-100 elementor-top-column elementor-element elementor-element-5d200f8\" data-id=\"5d200f8\" data-element_type=\"column\" data-e-type=\"column\">\n\t\t\t<div class=\"elementor-widget-wrap elementor-element-populated\">\n\t\t\t\t\t\t<div class=\"elementor-element elementor-element-cd3826a elementor-widget elementor-widget-heading\" data-id=\"cd3826a\" data-element_type=\"widget\" data-e-type=\"widget\" data-widget_type=\"heading.default\">\n\t\t\t\t<div class=\"elementor-widget-container\">\n\t\t\t\t\t<h2 class=\"elementor-heading-title elementor-size-default\">\u0631\u0648\u0627\u0628\u0637 \u0644\u0645\u0639\u0644\u0648\u0645\u0627\u062a \u0648\u0645\u0648\u0627\u062f \u0628\u0645\u062e\u062a\u0644\u0641 \u0627\u0644\u0644\u063a\u0627\u062a<\/h2>\t\t\t\t<\/div>\n\t\t\t\t<\/div>\n\t\t\t\t\t<\/div>\n\t\t<\/div>\n\t\t\t\t\t<\/div>\n\t\t<\/section>\n\t\t<div class=\"elementor-element elementor-element-463ce3f e-flex e-con-boxed e-con e-parent\" data-id=\"463ce3f\" data-element_type=\"container\" data-e-type=\"container\">\n\t\t\t\t\t<div class=\"e-con-inner\">\n\t\t<div class=\"elementor-element elementor-element-90b997a e-con-full e-flex e-con e-child\" data-id=\"90b997a\" data-element_type=\"container\" data-e-type=\"container\">\n\t\t\t\t<div class=\"elementor-element elementor-element-79b4f9c elementor-widget elementor-widget-text-editor\" data-id=\"79b4f9c\" data-element_type=\"widget\" data-e-type=\"widget\" data-widget_type=\"text-editor.default\">\n\t\t\t\t<div class=\"elementor-widget-container\">\n\t\t\t\t\t\t\t\t\t<p><strong>TERRE DES FEMMES\u060c \u0646\u062d\u0646 \u0646\u062d\u0645\u064a \u0627\u0628\u0646\u062a\u0646\u0627<\/strong><br \/>\n\u0643\u062a\u064a\u0628 \u062a\u0648\u0636\u064a\u062d\u064a \u0644\u0644\u062c\u0627\u0644\u064a\u0627\u062a \u0628\u0633\u0628\u0639 \u0644\u063a\u0627\u062a<br \/>\n<a href=\"https:\/\/www.frauenrechte.de\/tdf-online-shop\/weibliche-genitalverstuemmelung\/praeventionsbroschuere-fgm-wir-schuetzen-unsere-toechter-mehrere-sprachfassungen\" target=\"_blank\" rel=\"noopener\">www.frauenrechte.de\/tdf-online-shop\/weibliche-genitalverstuemmelung\/praeventionsbroschuere-fgm-wir-schuetzen-unsere-toechter-mehrere-sprachfassungen<\/a><\/p>\n<p><strong>TERRE DES FEMMES \/ GAMS \u0628\u0644\u062c\u064a\u0643\u0627\u060c \u0644\u0645\u0648\u0627\u062c\u0647\u0629 \u0627\u0644\u062a\u0642\u0627\u0644\u064a\u062f<\/strong><br \/>\n\u0631\u0633\u0648\u0645 \u0643\u0627\u0631\u064a\u0643\u0627\u062a\u0648\u0631\u064a\u0629 \u0628\u0647\u0630\u0627 \u0627\u0644\u0645\u0648\u0636\u0648\u0639 \u0627\u0628\u062a\u062f\u0627\u0621\u064b \u0645\u0646 \u0633\u0646 14 \u0633\u0646\u0629<br \/>\n<a href=\"https:\/\/www.frauenrechte.de\/tdf-online-shop\/weibliche-genitalverstuemmelung\/comic-diariatou-zum-thema-weibliche-genitalverstuemmelung\" target=\"_blank\" rel=\"noopener\">www.frauenrechte.de\/tdf-online-shop\/weibliche-genitalverstuemmelung\/comic-diariatou-zum-thema-weibliche-genitalverstuemmelung<\/a><\/p>\n<p><strong>Stadt Wien, Ich sch\u00fctze meine Tochter (\u0623\u062d\u0645\u064a \u0627\u0628\u0646\u062a\u064a)<\/strong><br \/>\n\u0645\u0644\u0641 \u064a\u062a\u0645 \u062a\u0633\u0644\u064a\u0645\u0647 \u0644\u0623\u0647\u0644 \u0648\u0627\u0642\u0627\u0631\u0628 \u0627\u0644\u0641\u062a\u064a\u0627\u062a \u0627\u0644\u0622\u062a\u064a\u0627\u062a \u0645\u0646 \u062f\u0648\u0644 \u064a\u064f\u0645\u0627\u0631\u0633 \u0628\u0647\u0627 \u062e\u062a\u0627\u0646 \u0627\u0644\u0641\u062a\u064a\u0627\u062a<br \/>\n<a href=\"https:\/\/www.wien.gv.at\/gesundheit\/beratung-vorsorge\/frauen\/frauengesundheit\/schwerpunkte\/gewalt\/fgm.html\" target=\"_blank\" rel=\"noopener\">www.wien.gv.at\/gesundheit\/beratung-vorsorge\/frauen\/frauengesundheit\/schwerpunkte\/gewalt\/fgm.html<\/a><\/p>\n<p><strong>Forward UK, Keeping your girls safe from FGM: Summer holidays, the law and YOU<\/strong><br \/>\n\u0631\u0633\u0627\u0644\u0629 \u0627\u0644\u062d\u0645\u0627\u064a\u0629 \u0628\u0627\u0644\u0644\u063a\u0629 \u0627\u0644\u0627\u0646\u0643\u0644\u064a\u0632\u064a\u0629 \u0636\u062f \u062e\u062a\u0627\u0646 \u0627\u0644\u0625\u0646\u0627\u062b<br \/>\n<a href=\"https:\/\/www.forwarduk.org.uk\/forward-publications\/keeping-your-girls-safe-from-fgm\/\" target=\"_blank\" rel=\"noopener\">www.forwarduk.org.uk\/forward-publications\/keeping-your-girls-safe-from-fgm<\/a><\/p>\n<p>&nbsp;<\/p>\n\t\t\t\t\t\t\t\t<\/div>\n\t\t\t\t<\/div>\n\t\t\t\t<\/div>\n\t\t<div class=\"elementor-element elementor-element-4b6b829 e-con-full e-flex e-con e-child\" data-id=\"4b6b829\" data-element_type=\"container\" data-e-type=\"container\">\n\t\t\t\t<div class=\"elementor-element elementor-element-4530a02 elementor-widget elementor-widget-text-editor\" data-id=\"4530a02\" data-element_type=\"widget\" data-e-type=\"widget\" data-widget_type=\"text-editor.default\">\n\t\t\t\t<div class=\"elementor-widget-container\">\n\t\t\t\t\t\t\t\t\t<p>Forward UK, FGM and Islam Leaflet<br \/>\n\u0643\u062a\u064a\u0628 \u064a\u0648\u0636\u062d \u0645\u0648\u0642\u0641 \u0627\u0644\u0625\u0633\u0644\u0627\u0645 \u0628\u062e\u0635\u0648\u0635 \u062a\u0634\u0648\u064a\u0647 \u0627\u0644\u0623\u0639\u0636\u0627\u0621 \u0627\u0644\u062a\u0646\u0627\u0633\u0644\u064a\u0629 \u0627\u0644\u0623\u0646\u062b\u0648\u064a\u0629<br \/>\n<a href=\"https:\/\/www.forwarduk.org.uk\/forward-publications\/fgm-and-islam-leaflet\/\" target=\"_blank\" rel=\"noopener\">www.forwarduk.org.uk\/forward-publications\/fgm-and-islam-leaflet<\/a><\/p>\n<p><strong>Forward UK, My body, my rules, FGM animation<br \/>\n<\/strong><strong><a href=\"https:\/\/www.forwarduk.org.uk\/forward-publications\/my-body-my-rules-2015-fgm-animation\/\" target=\"_blank\" rel=\"noopener\">www.forwarduk.org.uk\/forward-publications\/my-body-my-rules-2015-fgm-animation<\/a><br \/>\n<\/strong><\/p>\n<p>\u062c\u0627\u0646\u064a\u062a \u0641\u0627\u064a\u0644 (\u0627\u0644\u0643\u0644\u064a\u0629 \u0627\u0644\u0645\u0644\u0643\u064a\u0629 \u0644\u0644\u0642\u0627\u0628\u0644\u0627\u062a \u0627\u0644\u0642\u0627\u0646\u0648\u0646\u064a\u0627\u062a) \u0628\u0627\u0644\u062a\u0639\u0627\u0648\u0646 \u0645\u0639 \u0627\u0644\u0643\u0644\u064a\u0629 \u0627\u0644\u0645\u0644\u0643\u064a\u0629 \u0644\u0644\u062a\u0648\u0644\u064a\u062f \u0648\u0627\u0644\u0637\u0628 \u0627\u0644\u0646\u0633\u0627\u0626\u064a\u060c \u0627\u0644\u0643\u0644\u064a\u0629 \u0627\u0644\u0645\u0644\u0643\u064a\u0629 \u0644\u0644\u0639\u0627\u0645\u0644\u064a\u0646 \u0641\u064a \u0627\u0644\u0645\u062c\u0627\u0644 \u0627\u0644\u0639\u0627\u0645\u060c \u0627\u0644\u0646\u0627\u062c\u064a\u0627\u062a \u0645\u0646 \u0627\u0644\u062e\u062a\u0627\u0646 \u0648\u0645\u0646\u0638\u0645\u0627\u062a \u063a\u064a\u0631 \u062d\u0643\u0648\u0645\u064a\u0629 \u0641\u064a \u0627\u0644\u0645\u062c\u062a\u0645\u0639\u0627\u062a \u0627\u0644\u0645\u062d\u0644\u064a\u0629\u060c \u0641\u064a\u0644\u0645 \u0643\u0631\u062a\u0648\u0646\u064a \u0642\u0635\u064a\u0631<br \/>\n<a href=\"https:\/\/www.wovenink.co.uk\/endfgm-animations\" target=\"_blank\" rel=\"noopener\">www.wovenink.co.uk\/endfgm-animations<\/a><\/p>\n<p><strong>Excision \u2013 parlons-en!<\/strong><br \/>\n\u0645\u0639\u0644\u0648\u0645\u0627\u062a \u0644\u0644\u0633\u064a\u062f\u0627\u062a \u0648\u0627\u0644\u0641\u062a\u064a\u0627\u062a \u0627\u0644\u0644\u0627\u062a\u064a \u062a\u0639\u0631\u0636\u0646 \u0644\u0644\u062e\u062a\u0627\u0646<br \/>\n<a href=\"http:\/\/www.alerte-excision.org\/\" target=\"_blank\" rel=\"noopener\">www.alerte-excision.org<\/a><\/p>\n<p><strong>Strat\u00e9gies concert\u00e9es MGF, Pas d\u2019excision pour ma fille<\/strong><br \/>\n\u0645\u0644\u0641 \u064a\u062a\u0645 \u062a\u0633\u0644\u064a\u0645\u0647 \u0644\u0623\u0647\u0644 \u0648\u0627\u0642\u0627\u0631\u0628 \u0627\u0644\u0641\u062a\u064a\u0627\u062a \u0627\u0644\u0622\u062a\u064a\u0627\u062a \u0645\u0646 \u062f\u0648\u0644 \u064a\u064f\u0645\u0627\u0631\u0633 \u0628\u0647\u0627 \u062e\u062a\u0627\u0646 \u0627\u0644\u0641\u062a\u064a\u0627\u062a<br \/>\n<a href=\"http:\/\/www.strategiesconcertees-mgf.be\/wp-content\/uploads\/GAMS-depliant-excFR13Web.pdf\" target=\"_blank\" rel=\"noopener\">www.strategiesconcertees-mgf.be\/wp-content\/uploads\/GAMS-depliant-excFR13Web.pdf<\/a><\/p>\n\t\t\t\t\t\t\t\t<\/div>\n\t\t\t\t<\/div>\n\t\t\t\t<\/div>\n\t\t\t\t\t<\/div>\n\t\t\t\t<\/div>\n\t\t\t\t<\/div>\n\t\t","protected":false},"excerpt":{"rendered":"<p>\u00d9\u2026\u00d8\u00b3\u00d8\u00aa\u00d9\u2020\u00d8\u00af\u00d8\u00a7\u00d8\u00aa \u00d9\u02c6\u00d9\u2026\u00d8\u00b3\u00d8\u00aa\u00d9\u2020\u00d8\u00af\u00d8\u00a7\u00d8\u00aa \u00d9\u201e\u00d9\u201e\u00d9\u2026\u00d8\u00b3\u00d8\u00a7\u00d8\u00b9\u00d8\u00af\u00d8\u00a9 \u00d8\u00b1\u00d8\u00b3\u00d8\u00a7\u00d9\u201e\u00d8\u00a9 \u00d8\u00ad\u00d9\u2026\u00d8\u00a7\u00d9\u0160\u00d8\u00a9 \u00d8\u00b6\u00d8\u00af \u00d8\u00ae\u00d8\u00aa\u00d8\u00a7\u00d9\u2020 \u00d8\u00a7\u00d9\u201e\u00d8\u00a5\u00d9\u2020\u00d8\u00a7\u00d8\u00ab \u00d8\u00a7\u00d9\u201e\u00d8\u00aa\u00d9\u0160 \u00d8\u00aa\u00d9\u02c6\u00d8\u00b6\u00d8\u00ad \u00d9\u201e\u00d9\u201e\u00d8\u00a3\u00d9\u2021\u00d9\u201e \u00d9\u02c6\u00d8\u00a7\u00d9\u201e\u00d8\u00a3\u00d9\u201a\u00d8\u00a7\u00d8\u00b1\u00d8\u00a8 \u00d9\u02c6\u00d8\u00a7\u00d9\u201e\u00d8\u00a3\u00d8\u00b5\u00d8\u00af\u00d9\u201a\u00d8\u00a7\u00d8\u00a1 \u00e2\u20ac\u201c \u00d8\u00a3\u00d9\u0160\u00d8\u00b6\u00d8\u00a7\u00d9\u2039 \u00d9\u0081\u00d9\u0160 \u00d8\u00a7\u00d9\u201e\u00d9\u02c6\u00d8\u00b7\u00d9\u2020 \u00d8\u00a7\u00d9\u201e\u00d8\u00a3\u00d9\u2026 \u00e2\u20ac\u201c \u00d8\u00a3\u00d9\u2020 \u00d8\u00ae\u00d8\u00aa\u00d8\u00a7\u00d9\u2020 \u00d8\u00a7\u00d9\u201e\u00d8\u00a5\u00d9\u2020\u00d8\u00a7\u00d8\u00ab \u00d9\u02c6\u00d8\u00aa\u00d8\u00b4\u00d9\u02c6\u00d9\u0160\u00d9\u2021 \u00d8\u00a3\u00d8\u00b9\u00d8\u00b6\u00d8\u00a7\u00d8\u00a6\u00d9\u2021\u00d9\u2020 \u00d8\u00a7\u00d9\u201e\u00d8\u00aa\u00d9\u2020\u00d8\u00a7\u00d8\u00b3\u00d9\u201e\u00d9\u0160\u00d8\u00a9 \u00d9\u2026\u00d9\u2026\u00d9\u2020\u00d9\u02c6\u00d8\u00b9 \u00d9\u0081\u00d9\u0160 \u00d8\u00a3\u00d9\u201e\u00d9\u2026\u00d8\u00a7\u00d9\u2020\u00d9\u0160\u00d8\u00a7 \u00d9\u02c6\u00d9\u2026\u00d9\u2026\u00d9\u0192\u00d9\u2020 \u00d8\u00aa\u00d9\u2020\u00d8\u00b2\u00d9\u0160\u00d9\u201e\u00d9\u2021\u00d8\u00a7 \u00d8\u00a8\u00d9\u20ac\u00d9\u20ac 13 \u00d9\u201e\u00d8\u00ba\u00d8\u00a9. www.hamburg.de\/opferschutz\/12138124\/schutzbrief-gegen-genitalverstuemmelung\/ \u00d8\u00b1\u00d8\u00b3\u00d8\u00a7\u00d9\u201e\u00d8\u00a9 \u00d8\u00a7\u00d9\u201e\u00d8\u00ad\u00d9\u2026\u00d8\u00a7\u00d9\u0160\u00d8\u00a9 \u00d9\u02c6\u00d8\u00b6\u00d8\u00b9\u00d8\u00aa\u00d9\u2021\u00d8\u00a7 \u00d9\u2026\u00d8\u00af\u00d9\u0160\u00d9\u2020\u00d8\u00a9 \u00d9\u2021\u00d8\u00a7\u00d9\u2026\u00d8\u00a8\u00d9\u02c6\u00d8\u00b1\u00d8\u00ba \u00d9\u02c6\u00d8\u00b3\u00d8\u00a7\u00d8\u00b1\u00d9\u0160\u00d8\u00a9 \u00d8\u00a7\u00d9\u201e\u00d9\u2026\u00d9\u0081\u00d8\u00b9\u00d9\u02c6\u00d9\u201e \u00d9\u0081\u00d9\u0160 \u00d8\u00ac\u00d9\u2026\u00d9\u0160\u00d8\u00b9 \u00d8\u00a3\u00d9\u2020\u00d8\u00ad\u00d8\u00a7\u00d8\u00a1 \u00d8\u00a3\u00d9\u201e\u00d9\u2026\u00d8\u00a7\u00d9\u2020\u00d9\u0160\u00d8\u00a7. \u00d8\u00b1\u00d9\u02c6\u00d8\u00a7\u00d8\u00a8\u00d8\u00b7 \u00d9\u201e\u00d9\u2026\u00d8\u00b9\u00d9\u201e\u00d9\u02c6\u00d9\u2026\u00d8\u00a7\u00d8\u00aa \u00d9\u02c6\u00d9\u2026\u00d9\u02c6\u00d8\u00a7\u00d8\u00af \u00d8\u00a8\u00d9\u2026\u00d8\u00ae\u00d8\u00aa\u00d9\u201e\u00d9\u0081 \u00d8\u00a7\u00d9\u201e\u00d9\u201e\u00d8\u00ba\u00d8\u00a7\u00d8\u00aa TERRE DES FEMMES\u00d8\u0152 \u00d9\u2020\u00d8\u00ad\u00d9\u2020 \u00d9\u2020\u00d8\u00ad\u00d9\u2026\u00d9\u0160 [&hellip;]<\/p>\n","protected":false},"author":1,"featured_media":0,"parent":0,"menu_order":6,"comment_status":"closed","ping_status":"closed","template":"elementor_header_footer","meta":{"footnotes":""},"class_list":["post-4875","page","type-page","status-publish","hentry"],"_links":{"self":[{"href":"https:\/\/fgmhesse.com\/ar\/wp-json\/wp\/v2\/pages\/4875","targetHints":{"allow":["GET"]}}],"collection":[{"href":"https:\/\/fgmhesse.com\/ar\/wp-json\/wp\/v2\/pages"}],"about":[{"href":"https:\/\/fgmhesse.com\/ar\/wp-json\/wp\/v2\/types\/page"}],"author":[{"embeddable":true,"href":"https:\/\/fgmhesse.com\/ar\/wp-json\/wp\/v2\/users\/1"}],"replies":[{"embeddable":true,"href":"https:\/\/fgmhesse.com\/ar\/wp-json\/wp\/v2\/comments?post=4875"}],"version-history":[{"count":5,"href":"https:\/\/fgmhesse.com\/ar\/wp-json\/wp\/v2\/pages\/4875\/revisions"}],"predecessor-version":[{"id":5620,"href":"https:\/\/fgmhesse.com\/ar\/wp-json\/wp\/v2\/pages\/4875\/revisions\/5620"}],"wp:attachment":[{"href":"https:\/\/fgmhesse.com\/ar\/wp-json\/wp\/v2\/media?parent=4875"}],"curies":[{"name":"wp","href":"https:\/\/api.w.org\/{rel}","templated":true}]}}