{"id":4879,"date":"2020-08-06T14:29:18","date_gmt":"2020-08-06T14:29:18","guid":{"rendered":"https:\/\/fgmhesse.wp-profi-service.de\/%d8%a7%d9%84%d8%a8%d8%af%d8%a1-%d8%b9%d8%a7%d8%ac%d9%84\/%d8%a7%d9%84%d9%85%d8%b9%d8%ac%d9%85\/"},"modified":"2024-10-01T20:08:26","modified_gmt":"2024-10-01T20:08:26","slug":"%d8%a7%d9%84%d9%85%d8%b9%d8%ac%d9%85","status":"publish","type":"page","link":"https:\/\/fgmhesse.com\/ar\/%d8%a7%d9%84%d9%85%d8%b9%d8%ac%d9%85\/","title":{"rendered":"\u062a\u0648\u0636\u064a\u062d \u0628\u0639\u0636 \u0627\u0644\u0645\u0635\u0637\u0644\u062d\u0627\u062a \u0627\u0644\u0648\u0627\u0631\u062f\u0629 \u0641\u064a \u0647\u0630\u0647 \u0627\u0644\u0635\u0641\u062d\u0629"},"content":{"rendered":"\t\t<div data-elementor-type=\"wp-page\" data-elementor-id=\"4879\" class=\"elementor elementor-4879 elementor-932\" data-elementor-post-type=\"page\">\n\t\t\t\t\t\t<section class=\"elementor-section elementor-top-section elementor-element elementor-element-4f94267 elementor-section-height-min-height elementor-section-boxed elementor-section-height-default elementor-section-items-middle\" data-id=\"4f94267\" data-element_type=\"section\" data-e-type=\"section\" data-settings=\"{&quot;background_background&quot;:&quot;classic&quot;}\">\n\t\t\t\t\t\t\t<div class=\"elementor-background-overlay\"><\/div>\n\t\t\t\t\t\t\t<div class=\"elementor-container elementor-column-gap-default\">\n\t\t\t\t\t<div class=\"elementor-column elementor-col-66 elementor-top-column elementor-element elementor-element-a4f2ebd\" data-id=\"a4f2ebd\" data-element_type=\"column\" data-e-type=\"column\" data-settings=\"{&quot;background_background&quot;:&quot;classic&quot;}\">\n\t\t\t<div class=\"elementor-widget-wrap elementor-element-populated\">\n\t\t\t\t\t\t<div class=\"elementor-element elementor-element-01ab23d elementor-widget elementor-widget-heading\" data-id=\"01ab23d\" data-element_type=\"widget\" data-e-type=\"widget\" data-widget_type=\"heading.default\">\n\t\t\t\t<div class=\"elementor-widget-container\">\n\t\t\t\t\t<h2 class=\"elementor-heading-title elementor-size-default\">\u062a\u0648\u0636\u064a\u062d \u0628\u0639\u0636 \u0627\u0644\u0645\u0635\u0637\u0644\u062d\u0627\u062a \u0627\u0644\u0648\u0627\u0631\u062f\u0629 \u0641\u064a \u0647\u0630\u0647 \u0627\u0644\u0635\u0641\u062d\u0629<\/h2>\t\t\t\t<\/div>\n\t\t\t\t<\/div>\n\t\t\t\t\t<\/div>\n\t\t<\/div>\n\t\t\t\t<div class=\"elementor-column elementor-col-33 elementor-top-column elementor-element elementor-element-f3aafca\" data-id=\"f3aafca\" data-element_type=\"column\" data-e-type=\"column\">\n\t\t\t<div class=\"elementor-widget-wrap\">\n\t\t\t\t\t\t\t<\/div>\n\t\t<\/div>\n\t\t\t\t\t<\/div>\n\t\t<\/section>\n\t\t\t\t<section class=\"elementor-section elementor-top-section elementor-element elementor-element-76def3c elementor-section-boxed elementor-section-height-default elementor-section-height-default\" data-id=\"76def3c\" data-element_type=\"section\" data-e-type=\"section\">\n\t\t\t\t\t\t<div class=\"elementor-container elementor-column-gap-default\">\n\t\t\t\t\t<div class=\"elementor-column elementor-col-50 elementor-top-column elementor-element elementor-element-b229694\" data-id=\"b229694\" data-element_type=\"column\" data-e-type=\"column\">\n\t\t\t<div class=\"elementor-widget-wrap elementor-element-populated\">\n\t\t\t\t\t\t<div class=\"elementor-element elementor-element-1b4437b elementor-widget elementor-widget-heading\" data-id=\"1b4437b\" data-element_type=\"widget\" data-e-type=\"widget\" data-widget_type=\"heading.default\">\n\t\t\t\t<div class=\"elementor-widget-container\">\n\t\t\t\t\t<h4 class=\"elementor-heading-title elementor-size-default\">\u0645\u0627 \u0647\u0648 \u0627\u0644\u0628\u0638\u0631\u061f<\/h4>\t\t\t\t<\/div>\n\t\t\t\t<\/div>\n\t\t\t\t<div class=\"elementor-element elementor-element-79ba60e elementor-widget elementor-widget-text-editor\" data-id=\"79ba60e\" data-element_type=\"widget\" data-e-type=\"widget\" data-widget_type=\"text-editor.default\">\n\t\t\t\t<div class=\"elementor-widget-container\">\n\t\t\t\t\t\t\t\t\t<p>\u0627\u0644\u0628\u0638\u0631 \u0647\u0648 \u062c\u0632\u0621 \u0645\u0646 \u0627\u0644\u062c\u0647\u0627\u0632 \u0627\u0644\u062a\u0646\u0627\u0633\u0644\u064a \u0627\u0644\u0646\u0633\u0648\u064a. \u0648\u063a\u0637\u0627\u0621 \u0627\u0644\u0628\u0638\u0631 \u0645\u0648\u062c\u0648\u062f \u0628\u064a\u0646 \u0627\u0644\u0634\u0641\u0631\u064a\u0646 \u0627\u0644\u0635\u063a\u064a\u0631\u064a\u0646 \u0648\u0647\u0648 \u062c\u0632\u0621 \u0645\u0646 \u0627\u0644\u0628\u0638\u0631 \u0627\u0644\u0638\u0627\u0647\u0631. \u0641\u064a \u062c\u0633\u0645\u0643 \u064a\u0628\u0644\u063a \u0637\u0648\u0644 \u0627\u0644\u0628\u0638\u0631 \u0639\u0634\u0631\u0629 \u0633\u0646\u0645\u062a\u0631\u0627\u064b. \u0648\u0647\u0648 \u062d\u0633\u0627\u0633 \u062c\u062f\u0627\u064b \u0648\u0645\u0631\u0643\u0632 \u0627\u0644\u0625\u062b\u0627\u0631\u0629 \u0644\u062f\u0649 \u0627\u0644\u0643\u062b\u064a\u0631 \u0645\u0646 \u0627\u0644\u0633\u064a\u062f\u0627\u062a.<\/p>\n\t\t\t\t\t\t\t\t<\/div>\n\t\t\t\t<\/div>\n\t\t\t\t\t<\/div>\n\t\t<\/div>\n\t\t\t\t<div class=\"elementor-column elementor-col-50 elementor-top-column elementor-element elementor-element-e342b01\" data-id=\"e342b01\" data-element_type=\"column\" data-e-type=\"column\">\n\t\t\t<div class=\"elementor-widget-wrap elementor-element-populated\">\n\t\t\t\t\t\t<div class=\"elementor-element elementor-element-7fb28ac elementor-widget elementor-widget-heading\" data-id=\"7fb28ac\" data-element_type=\"widget\" data-e-type=\"widget\" data-widget_type=\"heading.default\">\n\t\t\t\t<div class=\"elementor-widget-container\">\n\t\t\t\t\t<h4 class=\"elementor-heading-title elementor-size-default\">\u0645\u0627\u0647\u064a \u0627\u0644\u0634\u0641\u0631\u064a\u0646\u061f<\/h4>\t\t\t\t<\/div>\n\t\t\t\t<\/div>\n\t\t\t\t<div class=\"elementor-element elementor-element-735a27d elementor-widget elementor-widget-text-editor\" data-id=\"735a27d\" data-element_type=\"widget\" data-e-type=\"widget\" data-widget_type=\"text-editor.default\">\n\t\t\t\t<div class=\"elementor-widget-container\">\n\t\t\t\t\t\t\t\t\t<p>\u0627\u0644\u0634\u0641\u0631\u064a\u0646 \u0647\u064a \u0639\u0628\u0627\u0631\u0629 \u0639\u0646 \u0637\u064a\u0627\u062a \u062c\u0644\u062f\u064a\u0629 \u062a\u063a\u0637\u064a \u0645\u062f\u062e\u0644 \u0627\u0644\u0645\u0647\u0628\u0644 \u062a\u062d\u0645\u064a \u0641\u062a\u062d\u0629 \u0627\u0644\u0645\u0647\u0628\u0644 \u0648\u0627\u0644\u0628\u0638\u0631. \u0647\u0646\u0627\u0643 \u0627\u0644\u0634\u0641\u0631\u064a\u0646 \u0627\u0644\u062e\u0627\u0631\u062c\u064a\u064a\u0646 (\u0648\u0647\u0645\u0627 \u0623\u0643\u0628\u0631 \u062d\u062c\u0645\u0627\u064b) \u0648\u0627\u0644\u0634\u0641\u0631\u064a\u0646 \u0627\u0644\u062f\u0627\u062e\u0644\u064a\u064a\u0646 (\u0623\u0635\u063a\u0631 \u062d\u062c\u0645\u0627\u064b) \u0648\u062a\u0633\u0645\u0649 \u0623\u064a\u0636\u0627\u064b \u0627\u0644\u0634\u0641\u0631\u064a\u0646 \u0627\u0644\u0643\u0628\u064a\u0631\u0629 \u0648\u0627\u0644\u0635\u063a\u064a\u0631\u0629. \u0648\u062a\u0646\u064a\u0631\u0647\u0645\u0627 \u0623\u064a \u0644\u0645\u0633\u0629.<\/p>\n\t\t\t\t\t\t\t\t<\/div>\n\t\t\t\t<\/div>\n\t\t\t\t\t<\/div>\n\t\t<\/div>\n\t\t\t\t\t<\/div>\n\t\t<\/section>\n\t\t\t\t<section class=\"elementor-section elementor-top-section elementor-element elementor-element-0ee3511 elementor-section-boxed elementor-section-height-default elementor-section-height-default\" data-id=\"0ee3511\" data-element_type=\"section\" data-e-type=\"section\">\n\t\t\t\t\t\t<div class=\"elementor-container elementor-column-gap-default\">\n\t\t\t\t\t<div class=\"elementor-column elementor-col-50 elementor-top-column elementor-element elementor-element-444218d\" data-id=\"444218d\" data-element_type=\"column\" data-e-type=\"column\">\n\t\t\t<div class=\"elementor-widget-wrap elementor-element-populated\">\n\t\t\t\t\t\t<div class=\"elementor-element elementor-element-f2f9279 elementor-widget elementor-widget-heading\" data-id=\"f2f9279\" data-element_type=\"widget\" data-e-type=\"widget\" data-widget_type=\"heading.default\">\n\t\t\t\t<div class=\"elementor-widget-container\">\n\t\t\t\t\t<h4 class=\"elementor-heading-title elementor-size-default\">\u0645\u0627 \u0647\u0648 \u0627\u0644\u0645\u0647\u0628\u0644\u061f<\/h4>\t\t\t\t<\/div>\n\t\t\t\t<\/div>\n\t\t\t\t<div class=\"elementor-element elementor-element-352ce1f elementor-widget elementor-widget-text-editor\" data-id=\"352ce1f\" data-element_type=\"widget\" data-e-type=\"widget\" data-widget_type=\"text-editor.default\">\n\t\t\t\t<div class=\"elementor-widget-container\">\n\t\t\t\t\t\t\t\t\t<p>\u0627\u0644\u0645\u0647\u0628\u0644 (\u0623\u0648 \u0627\u0644\u0639\u0636\u0648 \u0627\u0644\u062a\u0646\u0627\u0633\u0644\u064a \u0627\u0644\u0646\u0633\u0648\u064a) \u0645\u0648\u062c\u0648\u062f \u0628\u0634\u0643\u0644 \u0622\u0645\u0646 \u0643\u0639\u0636\u0648 \u062c\u0646\u0633\u064a \u0623\u0646\u062b\u0648\u064a \u062e\u0644\u0641 \u0627\u0644\u0634\u0641\u0631\u064a\u0646 \u0627\u0644\u062e\u0627\u0631\u062c\u064a\u0629 \u0648\u0627\u0644\u062f\u0627\u062e\u0644\u064a\u0629. \u062a\u062d\u064a\u0637 \u0627\u0644\u0634\u0641\u0631\u064a\u0646 \u0627\u0644\u062f\u0627\u062e\u0644\u064a\u0629 \u0628\u0641\u062a\u062d\u0629 \u0627\u0644\u0645\u0647\u0628\u0644 \u0648\u0641\u062a\u062d\u0629 \u0645\u062c\u0631\u0649 \u0627\u0644\u0628\u0648\u0644. \u0641\u064a \u0623\u0639\u0644\u0649 \u0627\u0644\u0634\u0641\u0631\u064a\u0646 \u0627\u0644\u062f\u0627\u062e\u0644\u064a\u064a\u0646 \u064a\u0648\u062c\u062f \u0627\u0644\u0628\u0638\u0631. \u062e\u0644\u0641 \u0641\u062a\u062d\u0629 \u0627\u0644\u0645\u0647\u0628\u0644 \u0647\u0646\u0627\u0643 \u0627\u0644\u0645\u0647\u0628\u0644 \u0648\u0647\u0648 \u0639\u0628\u0627\u0631\u0629 \u0639\u0646 \u0648\u0635\u0644\u0629 \u0623\u0646\u0628\u0648\u0628\u064a\u0651\u0629 \u0628\u0627\u0644\u0631\u062d\u0645. \u0625\u0646\u0647 \u0645\u0631\u0646 \u0644\u0644\u063a\u0627\u064a\u0629 \u0628\u062d\u064a\u062b \u064a\u0645\u0643\u0646 \u0644\u0644\u0637\u0641\u0644 \u0623\u0646 \u064a\u0645\u0631 \u062e\u0644\u0627\u0644 \u0627\u0644\u0648\u0644\u0627\u062f\u0629. \u064a\u062a\u062f\u0641\u0642 \u062f\u0645 \u0627\u0644\u062d\u064a\u0636 \u0648\u0627\u0644\u0633\u0648\u0627\u0626\u0644 \u0645\u0646 \u0641\u062a\u062d\u0629 \u0627\u0644\u0645\u0647\u0628\u0644. \u0648\u062a\u062e\u062a\u0644\u0641 \u0623\u0634\u0643\u0627\u0644 \u0627\u0644\u0623\u0639\u0636\u0627\u0621 \u0627\u0644\u062a\u0646\u0627\u0633\u0644\u064a\u0629 \u0645\u0646 \u0633\u064a\u062f\u0629 \u0644\u0623\u062e\u0631\u0649 \u0643\u0645\u0627 \u064a\u062e\u062a\u0644\u0641 \u0627\u0644\u0646\u0627\u0633 \u0628\u0627\u0644\u0634\u0643\u0644 \u0627\u0644\u062e\u0627\u0631\u062c\u064a (\u0627\u0644\u0634\u0641\u0631\u064a\u0646 \u0627\u0644\u062f\u0627\u062e\u0644\u064a\u0629 \u0648\u0627\u0644\u062e\u0627\u0631\u062c\u064a\u0629 \u0648\u0627\u0644\u0628\u0638\u0631 \u0648\u0641\u062a\u062d\u0629 \u0627\u0644\u0645\u0647\u0628\u0644).<\/p>\n\t\t\t\t\t\t\t\t<\/div>\n\t\t\t\t<\/div>\n\t\t\t\t\t<\/div>\n\t\t<\/div>\n\t\t\t\t<div class=\"elementor-column elementor-col-50 elementor-top-column elementor-element elementor-element-81a77df\" data-id=\"81a77df\" data-element_type=\"column\" data-e-type=\"column\">\n\t\t\t<div class=\"elementor-widget-wrap elementor-element-populated\">\n\t\t\t\t\t\t<div class=\"elementor-element elementor-element-33b38ea elementor-widget elementor-widget-heading\" data-id=\"33b38ea\" data-element_type=\"widget\" data-e-type=\"widget\" data-widget_type=\"heading.default\">\n\t\t\t\t<div class=\"elementor-widget-container\">\n\t\t\t\t\t<h4 class=\"elementor-heading-title elementor-size-default\">\u0645\u0627 \u0647\u0648 \u0627\u0644\u062a\u0634\u0648\u064a\u0647\u061f<\/h4>\t\t\t\t<\/div>\n\t\t\t\t<\/div>\n\t\t\t\t<div class=\"elementor-element elementor-element-8d11cb5 elementor-widget elementor-widget-text-editor\" data-id=\"8d11cb5\" data-element_type=\"widget\" data-e-type=\"widget\" data-widget_type=\"text-editor.default\">\n\t\t\t\t<div class=\"elementor-widget-container\">\n\t\t\t\t\t\t\t\t\t<p>\u0627\u0644\u062a\u0634\u0648\u064a\u0647 \u0647\u0648 \u0627\u0644\u062e\u0633\u0627\u0631\u0629 \u0627\u0644\u062c\u0632\u0626\u064a\u0629 \u0623\u0648 \u0627\u0644\u062a\u0627\u0645\u0629 \u0644\u0625\u062d\u062f\u0649 \u0623\u0639\u0636\u0627\u0621 \u0627\u0644\u062c\u0633\u0645 \u0627\u0644\u0628\u0634\u0631\u064a<\/p>\n\t\t\t\t\t\t\t\t<\/div>\n\t\t\t\t<\/div>\n\t\t\t\t\t<\/div>\n\t\t<\/div>\n\t\t\t\t\t<\/div>\n\t\t<\/section>\n\t\t\t\t<section class=\"elementor-section elementor-top-section elementor-element elementor-element-4dbf69d elementor-section-boxed elementor-section-height-default elementor-section-height-default\" data-id=\"4dbf69d\" data-element_type=\"section\" data-e-type=\"section\">\n\t\t\t\t\t\t<div class=\"elementor-container elementor-column-gap-default\">\n\t\t\t\t\t<div class=\"elementor-column elementor-col-50 elementor-top-column elementor-element elementor-element-3750ac2\" data-id=\"3750ac2\" data-element_type=\"column\" data-e-type=\"column\">\n\t\t\t<div class=\"elementor-widget-wrap elementor-element-populated\">\n\t\t\t\t\t\t<div class=\"elementor-element elementor-element-1be274c elementor-widget elementor-widget-heading\" data-id=\"1be274c\" data-element_type=\"widget\" data-e-type=\"widget\" data-widget_type=\"heading.default\">\n\t\t\t\t<div class=\"elementor-widget-container\">\n\t\t\t\t\t<h4 class=\"elementor-heading-title elementor-size-default\">\u0635\u0648\u0631<\/h4>\t\t\t\t<\/div>\n\t\t\t\t<\/div>\n\t\t\t\t<div class=\"elementor-element elementor-element-b196a99 elementor-widget elementor-widget-text-editor\" data-id=\"b196a99\" data-element_type=\"widget\" data-e-type=\"widget\" data-widget_type=\"text-editor.default\">\n\t\t\t\t<div class=\"elementor-widget-container\">\n\t\t\t\t\t\t\t\t\t<p><a href=\"https:\/\/www.zanzu.de\/de\/koerper\/koerper-der-frau\/sichtbare-sexualorgane-der-frau\/\" target=\"_blank\" rel=\"noopener\">www.zanzu.de\/de\/koerper\/koerper-der-frau\/sichtbare-sexualorgane-der-frau\/<\/a><\/p>\n\t\t\t\t\t\t\t\t<\/div>\n\t\t\t\t<\/div>\n\t\t\t\t\t<\/div>\n\t\t<\/div>\n\t\t\t\t<div class=\"elementor-column elementor-col-50 elementor-top-column elementor-element elementor-element-4ace7a8\" data-id=\"4ace7a8\" data-element_type=\"column\" data-e-type=\"column\">\n\t\t\t<div class=\"elementor-widget-wrap\">\n\t\t\t\t\t\t\t<\/div>\n\t\t<\/div>\n\t\t\t\t\t<\/div>\n\t\t<\/section>\n\t\t\t\t<\/div>\n\t\t","protected":false},"excerpt":{"rendered":"<p>\u00d8\u00aa\u00d9\u02c6\u00d8\u00b6\u00d9\u0160\u00d8\u00ad \u00d8\u00a8\u00d8\u00b9\u00d8\u00b6 \u00d8\u00a7\u00d9\u201e\u00d9\u2026\u00d8\u00b5\u00d8\u00b7\u00d9\u201e\u00d8\u00ad\u00d8\u00a7\u00d8\u00aa \u00d8\u00a7\u00d9\u201e\u00d9\u02c6\u00d8\u00a7\u00d8\u00b1\u00d8\u00af\u00d8\u00a9 \u00d9\u0081\u00d9\u0160 \u00d9\u2021\u00d8\u00b0\u00d9\u2021 \u00d8\u00a7\u00d9\u201e\u00d8\u00b5\u00d9\u0081\u00d8\u00ad\u00d8\u00a9 \u00d9\u2026\u00d8\u00a7 \u00d9\u2021\u00d9\u02c6 \u00d8\u00a7\u00d9\u201e\u00d8\u00a8\u00d8\u00b8\u00d8\u00b1\u00d8\u0178 \u00d8\u00a7\u00d9\u201e\u00d8\u00a8\u00d8\u00b8\u00d8\u00b1 \u00d9\u2021\u00d9\u02c6 \u00d8\u00ac\u00d8\u00b2\u00d8\u00a1 \u00d9\u2026\u00d9\u2020 \u00d8\u00a7\u00d9\u201e\u00d8\u00ac\u00d9\u2021\u00d8\u00a7\u00d8\u00b2 \u00d8\u00a7\u00d9\u201e\u00d8\u00aa\u00d9\u2020\u00d8\u00a7\u00d8\u00b3\u00d9\u201e\u00d9\u0160 \u00d8\u00a7\u00d9\u201e\u00d9\u2020\u00d8\u00b3\u00d9\u02c6\u00d9\u0160. \u00d9\u02c6\u00d8\u00ba\u00d8\u00b7\u00d8\u00a7\u00d8\u00a1 \u00d8\u00a7\u00d9\u201e\u00d8\u00a8\u00d8\u00b8\u00d8\u00b1 \u00d9\u2026\u00d9\u02c6\u00d8\u00ac\u00d9\u02c6\u00d8\u00af \u00d8\u00a8\u00d9\u0160\u00d9\u2020 \u00d8\u00a7\u00d9\u201e\u00d8\u00b4\u00d9\u0081\u00d8\u00b1\u00d9\u0160\u00d9\u2020 \u00d8\u00a7\u00d9\u201e\u00d8\u00b5\u00d8\u00ba\u00d9\u0160\u00d8\u00b1\u00d9\u0160\u00d9\u2020 \u00d9\u02c6\u00d9\u2021\u00d9\u02c6 \u00d8\u00ac\u00d8\u00b2\u00d8\u00a1 \u00d9\u2026\u00d9\u2020 \u00d8\u00a7\u00d9\u201e\u00d8\u00a8\u00d8\u00b8\u00d8\u00b1 \u00d8\u00a7\u00d9\u201e\u00d8\u00b8\u00d8\u00a7\u00d9\u2021\u00d8\u00b1. \u00d9\u0081\u00d9\u0160 \u00d8\u00ac\u00d8\u00b3\u00d9\u2026\u00d9\u0192 \u00d9\u0160\u00d8\u00a8\u00d9\u201e\u00d8\u00ba \u00d8\u00b7\u00d9\u02c6\u00d9\u201e \u00d8\u00a7\u00d9\u201e\u00d8\u00a8\u00d8\u00b8\u00d8\u00b1 \u00d8\u00b9\u00d8\u00b4\u00d8\u00b1\u00d8\u00a9 \u00d8\u00b3\u00d9\u2020\u00d9\u2026\u00d8\u00aa\u00d8\u00b1\u00d8\u00a7\u00d9\u2039. \u00d9\u02c6\u00d9\u2021\u00d9\u02c6 \u00d8\u00ad\u00d8\u00b3\u00d8\u00a7\u00d8\u00b3 \u00d8\u00ac\u00d8\u00af\u00d8\u00a7\u00d9\u2039 \u00d9\u02c6\u00d9\u2026\u00d8\u00b1\u00d9\u0192\u00d8\u00b2 \u00d8\u00a7\u00d9\u201e\u00d8\u00a5\u00d8\u00ab\u00d8\u00a7\u00d8\u00b1\u00d8\u00a9 \u00d9\u201e\u00d8\u00af\u00d9\u2030 \u00d8\u00a7\u00d9\u201e\u00d9\u0192\u00d8\u00ab\u00d9\u0160\u00d8\u00b1 \u00d9\u2026\u00d9\u2020 \u00d8\u00a7\u00d9\u201e\u00d8\u00b3\u00d9\u0160\u00d8\u00af\u00d8\u00a7\u00d8\u00aa. \u00d9\u2026\u00d8\u00a7\u00d9\u2021\u00d9\u0160 \u00d8\u00a7\u00d9\u201e\u00d8\u00b4\u00d9\u0081\u00d8\u00b1\u00d9\u0160\u00d9\u2020\u00d8\u0178 \u00d8\u00a7\u00d9\u201e\u00d8\u00b4\u00d9\u0081\u00d8\u00b1\u00d9\u0160\u00d9\u2020 \u00d9\u2021\u00d9\u0160 \u00d8\u00b9\u00d8\u00a8\u00d8\u00a7\u00d8\u00b1\u00d8\u00a9 \u00d8\u00b9\u00d9\u2020 \u00d8\u00b7\u00d9\u0160\u00d8\u00a7\u00d8\u00aa \u00d8\u00ac\u00d9\u201e\u00d8\u00af\u00d9\u0160\u00d8\u00a9 \u00d8\u00aa\u00d8\u00ba\u00d8\u00b7\u00d9\u0160 \u00d9\u2026\u00d8\u00af\u00d8\u00ae\u00d9\u201e \u00d8\u00a7\u00d9\u201e\u00d9\u2026\u00d9\u2021\u00d8\u00a8\u00d9\u201e [&hellip;]<\/p>\n","protected":false},"author":1,"featured_media":0,"parent":0,"menu_order":8,"comment_status":"closed","ping_status":"closed","template":"elementor_header_footer","meta":{"footnotes":""},"class_list":["post-4879","page","type-page","status-publish","hentry"],"_links":{"self":[{"href":"https:\/\/fgmhesse.com\/ar\/wp-json\/wp\/v2\/pages\/4879","targetHints":{"allow":["GET"]}}],"collection":[{"href":"https:\/\/fgmhesse.com\/ar\/wp-json\/wp\/v2\/pages"}],"about":[{"href":"https:\/\/fgmhesse.com\/ar\/wp-json\/wp\/v2\/types\/page"}],"author":[{"embeddable":true,"href":"https:\/\/fgmhesse.com\/ar\/wp-json\/wp\/v2\/users\/1"}],"replies":[{"embeddable":true,"href":"https:\/\/fgmhesse.com\/ar\/wp-json\/wp\/v2\/comments?post=4879"}],"version-history":[{"count":4,"href":"https:\/\/fgmhesse.com\/ar\/wp-json\/wp\/v2\/pages\/4879\/revisions"}],"predecessor-version":[{"id":5623,"href":"https:\/\/fgmhesse.com\/ar\/wp-json\/wp\/v2\/pages\/4879\/revisions\/5623"}],"wp:attachment":[{"href":"https:\/\/fgmhesse.com\/ar\/wp-json\/wp\/v2\/media?parent=4879"}],"curies":[{"name":"wp","href":"https:\/\/api.w.org\/{rel}","templated":true}]}}