{"id":4777,"date":"2020-06-16T14:13:01","date_gmt":"2020-06-16T14:13:01","guid":{"rendered":"https:\/\/fgmhesse.wp-profi-service.de\/commencez-urgent\/mgf-quest-ce-que-cest\/"},"modified":"2024-10-01T15:15:41","modified_gmt":"2024-10-01T15:15:41","slug":"mgf-quest-ce-que-cest","status":"publish","type":"page","link":"https:\/\/fgmhesse.com\/fr\/mgf-quest-ce-que-cest\/","title":{"rendered":"Qu\u2019est-ce que l\u2019excision ?"},"content":{"rendered":"\t\t<div data-elementor-type=\"wp-page\" data-elementor-id=\"4777\" class=\"elementor elementor-4777 elementor-16\" data-elementor-post-type=\"page\">\n\t\t\t\t\t\t<section class=\"elementor-section elementor-top-section elementor-element elementor-element-0676920 elementor-section-height-min-height elementor-section-boxed elementor-section-height-default elementor-section-items-middle\" data-id=\"0676920\" data-element_type=\"section\" data-e-type=\"section\" data-settings=\"{&quot;background_background&quot;:&quot;classic&quot;}\">\n\t\t\t\t\t\t\t<div class=\"elementor-background-overlay\"><\/div>\n\t\t\t\t\t\t\t<div class=\"elementor-container elementor-column-gap-default\">\n\t\t\t\t\t<div class=\"elementor-column elementor-col-66 elementor-top-column elementor-element elementor-element-f8f79fe\" data-id=\"f8f79fe\" data-element_type=\"column\" data-e-type=\"column\">\n\t\t\t<div class=\"elementor-widget-wrap elementor-element-populated\">\n\t\t\t\t\t\t<div class=\"elementor-element elementor-element-9c9e44c elementor-widget elementor-widget-heading\" data-id=\"9c9e44c\" data-element_type=\"widget\" data-e-type=\"widget\" data-widget_type=\"heading.default\">\n\t\t\t\t<div class=\"elementor-widget-container\">\n\t\t\t\t\t<h1 class=\"elementor-heading-title elementor-size-default\">Qu\u2019est-ce que l\u2019excision ?<\/h1>\t\t\t\t<\/div>\n\t\t\t\t<\/div>\n\t\t\t\t<div class=\"elementor-element elementor-element-a0a5098 elementor-widget elementor-widget-text-editor\" data-id=\"a0a5098\" data-element_type=\"widget\" data-e-type=\"widget\" data-widget_type=\"text-editor.default\">\n\t\t\t\t<div class=\"elementor-widget-container\">\n\t\t\t\t\t\t\t\t\t<p>L\u2019excision consiste en l\u2019ablation partielle ou totale du clitoris ainsi que des petites et des grandes l\u00e8vres (labia).<\/p>\n\t\t\t\t\t\t\t\t<\/div>\n\t\t\t\t<\/div>\n\t\t\t\t\t<\/div>\n\t\t<\/div>\n\t\t\t\t<div class=\"elementor-column elementor-col-33 elementor-top-column elementor-element elementor-element-6b19baa\" data-id=\"6b19baa\" data-element_type=\"column\" data-e-type=\"column\">\n\t\t\t<div class=\"elementor-widget-wrap\">\n\t\t\t\t\t\t\t<\/div>\n\t\t<\/div>\n\t\t\t\t\t<\/div>\n\t\t<\/section>\n\t\t\t\t<section class=\"elementor-section elementor-top-section elementor-element elementor-element-0ef824f elementor-section-boxed elementor-section-height-default elementor-section-height-default\" data-id=\"0ef824f\" data-element_type=\"section\" data-e-type=\"section\">\n\t\t\t\t\t\t<div class=\"elementor-container elementor-column-gap-default\">\n\t\t\t\t\t<div class=\"elementor-column elementor-col-50 elementor-top-column elementor-element elementor-element-efc7bcb\" data-id=\"efc7bcb\" data-element_type=\"column\" data-e-type=\"column\">\n\t\t\t<div class=\"elementor-widget-wrap elementor-element-populated\">\n\t\t\t\t\t\t<div class=\"elementor-element elementor-element-dc2e2a7 elementor-widget elementor-widget-heading\" data-id=\"dc2e2a7\" data-element_type=\"widget\" data-e-type=\"widget\" data-widget_type=\"heading.default\">\n\t\t\t\t<div class=\"elementor-widget-container\">\n\t\t\t\t\t<h4 class=\"elementor-heading-title elementor-size-default\">Il en existe quatre types :<\/h4>\t\t\t\t<\/div>\n\t\t\t\t<\/div>\n\t\t\t\t<div class=\"elementor-element elementor-element-b3500a5 elementor-widget elementor-widget-text-editor\" data-id=\"b3500a5\" data-element_type=\"widget\" data-e-type=\"widget\" data-widget_type=\"text-editor.default\">\n\t\t\t\t<div class=\"elementor-widget-container\">\n\t\t\t\t\t\t\t\t\t<p>Type I (clitoridectomie ou \u00ab\u00a0Sunna\u00a0\u00bb)\u00a0: ablation partielle ou totale de la partie externe du<a href=\"https:\/\/fgmhesse.com\/fr\/lexique\/\"> clitoris<\/a><\/p>\n\t\t\t\t\t\t\t\t<\/div>\n\t\t\t\t<\/div>\n\t\t\t\t<div class=\"elementor-element elementor-element-638dd98 elementor-widget elementor-widget-text-editor\" data-id=\"638dd98\" data-element_type=\"widget\" data-e-type=\"widget\" data-widget_type=\"text-editor.default\">\n\t\t\t\t<div class=\"elementor-widget-container\">\n\t\t\t\t\t\t\t\t\t<p>Type II (excision)\u00a0: ablation partielle ou totale de la partie externe du <a href=\"https:\/\/fgmhesse.com\/fr\/lexique\/\">clitoris <\/a>et des petites\u00a0<a href=\"https:\/\/fgmhesse.com\/fr\/lexique\/\">l\u00e8vres <\/a>(labia)<\/p>\n\t\t\t\t\t\t\t\t<\/div>\n\t\t\t\t<\/div>\n\t\t\t\t<div class=\"elementor-element elementor-element-28b8f90 elementor-widget elementor-widget-text-editor\" data-id=\"28b8f90\" data-element_type=\"widget\" data-e-type=\"widget\" data-widget_type=\"text-editor.default\">\n\t\t\t\t<div class=\"elementor-widget-container\">\n\t\t\t\t\t\t\t\t\t<p>Type III (infibulation ou \u00ab\u00a0excision pharaonique\u00a0\u00bb)\u00a0: l\u2019entr\u00e9e du <a href=\"https:\/\/fgmhesse.com\/fr\/lexique\/\">vagin <\/a>est r\u00e9tr\u00e9cie par l\u2019excision et la suture des grandes l\u00e8vres (labia). Parfois, mais pas syst\u00e9matiquement, la partie externe et visible du <a href=\"https:\/\/fgmhesse.com\/fr\/lexique\/\">clitoris<\/a> est enlev\u00e9e.<\/p>\n\t\t\t\t\t\t\t\t<\/div>\n\t\t\t\t<\/div>\n\t\t\t\t<div class=\"elementor-element elementor-element-9b5db43 elementor-widget elementor-widget-text-editor\" data-id=\"9b5db43\" data-element_type=\"widget\" data-e-type=\"widget\" data-widget_type=\"text-editor.default\">\n\t\t\t\t<div class=\"elementor-widget-container\">\n\t\t\t\t\t\t\t\t\t<p>Type IV : toutes les autres pratiques qui blessent les organes g\u00e9nitaux f\u00e9minins, comme le per\u00e7age, la perforation ou la caut\u00e9risation de ces organes.<\/p>\n\t\t\t\t\t\t\t\t<\/div>\n\t\t\t\t<\/div>\n\t\t\t\t<div class=\"elementor-element elementor-element-17f1835 elementor-widget elementor-widget-button\" data-id=\"17f1835\" data-element_type=\"widget\" data-e-type=\"widget\" data-widget_type=\"button.default\">\n\t\t\t\t<div class=\"elementor-widget-container\">\n\t\t\t\t\t\t\t\t\t<div class=\"elementor-button-wrapper\">\n\t\t\t\t\t<a class=\"elementor-button elementor-button-link elementor-size-xs\" href=\"http:\/\/www.zanzu.de\/de\/koerper\/koerper-der-frau\/weibliche-genitalverstuemmelung\/\" target=\"_blank\" rel=\"noopener\">\n\t\t\t\t\t\t<span class=\"elementor-button-content-wrapper\">\n\t\t\t\t\t\t\t\t\t<span class=\"elementor-button-text\">Vers les photos <\/span>\n\t\t\t\t\t<\/span>\n\t\t\t\t\t<\/a>\n\t\t\t\t<\/div>\n\t\t\t\t\t\t\t\t<\/div>\n\t\t\t\t<\/div>\n\t\t\t\t\t<\/div>\n\t\t<\/div>\n\t\t\t\t<div class=\"elementor-column elementor-col-50 elementor-top-column elementor-element elementor-element-5340cf7\" data-id=\"5340cf7\" data-element_type=\"column\" data-e-type=\"column\">\n\t\t\t<div class=\"elementor-widget-wrap\">\n\t\t\t\t\t\t\t<\/div>\n\t\t<\/div>\n\t\t\t\t\t<\/div>\n\t\t<\/section>\n\t\t\t\t<section class=\"elementor-section elementor-top-section elementor-element elementor-element-49e61e3 elementor-section-boxed elementor-section-height-default elementor-section-height-default\" data-id=\"49e61e3\" data-element_type=\"section\" data-e-type=\"section\">\n\t\t\t\t\t\t<div class=\"elementor-container elementor-column-gap-default\">\n\t\t\t\t\t<div class=\"elementor-column elementor-col-50 elementor-top-column elementor-element elementor-element-687dc42\" data-id=\"687dc42\" data-element_type=\"column\" data-e-type=\"column\">\n\t\t\t<div class=\"elementor-widget-wrap elementor-element-populated\">\n\t\t\t\t\t\t<div class=\"elementor-element elementor-element-435660c elementor-widget elementor-widget-image\" data-id=\"435660c\" data-element_type=\"widget\" data-e-type=\"widget\" data-widget_type=\"image.default\">\n\t\t\t\t<div class=\"elementor-widget-container\">\n\t\t\t\t\t\t\t\t\t\t\t\t\t\t\t<img fetchpriority=\"high\" decoding=\"async\" width=\"700\" height=\"774\" src=\"https:\/\/fgmhesse.com\/wp-content\/uploads\/2024\/01\/paragraph.png\" class=\"attachment-full size-full wp-image-4651\" alt=\"\" srcset=\"https:\/\/fgmhesse.com\/wp-content\/uploads\/2024\/01\/paragraph.png 700w, https:\/\/fgmhesse.com\/wp-content\/uploads\/2024\/01\/paragraph-271x300.png 271w\" sizes=\"(max-width: 700px) 100vw, 700px\" \/>\t\t\t\t\t\t\t\t\t\t\t\t\t\t\t<\/div>\n\t\t\t\t<\/div>\n\t\t\t\t\t<\/div>\n\t\t<\/div>\n\t\t\t\t<div class=\"elementor-column elementor-col-50 elementor-top-column elementor-element elementor-element-6f464a8\" data-id=\"6f464a8\" data-element_type=\"column\" data-e-type=\"column\">\n\t\t\t<div class=\"elementor-widget-wrap elementor-element-populated\">\n\t\t\t\t\t\t<div class=\"elementor-element elementor-element-807104c elementor-widget elementor-widget-text-editor\" data-id=\"807104c\" data-element_type=\"widget\" data-e-type=\"widget\" data-widget_type=\"text-editor.default\">\n\t\t\t\t<div class=\"elementor-widget-container\">\n\t\t\t\t\t\t\t\t\t<div class=\"elementor-element elementor-element-5878de8 elementor-widget elementor-widget-text-editor\" data-id=\"5878de8\" data-element_type=\"widget\" data-widget_type=\"text-editor.default\">\n<div class=\"elementor-widget-container\">\n<p class=\"western\">La mani\u00e8re de pratiquer l\u2019excision varie en fonction des pays, des r\u00e9gions et des groupes de population. Parfois, le type d\u2019excision \u00e9volue avec le temps. Quoi qu\u2019il en soit, tous les types d\u2019excision ont des cons\u00e9quences n\u00e9gatives sur la sant\u00e9 des jeunes filles et des femmes et violent le \u00ab\u00a0droit \u00e0 l\u2019int\u00e9grit\u00e9 physique\u00a0\u00bb. Autrement dit, tu as le droit de d\u00e9cider toi-m\u00eame de ce que tu fais de ton corps et de la mani\u00e8re dont il doit \u00eatre trait\u00e9.<\/p>\n<p class=\"western\">L\u2019\u00e2ge auquel l\u2019excision a lieu est tr\u00e8s variable. Certaines communaut\u00e9s excisent les petites filles dans les premiers mois de la vie. D\u2019autres pratiquent l\u2019excision entre quatre et huit ans ou lors du passage \u00e0 la pubert\u00e9.<\/p>\n<p>L\u2019excision est \u00e9galement appel\u00e9e <a href=\"https:\/\/fgmhesse.com\/fr\/lexique\/\">mutilation g\u00e9nitale f\u00e9minine<\/a>. Elle est une violation des droits humains. Elle nuit \u00e0 la sant\u00e9 et au bien-\u00eatre des jeunes filles et des femmes. Ces droits s\u2019appliquent \u00e0 tous les \u00eatres humains, qu\u2019ils viennent d\u2019Afrique, d\u2019Australie, d\u2019Asie, d\u2019Am\u00e9rique ou d\u2019Europe, qu\u2019ils soient hommes ou femmes, ou encore enfants, qu\u2019ils soient riches ou pauvres et quelles que soient leurs croyances. Le terme de \u00ab\u00a0<a href=\"https:\/\/fgmhesse.com\/fr\/lexique\/\">mutilations g\u00e9nitales f\u00e9minines<\/a>\u00a0\u00bb a \u00e9t\u00e9 introduit par l\u2019Organisation mondiale de la sant\u00e9 (OMS) et par des femmes africaines qui veulent en finir avec l\u2019excision. Les groupes de population concern\u00e9s utilisent leurs propres termes.<\/p>\n<\/div>\n<\/div>\n\t\t\t\t\t\t\t\t<\/div>\n\t\t\t\t<\/div>\n\t\t\t\t<div class=\"elementor-element elementor-element-7b16099 elementor-widget elementor-widget-button\" data-id=\"7b16099\" data-element_type=\"widget\" data-e-type=\"widget\" data-widget_type=\"button.default\">\n\t\t\t\t<div class=\"elementor-widget-container\">\n\t\t\t\t\t\t\t\t\t<div class=\"elementor-button-wrapper\">\n\t\t\t\t\t<a class=\"elementor-button elementor-button-link elementor-size-xs\" href=\"https:\/\/fgmhesse.com\/fr\/commencez-urgent\/lexique\/\">\n\t\t\t\t\t\t<span class=\"elementor-button-content-wrapper\">\n\t\t\t\t\t\t\t\t\t<span class=\"elementor-button-text\">Explication des termes <\/span>\n\t\t\t\t\t<\/span>\n\t\t\t\t\t<\/a>\n\t\t\t\t<\/div>\n\t\t\t\t\t\t\t\t<\/div>\n\t\t\t\t<\/div>\n\t\t\t\t\t<\/div>\n\t\t<\/div>\n\t\t\t\t\t<\/div>\n\t\t<\/section>\n\t\t\t\t<\/div>\n\t\t","protected":false},"excerpt":{"rendered":"<p>Qu\u00e2\u20ac\u2122est-ce que l\u00e2\u20ac\u2122excision ? L\u00e2\u20ac\u2122excision consiste en l\u00e2\u20ac\u2122ablation partielle ou totale du clitoris ainsi que des petites et des grandes l\u00c3\u00a8vres (labia). Il en existe quatre types : Type I (clitoridectomie ou \u00c2\u00ab\u00c2\u00a0Sunna\u00c2\u00a0\u00c2\u00bb)\u00c2\u00a0: ablation partielle ou totale de la partie externe du clitoris Type II (excision)\u00c2\u00a0: ablation partielle ou totale de la partie externe du [&hellip;]<\/p>\n","protected":false},"author":1,"featured_media":0,"parent":0,"menu_order":0,"comment_status":"closed","ping_status":"closed","template":"elementor_header_footer","meta":{"footnotes":""},"class_list":["post-4777","page","type-page","status-publish","hentry"],"_links":{"self":[{"href":"https:\/\/fgmhesse.com\/fr\/wp-json\/wp\/v2\/pages\/4777","targetHints":{"allow":["GET"]}}],"collection":[{"href":"https:\/\/fgmhesse.com\/fr\/wp-json\/wp\/v2\/pages"}],"about":[{"href":"https:\/\/fgmhesse.com\/fr\/wp-json\/wp\/v2\/types\/page"}],"author":[{"embeddable":true,"href":"https:\/\/fgmhesse.com\/fr\/wp-json\/wp\/v2\/users\/1"}],"replies":[{"embeddable":true,"href":"https:\/\/fgmhesse.com\/fr\/wp-json\/wp\/v2\/comments?post=4777"}],"version-history":[{"count":5,"href":"https:\/\/fgmhesse.com\/fr\/wp-json\/wp\/v2\/pages\/4777\/revisions"}],"predecessor-version":[{"id":5597,"href":"https:\/\/fgmhesse.com\/fr\/wp-json\/wp\/v2\/pages\/4777\/revisions\/5597"}],"wp:attachment":[{"href":"https:\/\/fgmhesse.com\/fr\/wp-json\/wp\/v2\/media?parent=4777"}],"curies":[{"name":"wp","href":"https:\/\/api.w.org\/{rel}","templated":true}]}}