{"id":4782,"date":"2020-06-16T14:26:34","date_gmt":"2020-06-16T14:26:34","guid":{"rendered":"https:\/\/fgmhesse.wp-profi-service.de\/commencez-urgent\/dans-quels-pays-les-filles-sont-elles-excisees\/"},"modified":"2024-10-01T15:36:26","modified_gmt":"2024-10-01T15:36:26","slug":"dans-quels-pays-les-filles-sont-elles-excisees","status":"publish","type":"page","link":"https:\/\/fgmhesse.com\/fr\/dans-quels-pays-les-filles-sont-elles-excisees\/","title":{"rendered":"Dans quels pays les femmes sont-elles excis\u00e9es ?"},"content":{"rendered":"\t\t<div data-elementor-type=\"wp-page\" data-elementor-id=\"4782\" class=\"elementor elementor-4782 elementor-26\" data-elementor-post-type=\"page\">\n\t\t\t\t\t\t<section class=\"elementor-section elementor-top-section elementor-element elementor-element-4badf82 elementor-section-height-min-height elementor-section-boxed elementor-section-height-default elementor-section-items-middle\" data-id=\"4badf82\" data-element_type=\"section\" data-e-type=\"section\" data-settings=\"{&quot;background_background&quot;:&quot;classic&quot;}\">\n\t\t\t\t\t\t\t<div class=\"elementor-background-overlay\"><\/div>\n\t\t\t\t\t\t\t<div class=\"elementor-container elementor-column-gap-default\">\n\t\t\t\t\t<div class=\"elementor-column elementor-col-66 elementor-top-column elementor-element elementor-element-eb0ebae\" data-id=\"eb0ebae\" data-element_type=\"column\" data-e-type=\"column\" data-settings=\"{&quot;background_background&quot;:&quot;classic&quot;}\">\n\t\t\t<div class=\"elementor-widget-wrap elementor-element-populated\">\n\t\t\t\t\t\t<div class=\"elementor-element elementor-element-277a0b0 elementor-widget elementor-widget-heading\" data-id=\"277a0b0\" data-element_type=\"widget\" data-e-type=\"widget\" data-widget_type=\"heading.default\">\n\t\t\t\t<div class=\"elementor-widget-container\">\n\t\t\t\t\t<h2 class=\"elementor-heading-title elementor-size-default\">Dans quels pays les femmes sont-elles excis\u00e9es ?<\/h2>\t\t\t\t<\/div>\n\t\t\t\t<\/div>\n\t\t\t\t\t<\/div>\n\t\t<\/div>\n\t\t\t\t<div class=\"elementor-column elementor-col-33 elementor-top-column elementor-element elementor-element-1f8c357\" data-id=\"1f8c357\" data-element_type=\"column\" data-e-type=\"column\">\n\t\t\t<div class=\"elementor-widget-wrap\">\n\t\t\t\t\t\t\t<\/div>\n\t\t<\/div>\n\t\t\t\t\t<\/div>\n\t\t<\/section>\n\t\t\t\t<section class=\"elementor-section elementor-top-section elementor-element elementor-element-13c5836 elementor-section-boxed elementor-section-height-default elementor-section-height-default\" data-id=\"13c5836\" data-element_type=\"section\" data-e-type=\"section\">\n\t\t\t\t\t\t<div class=\"elementor-container elementor-column-gap-default\">\n\t\t\t\t\t<div class=\"elementor-column elementor-col-50 elementor-top-column elementor-element elementor-element-ad6e7e0\" data-id=\"ad6e7e0\" data-element_type=\"column\" data-e-type=\"column\">\n\t\t\t<div class=\"elementor-widget-wrap elementor-element-populated\">\n\t\t\t\t\t\t<div class=\"elementor-element elementor-element-a9969db elementor-widget elementor-widget-text-editor\" data-id=\"a9969db\" data-element_type=\"widget\" data-e-type=\"widget\" data-widget_type=\"text-editor.default\">\n\t\t\t\t<div class=\"elementor-widget-container\">\n\t\t\t\t\t\t\t\t\t<div class=\"elementor-element elementor-element-a9969db elementor-widget elementor-widget-text-editor\" data-id=\"a9969db\" data-element_type=\"widget\" data-widget_type=\"text-editor.default\">\r\n<div class=\"elementor-widget-container\">\r\n<p class=\"western\">Les jeunes filles et les femmes de diff\u00e9rentes communaut\u00e9s situ\u00e9es en Afrique, en Asie, au Proche-Orient et en Am\u00e9rique du Sud sont excis\u00e9es. Il existe des diff\u00e9rences selon le lieu et la communaut\u00e9, m\u00eame au sein d\u2019un pays. Ces diff\u00e9rences concernent le nombre de jeunes filles et de femmes ayant subi une excision ainsi que la mani\u00e8re et les raisons de proc\u00e9der \u00e0 cette pratique.<\/p>\r\n<p class=\"western\">Le fait de vivre en Europe, en Australie, au Canada ou aux \u00c9tats-Unis ne prot\u00e8ge malheureusement pas les jeunes filles ni les femmes de l\u2019excision. Dans ces pays, l\u2019excision n\u2019est certes pas une tradition et est strictement interdite, mais elle est quand m\u00eame pratiqu\u00e9e par certaines familles. Le risque de se faire exciser existe pour les jeunes filles et les femmes qu\u2019elles se trouvent dans leur pays d\u2019accueil ou dans leur pays d\u2019origine. Il arrive, par exemple, que des jeunes filles qui vivent dans des pays europ\u00e9ens soient excis\u00e9es pendant les vacances d\u2019\u00e9t\u00e9 lorsqu\u2019elles partent en voyage dans le pays d\u2019origine de leurs parents ou dans un pays voisin.<\/p>\r\n\r\n<\/div>\r\n<\/div>\t\t\t\t\t\t\t\t<\/div>\n\t\t\t\t<\/div>\n\t\t\t\t\t<\/div>\n\t\t<\/div>\n\t\t\t\t<div class=\"elementor-column elementor-col-50 elementor-top-column elementor-element elementor-element-c604c41\" data-id=\"c604c41\" data-element_type=\"column\" data-e-type=\"column\">\n\t\t\t<div class=\"elementor-widget-wrap elementor-element-populated\">\n\t\t\t\t\t\t<div class=\"elementor-element elementor-element-ed3a5b6 elementor-widget elementor-widget-heading\" data-id=\"ed3a5b6\" data-element_type=\"widget\" data-e-type=\"widget\" data-widget_type=\"heading.default\">\n\t\t\t\t<div class=\"elementor-widget-container\">\n\t\t\t\t\t<h4 class=\"elementor-heading-title elementor-size-default\">Voici quelques chiffres :<\/h4>\t\t\t\t<\/div>\n\t\t\t\t<\/div>\n\t\t\t\t<div class=\"elementor-element elementor-element-aeb32b4 elementor-widget elementor-widget-text-editor\" data-id=\"aeb32b4\" data-element_type=\"widget\" data-e-type=\"widget\" data-widget_type=\"text-editor.default\">\n\t\t\t\t<div class=\"elementor-widget-container\">\n\t\t\t\t\t\t\t\t\t<p>Pr\u00e8s de 70\u00a0000 femmes excis\u00e9es vivent en Allemagne et jusqu\u2019\u00e0 15\u00a0000 jeunes filles de moins de 18 ans sont menac\u00e9es<a href=\"https:\/\/fgmhessen.de\/dringendes\/in-welchen-laendern-werden-maedchen-beschnitten\/#https:\/\/fgmhessen.de\/dringendes\/in-welchen-laendern-werden-maedchen-beschnitten\/\" target=\"_blank\" rel=\"noopener\">[1]<\/a><a name=\"_ftnref1\"><\/a>. Plus de 12\u00a0000 femmes excis\u00e9es vivent en Hesse et 3\u00a0000 jeunes filles sont menac\u00e9es.<a href=\"https:\/\/fgmhessen.de\/dringendes\/in-welchen-laendern-werden-maedchen-beschnitten\/#https:\/\/fgmhessen.de\/dringendes\/in-welchen-laendern-werden-maedchen-beschnitten\/\" target=\"_blank\" rel=\"noopener\">[2]<\/a><a name=\"_ftnref2\"><\/a> Environ 200 millions de jeunes filles et de femmes sont excis\u00e9es dans le monde. Elles sont 3 millions de plus chaque ann\u00e9e.<a href=\"https:\/\/fgmhessen.de\/dringendes\/in-welchen-laendern-werden-maedchen-beschnitten\/#https:\/\/fgmhessen.de\/dringendes\/in-welchen-laendern-werden-maedchen-beschnitten\/\" target=\"_blank\" rel=\"noopener\">[3]<\/a><a name=\"_ftnref3\"><\/a> Dans la plupart des pays africains ainsi qu\u2019en Allemagne, l\u2019excision est interdite.<\/p>\n\t\t\t\t\t\t\t\t<\/div>\n\t\t\t\t<\/div>\n\t\t\t\t\t<\/div>\n\t\t<\/div>\n\t\t\t\t\t<\/div>\n\t\t<\/section>\n\t\t\t\t<section class=\"elementor-section elementor-top-section elementor-element elementor-element-7a68587 elementor-section-boxed elementor-section-height-default elementor-section-height-default\" data-id=\"7a68587\" data-element_type=\"section\" data-e-type=\"section\">\n\t\t\t\t\t\t<div class=\"elementor-container elementor-column-gap-default\">\n\t\t\t\t\t<div class=\"elementor-column elementor-col-100 elementor-top-column elementor-element elementor-element-fdcdda9\" data-id=\"fdcdda9\" data-element_type=\"column\" data-e-type=\"column\">\n\t\t\t<div class=\"elementor-widget-wrap elementor-element-populated\">\n\t\t\t\t\t\t<div class=\"elementor-element elementor-element-4ad6a0a elementor-widget elementor-widget-heading\" data-id=\"4ad6a0a\" data-element_type=\"widget\" data-e-type=\"widget\" data-widget_type=\"heading.default\">\n\t\t\t\t<div class=\"elementor-widget-container\">\n\t\t\t\t\t<h4 class=\"elementor-heading-title elementor-size-default\">Sources<\/h4>\t\t\t\t<\/div>\n\t\t\t\t<\/div>\n\t\t\t\t<div class=\"elementor-element elementor-element-1a909af elementor-widget elementor-widget-text-editor\" data-id=\"1a909af\" data-element_type=\"widget\" data-e-type=\"widget\" data-widget_type=\"text-editor.default\">\n\t\t\t\t<div class=\"elementor-widget-container\">\n\t\t\t\t\t\t\t\t\t<div class=\"elementor-element elementor-element-1a909af elementor-widget elementor-widget-text-editor\" data-id=\"1a909af\" data-element_type=\"widget\" data-widget_type=\"text-editor.default\">\n<div class=\"elementor-widget-container\">\n<p><a href=\"https:\/\/fgmhesse.com\/francais\/in-welchen-landern-werden-madchen-beschnitten-franzosisch\/#_ftnref1\" name=\"_ftn1\">[1]<\/a> Minist\u00e8re f\u00e9d\u00e9ral de la famille (BMFSFJ), 25.06.2020<\/p>\n<p><a href=\"https:\/\/fgmhesse.com\/francais\/in-welchen-landern-werden-madchen-beschnitten-franzosisch\/#_ftnref2\" name=\"_ftn2\">[2]<\/a> TERRE DES FEMMES, statistique se basant sur les cas inconnus, situation du 10\/2020<\/p>\n<p><a href=\"https:\/\/fgmhesse.com\/francais\/in-welchen-landern-werden-madchen-beschnitten-franzosisch\/#_ftnref3\" name=\"_ftn3\">[3]<\/a> <a href=\"https:\/\/www.who.int\/news-room\/fact-sheets\/detail\/female-genital-mutilation\" target=\"_blank\" rel=\"noopener\">www.who.int\/news-room\/fact-sheets\/detail\/female-genital-mutilation<\/a><\/p>\n<\/div>\n<\/div>\n\t\t\t\t\t\t\t\t<\/div>\n\t\t\t\t<\/div>\n\t\t\t\t\t<\/div>\n\t\t<\/div>\n\t\t\t\t\t<\/div>\n\t\t<\/section>\n\t\t\t\t<\/div>\n\t\t","protected":false},"excerpt":{"rendered":"<p>Dans quels pays les femmes sont-elles excis\u00c3\u00a9es ? Les jeunes filles et les femmes de diff\u00c3\u00a9rentes communaut\u00c3\u00a9s situ\u00c3\u00a9es en Afrique, en Asie, au Proche-Orient et en Am\u00c3\u00a9rique du Sud sont excis\u00c3\u00a9es. Il existe des diff\u00c3\u00a9rences selon le lieu et la communaut\u00c3\u00a9, m\u00c3\u00aame au sein d\u00e2\u20ac\u2122un pays. Ces diff\u00c3\u00a9rences concernent le nombre de jeunes filles et [&hellip;]<\/p>\n","protected":false},"author":1,"featured_media":0,"parent":0,"menu_order":3,"comment_status":"closed","ping_status":"closed","template":"elementor_header_footer","meta":{"footnotes":""},"class_list":["post-4782","page","type-page","status-publish","hentry"],"_links":{"self":[{"href":"https:\/\/fgmhesse.com\/fr\/wp-json\/wp\/v2\/pages\/4782","targetHints":{"allow":["GET"]}}],"collection":[{"href":"https:\/\/fgmhesse.com\/fr\/wp-json\/wp\/v2\/pages"}],"about":[{"href":"https:\/\/fgmhesse.com\/fr\/wp-json\/wp\/v2\/types\/page"}],"author":[{"embeddable":true,"href":"https:\/\/fgmhesse.com\/fr\/wp-json\/wp\/v2\/users\/1"}],"replies":[{"embeddable":true,"href":"https:\/\/fgmhesse.com\/fr\/wp-json\/wp\/v2\/comments?post=4782"}],"version-history":[{"count":5,"href":"https:\/\/fgmhesse.com\/fr\/wp-json\/wp\/v2\/pages\/4782\/revisions"}],"predecessor-version":[{"id":5605,"href":"https:\/\/fgmhesse.com\/fr\/wp-json\/wp\/v2\/pages\/4782\/revisions\/5605"}],"wp:attachment":[{"href":"https:\/\/fgmhesse.com\/fr\/wp-json\/wp\/v2\/media?parent=4782"}],"curies":[{"name":"wp","href":"https:\/\/api.w.org\/{rel}","templated":true}]}}