{"id":4784,"date":"2020-06-16T14:27:00","date_gmt":"2020-06-16T14:27:00","guid":{"rendered":"https:\/\/fgmhesse.wp-profi-service.de\/commencez-urgent\/les-mgf-sont-interdites\/"},"modified":"2024-10-01T15:36:44","modified_gmt":"2024-10-01T15:36:44","slug":"les-mgf-sont-interdites","status":"publish","type":"page","link":"https:\/\/fgmhesse.com\/fr\/les-mgf-sont-interdites\/","title":{"rendered":"L\u2019excision est interdite !"},"content":{"rendered":"\t\t<div data-elementor-type=\"wp-page\" data-elementor-id=\"4784\" class=\"elementor elementor-4784 elementor-28\" data-elementor-post-type=\"page\">\n\t\t\t\t\t\t<section class=\"elementor-section elementor-top-section elementor-element elementor-element-54ac917 elementor-section-height-min-height elementor-section-boxed elementor-section-height-default elementor-section-items-middle\" data-id=\"54ac917\" data-element_type=\"section\" data-e-type=\"section\" data-settings=\"{&quot;background_background&quot;:&quot;classic&quot;}\">\n\t\t\t\t\t\t\t<div class=\"elementor-background-overlay\"><\/div>\n\t\t\t\t\t\t\t<div class=\"elementor-container elementor-column-gap-default\">\n\t\t\t\t\t<div class=\"elementor-column elementor-col-66 elementor-top-column elementor-element elementor-element-b1a310f\" data-id=\"b1a310f\" data-element_type=\"column\" data-e-type=\"column\" data-settings=\"{&quot;background_background&quot;:&quot;classic&quot;}\">\n\t\t\t<div class=\"elementor-widget-wrap elementor-element-populated\">\n\t\t\t\t\t\t<div class=\"elementor-element elementor-element-aac18c9 elementor-widget elementor-widget-heading\" data-id=\"aac18c9\" data-element_type=\"widget\" data-e-type=\"widget\" data-widget_type=\"heading.default\">\n\t\t\t\t<div class=\"elementor-widget-container\">\n\t\t\t\t\t<h2 class=\"elementor-heading-title elementor-size-default\"> L\u2019excision est interdite !<\/h2>\t\t\t\t<\/div>\n\t\t\t\t<\/div>\n\t\t\t\t\t<\/div>\n\t\t<\/div>\n\t\t\t\t<div class=\"elementor-column elementor-col-33 elementor-top-column elementor-element elementor-element-650ae0f\" data-id=\"650ae0f\" data-element_type=\"column\" data-e-type=\"column\">\n\t\t\t<div class=\"elementor-widget-wrap\">\n\t\t\t\t\t\t\t<\/div>\n\t\t<\/div>\n\t\t\t\t\t<\/div>\n\t\t<\/section>\n\t\t\t\t<section class=\"elementor-section elementor-top-section elementor-element elementor-element-12fed1a elementor-section-boxed elementor-section-height-default elementor-section-height-default\" data-id=\"12fed1a\" data-element_type=\"section\" data-e-type=\"section\">\n\t\t\t\t\t\t<div class=\"elementor-container elementor-column-gap-default\">\n\t\t\t\t\t<div class=\"elementor-column elementor-col-50 elementor-top-column elementor-element elementor-element-7e70db9\" data-id=\"7e70db9\" data-element_type=\"column\" data-e-type=\"column\">\n\t\t\t<div class=\"elementor-widget-wrap elementor-element-populated\">\n\t\t\t\t\t\t<div class=\"elementor-element elementor-element-ae9efd4 elementor-widget elementor-widget-text-editor\" data-id=\"ae9efd4\" data-element_type=\"widget\" data-e-type=\"widget\" data-widget_type=\"text-editor.default\">\n\t\t\t\t<div class=\"elementor-widget-container\">\n\t\t\t\t\t\t\t\t\t<p class=\"western\">Toute personne pratiquant l\u2019excision viole les droits humains (ces droits s\u2019appliquent \u00e0 tous les \u00eatres humains, qu\u2019ils viennent d\u2019Afrique, d\u2019Australie, d\u2019Asie, d\u2019Am\u00e9rique ou d\u2019Europe, qu\u2019ils soient hommes ou femmes, ou encore enfants, qu\u2019ils soient riches ou pauvres et quelles que soient leurs croyances), en particulier le droit \u00e0 l\u2019int\u00e9grit\u00e9 physique (le droit de d\u00e9cider toi-m\u00eame de ce que tu fais de ton corps et de la mani\u00e8re dont il doit \u00eatre trait\u00e9) ainsi qu\u2019\u00e0 la protection contre la violence envers les femmes et les jeunes filles. L\u2019\u00c9tat a le devoir de prot\u00e9ger les jeunes filles et les femmes de l\u2019excision et de leur offrir son aide.<\/p>\n<p class=\"western\">En Allemagne, toute forme de mutilation des organes g\u00e9nitaux des femmes est interdite et condamn\u00e9e au titre d\u2019une agression physique grave (<a href=\"https:\/\/www.gesetze-im-internet.de\/stgb\/__226a.html\" target=\"_blank\" rel=\"noopener\">article 226a du code p\u00e9nal<\/a>).<\/p>\n\t\t\t\t\t\t\t\t<\/div>\n\t\t\t\t<\/div>\n\t\t\t\t<div class=\"elementor-element elementor-element-22a12df elementor-widget elementor-widget-toggle\" data-id=\"22a12df\" data-element_type=\"widget\" data-e-type=\"widget\" data-widget_type=\"toggle.default\">\n\t\t\t\t<div class=\"elementor-widget-container\">\n\t\t\t\t\t\t\t<div class=\"elementor-toggle\">\n\t\t\t\t\t\t\t<div class=\"elementor-toggle-item\">\n\t\t\t\t\t<div id=\"elementor-tab-title-3631\" class=\"elementor-tab-title\" data-tab=\"1\" role=\"button\" aria-controls=\"elementor-tab-content-3631\" aria-expanded=\"false\">\n\t\t\t\t\t\t\t\t\t\t\t\t<span class=\"elementor-toggle-icon elementor-toggle-icon-left\" aria-hidden=\"true\">\n\t\t\t\t\t\t\t\t\t\t\t\t\t\t\t<span class=\"elementor-toggle-icon-closed\"><svg xmlns=\"http:\/\/www.w3.org\/2000\/svg\" height=\"24\" viewBox=\"0 -960 960 960\" width=\"24\"><path d=\"M480-345 240-585l56-56 184 184 184-184 56 56-240 240Z\"><\/path><\/svg><\/span>\n\t\t\t\t\t\t\t\t<span class=\"elementor-toggle-icon-opened\"><svg xmlns=\"http:\/\/www.w3.org\/2000\/svg\" height=\"24\" viewBox=\"0 -960 960 960\" width=\"24\"><path d=\"m296-345-56-56 240-240 240 240-56 56-184-184-184 184Z\"><\/path><\/svg><\/span>\n\t\t\t\t\t\t\t\t\t\t\t\t\t<\/span>\n\t\t\t\t\t\t\t\t\t\t\t\t<a class=\"elementor-toggle-title\" tabindex=\"0\">en savoir plus<\/a>\n\t\t\t\t\t<\/div>\n\n\t\t\t\t\t<div id=\"elementor-tab-content-3631\" class=\"elementor-tab-content elementor-clearfix\" data-tab=\"1\" role=\"region\" aria-labelledby=\"elementor-tab-title-3631\"><p class=\"western\">Ne sont pas condamn\u00e9s uniquement les personnes qui pratiquent l\u2019excision, mais aussi les parents et la famille proche qui font exciser une jeune fille. Les jeunes filles qui vivent en Europe sont parfois excis\u00e9es pendant les vacances qu\u2019elles passent dans le pays d\u2019origine de leurs parents ou dans un pays voisin. Il est probable que c\u2019est un membre de la famille proche (la grand-m\u00e8re ou une tante, par exemple) qui souhaite les faire exciser. Toute personne qui pratique l\u2019excision \u00e0 l\u2019\u00e9tranger ou l\u2019a rendue possible est \u00e9galement condamn\u00e9e. Toute personne qui contrevient \u00e0 cette interdiction est condamn\u00e9e \u00e0 une peine pouvant aller jusqu\u2019\u00e0 15 ans de prison ou peut perdre son droit de s\u00e9jour, voire \u00eatre expuls\u00e9e. Ces peines s\u2019appliquent pour toutes les formes d\u2019excision.<\/p>\n<p class=\"western\">Les parents sont responsables de la protection de leurs filles. S\u2019ils n\u2019assument pas cette responsabilit\u00e9, les autorit\u00e9s correspondantes sont saisies et la garde peut leur \u00eatre retir\u00e9e, c\u2019est-\u00e0-dire que des institutions publiques peuvent retirer les jeunes filles de leurs familles provisoirement ou durablement.<\/p>\n<p class=\"western\">Les jeunes filles et les femmes concern\u00e9es peuvent demander des dommages-int\u00e9r\u00eats de la part de la personne qui a pratiqu\u00e9 l\u2019excision. En d\u2019autres termes, cette personne doit te verser de l\u2019argent pour la souffrance qu\u2019elle t\u2019a inflig\u00e9e.<\/p>\n<\/div>\n\t\t\t\t<\/div>\n\t\t\t\t\t\t\t\t<\/div>\n\t\t\t\t\t\t<\/div>\n\t\t\t\t<\/div>\n\t\t\t\t<div class=\"elementor-element elementor-element-17a8b4b elementor-widget elementor-widget-button\" data-id=\"17a8b4b\" data-element_type=\"widget\" data-e-type=\"widget\" data-widget_type=\"button.default\">\n\t\t\t\t<div class=\"elementor-widget-container\">\n\t\t\t\t\t\t\t\t\t<div class=\"elementor-button-wrapper\">\n\t\t\t\t\t<a class=\"elementor-button elementor-button-link elementor-size-xs\" href=\"https:\/\/fgmhesse.com\/#reise\">\n\t\t\t\t\t\t<span class=\"elementor-button-content-wrapper\">\n\t\t\t\t\t\t\t\t\t<span class=\"elementor-button-text\">Je pars en voyage dans le pays de mes parents<\/span>\n\t\t\t\t\t<\/span>\n\t\t\t\t\t<\/a>\n\t\t\t\t<\/div>\n\t\t\t\t\t\t\t\t<\/div>\n\t\t\t\t<\/div>\n\t\t\t\t<div class=\"elementor-element elementor-element-7fe280f elementor-widget elementor-widget-button\" data-id=\"7fe280f\" data-element_type=\"widget\" data-e-type=\"widget\" data-widget_type=\"button.default\">\n\t\t\t\t<div class=\"elementor-widget-container\">\n\t\t\t\t\t\t\t\t\t<div class=\"elementor-button-wrapper\">\n\t\t\t\t\t<a class=\"elementor-button elementor-button-link elementor-size-xs\" href=\"https:\/\/fgmhesse.com\/#heimatland-schutz\">\n\t\t\t\t\t\t<span class=\"elementor-button-content-wrapper\">\n\t\t\t\t\t\t\t\t\t<span class=\"elementor-button-text\">Comment puis-je prot\u00e9ger ma fille lors d\u2019un voyage dans mon pays d\u2019origine ? <\/span>\n\t\t\t\t\t<\/span>\n\t\t\t\t\t<\/a>\n\t\t\t\t<\/div>\n\t\t\t\t\t\t\t\t<\/div>\n\t\t\t\t<\/div>\n\t\t\t\t<div class=\"elementor-element elementor-element-bfc86bd elementor-widget elementor-widget-button\" data-id=\"bfc86bd\" data-element_type=\"widget\" data-e-type=\"widget\" data-widget_type=\"button.default\">\n\t\t\t\t<div class=\"elementor-widget-container\">\n\t\t\t\t\t\t\t\t\t<div class=\"elementor-button-wrapper\">\n\t\t\t\t\t<a class=\"elementor-button elementor-button-link elementor-size-xs\" href=\"https:\/\/fgmhesse.com\/fr\/commencez-urgent\/ou-puis-je-obtenir-de-laide\/\">\n\t\t\t\t\t\t<span class=\"elementor-button-content-wrapper\">\n\t\t\t\t\t\t\t\t\t<span class=\"elementor-button-text\">O\u00f9 puis-je recevoir de l\u2019aide ? <\/span>\n\t\t\t\t\t<\/span>\n\t\t\t\t\t<\/a>\n\t\t\t\t<\/div>\n\t\t\t\t\t\t\t\t<\/div>\n\t\t\t\t<\/div>\n\t\t\t\t\t<\/div>\n\t\t<\/div>\n\t\t\t\t<div class=\"elementor-column elementor-col-50 elementor-top-column elementor-element elementor-element-1107eff\" data-id=\"1107eff\" data-element_type=\"column\" data-e-type=\"column\">\n\t\t\t<div class=\"elementor-widget-wrap elementor-element-populated\">\n\t\t\t\t\t\t<div class=\"elementor-element elementor-element-0d90c9a elementor-widget elementor-widget-image\" data-id=\"0d90c9a\" data-element_type=\"widget\" data-e-type=\"widget\" data-widget_type=\"image.default\">\n\t\t\t\t<div class=\"elementor-widget-container\">\n\t\t\t\t\t\t\t\t\t\t\t\t\t\t\t<img fetchpriority=\"high\" decoding=\"async\" width=\"800\" height=\"763\" src=\"https:\/\/fgmhesse.com\/wp-content\/uploads\/2024\/02\/stop-fgm.png\" class=\"attachment-full size-full wp-image-4723\" alt=\"\" srcset=\"https:\/\/fgmhesse.com\/wp-content\/uploads\/2024\/02\/stop-fgm.png 800w, https:\/\/fgmhesse.com\/wp-content\/uploads\/2024\/02\/stop-fgm-300x286.png 300w, https:\/\/fgmhesse.com\/wp-content\/uploads\/2024\/02\/stop-fgm-768x732.png 768w\" sizes=\"(max-width: 800px) 100vw, 800px\" \/>\t\t\t\t\t\t\t\t\t\t\t\t\t\t\t<\/div>\n\t\t\t\t<\/div>\n\t\t\t\t\t<\/div>\n\t\t<\/div>\n\t\t\t\t\t<\/div>\n\t\t<\/section>\n\t\t\t\t<\/div>\n\t\t","protected":false},"excerpt":{"rendered":"<p>L\u00e2\u20ac\u2122excision est interdite ! Toute personne pratiquant l\u00e2\u20ac\u2122excision viole les droits humains (ces droits s\u00e2\u20ac\u2122appliquent \u00c3\u00a0 tous les \u00c3\u00aatres humains, qu\u00e2\u20ac\u2122ils viennent d\u00e2\u20ac\u2122Afrique, d\u00e2\u20ac\u2122Australie, d\u00e2\u20ac\u2122Asie, d\u00e2\u20ac\u2122Am\u00c3\u00a9rique ou d\u00e2\u20ac\u2122Europe, qu\u00e2\u20ac\u2122ils soient hommes ou femmes, ou encore enfants, qu\u00e2\u20ac\u2122ils soient riches ou pauvres et quelles que soient leurs croyances), en particulier le droit \u00c3\u00a0 l\u00e2\u20ac\u2122int\u00c3\u00a9grit\u00c3\u00a9 physique (le [&hellip;]<\/p>\n","protected":false},"author":1,"featured_media":0,"parent":0,"menu_order":4,"comment_status":"closed","ping_status":"closed","template":"elementor_header_footer","meta":{"footnotes":""},"class_list":["post-4784","page","type-page","status-publish","hentry"],"_links":{"self":[{"href":"https:\/\/fgmhesse.com\/fr\/wp-json\/wp\/v2\/pages\/4784","targetHints":{"allow":["GET"]}}],"collection":[{"href":"https:\/\/fgmhesse.com\/fr\/wp-json\/wp\/v2\/pages"}],"about":[{"href":"https:\/\/fgmhesse.com\/fr\/wp-json\/wp\/v2\/types\/page"}],"author":[{"embeddable":true,"href":"https:\/\/fgmhesse.com\/fr\/wp-json\/wp\/v2\/users\/1"}],"replies":[{"embeddable":true,"href":"https:\/\/fgmhesse.com\/fr\/wp-json\/wp\/v2\/comments?post=4784"}],"version-history":[{"count":4,"href":"https:\/\/fgmhesse.com\/fr\/wp-json\/wp\/v2\/pages\/4784\/revisions"}],"predecessor-version":[{"id":5606,"href":"https:\/\/fgmhesse.com\/fr\/wp-json\/wp\/v2\/pages\/4784\/revisions\/5606"}],"wp:attachment":[{"href":"https:\/\/fgmhesse.com\/fr\/wp-json\/wp\/v2\/media?parent=4784"}],"curies":[{"name":"wp","href":"https:\/\/api.w.org\/{rel}","templated":true}]}}