{"id":4792,"date":"2020-08-06T14:29:18","date_gmt":"2020-08-06T14:29:18","guid":{"rendered":"https:\/\/fgmhesse.wp-profi-service.de\/commencez-urgent\/lexique\/"},"modified":"2024-10-01T15:37:48","modified_gmt":"2024-10-01T15:37:48","slug":"lexique","status":"publish","type":"page","link":"https:\/\/fgmhesse.com\/fr\/lexique\/","title":{"rendered":"Explications des termes utilis\u00e9s sur ce site"},"content":{"rendered":"\t\t<div data-elementor-type=\"wp-page\" data-elementor-id=\"4792\" class=\"elementor elementor-4792 elementor-932\" data-elementor-post-type=\"page\">\n\t\t\t\t\t\t<section class=\"elementor-section elementor-top-section elementor-element elementor-element-4f94267 elementor-section-height-min-height elementor-section-boxed elementor-section-height-default elementor-section-items-middle\" data-id=\"4f94267\" data-element_type=\"section\" data-e-type=\"section\" data-settings=\"{&quot;background_background&quot;:&quot;classic&quot;}\">\n\t\t\t\t\t\t\t<div class=\"elementor-background-overlay\"><\/div>\n\t\t\t\t\t\t\t<div class=\"elementor-container elementor-column-gap-default\">\n\t\t\t\t\t<div class=\"elementor-column elementor-col-66 elementor-top-column elementor-element elementor-element-a4f2ebd\" data-id=\"a4f2ebd\" data-element_type=\"column\" data-e-type=\"column\" data-settings=\"{&quot;background_background&quot;:&quot;classic&quot;}\">\n\t\t\t<div class=\"elementor-widget-wrap elementor-element-populated\">\n\t\t\t\t\t\t<div class=\"elementor-element elementor-element-01ab23d elementor-widget elementor-widget-heading\" data-id=\"01ab23d\" data-element_type=\"widget\" data-e-type=\"widget\" data-widget_type=\"heading.default\">\n\t\t\t\t<div class=\"elementor-widget-container\">\n\t\t\t\t\t<h2 class=\"elementor-heading-title elementor-size-default\">Explications des termes utilis\u00e9s sur ce site <\/h2>\t\t\t\t<\/div>\n\t\t\t\t<\/div>\n\t\t\t\t\t<\/div>\n\t\t<\/div>\n\t\t\t\t<div class=\"elementor-column elementor-col-33 elementor-top-column elementor-element elementor-element-f3aafca\" data-id=\"f3aafca\" data-element_type=\"column\" data-e-type=\"column\">\n\t\t\t<div class=\"elementor-widget-wrap\">\n\t\t\t\t\t\t\t<\/div>\n\t\t<\/div>\n\t\t\t\t\t<\/div>\n\t\t<\/section>\n\t\t\t\t<section class=\"elementor-section elementor-top-section elementor-element elementor-element-76def3c elementor-section-boxed elementor-section-height-default elementor-section-height-default\" data-id=\"76def3c\" data-element_type=\"section\" data-e-type=\"section\">\n\t\t\t\t\t\t<div class=\"elementor-container elementor-column-gap-default\">\n\t\t\t\t\t<div class=\"elementor-column elementor-col-50 elementor-top-column elementor-element elementor-element-b229694\" data-id=\"b229694\" data-element_type=\"column\" data-e-type=\"column\">\n\t\t\t<div class=\"elementor-widget-wrap elementor-element-populated\">\n\t\t\t\t\t\t<div class=\"elementor-element elementor-element-1b4437b elementor-widget elementor-widget-heading\" data-id=\"1b4437b\" data-element_type=\"widget\" data-e-type=\"widget\" data-widget_type=\"heading.default\">\n\t\t\t\t<div class=\"elementor-widget-container\">\n\t\t\t\t\t<h4 class=\"elementor-heading-title elementor-size-default\"> Qu\u2019est-ce qu\u2019un clitoris ?<\/h4>\t\t\t\t<\/div>\n\t\t\t\t<\/div>\n\t\t\t\t<div class=\"elementor-element elementor-element-79ba60e elementor-widget elementor-widget-text-editor\" data-id=\"79ba60e\" data-element_type=\"widget\" data-e-type=\"widget\" data-widget_type=\"text-editor.default\">\n\t\t\t\t<div class=\"elementor-widget-container\">\n\t\t\t\t\t\t\t\t\t<div class=\"elementor-element elementor-element-bce1e6f elementor-widget elementor-widget-heading\" data-id=\"bce1e6f\" data-element_type=\"widget\" data-widget_type=\"heading.default\">\n<div class=\"elementor-widget-container\">\n<p class=\"elementor-heading-title elementor-size-default\">Le clitoris fait partie des organes g\u00e9nitaux f\u00e9minins. La pointe visible se trouve entre les petites l\u00e8vres de V\u00e9nus. Il s\u2019agit de la partie visible du clitoris. Dans ton corps, il fait 10 cm de long. C\u2019est un organe tr\u00e8s sensible. La pointe visible du clitoris est une partie tr\u00e8s importante qui permet \u00e0 de nombreuses femmes d\u2019\u00e9prouver du plaisir.<\/p>\n<\/div>\n<\/div>\n\t\t\t\t\t\t\t\t<\/div>\n\t\t\t\t<\/div>\n\t\t\t\t\t<\/div>\n\t\t<\/div>\n\t\t\t\t<div class=\"elementor-column elementor-col-50 elementor-top-column elementor-element elementor-element-e342b01\" data-id=\"e342b01\" data-element_type=\"column\" data-e-type=\"column\">\n\t\t\t<div class=\"elementor-widget-wrap elementor-element-populated\">\n\t\t\t\t\t\t<div class=\"elementor-element elementor-element-7fb28ac elementor-widget elementor-widget-heading\" data-id=\"7fb28ac\" data-element_type=\"widget\" data-e-type=\"widget\" data-widget_type=\"heading.default\">\n\t\t\t\t<div class=\"elementor-widget-container\">\n\t\t\t\t\t<h4 class=\"elementor-heading-title elementor-size-default\">Que sont les l\u00e8vres de V\u00e9nus ?<\/h4>\t\t\t\t<\/div>\n\t\t\t\t<\/div>\n\t\t\t\t<div class=\"elementor-element elementor-element-735a27d elementor-widget elementor-widget-text-editor\" data-id=\"735a27d\" data-element_type=\"widget\" data-e-type=\"widget\" data-widget_type=\"text-editor.default\">\n\t\t\t\t<div class=\"elementor-widget-container\">\n\t\t\t\t\t\t\t\t\t<p>On appelle l\u00e8vres de V\u00e9nus les replis cutan\u00e9s qui recouvrent l\u2019entr\u00e9e du vagin. Elles prot\u00e8gent l\u2019ouverture du vagin et le clitoris. Il existe les l\u00e8vres de V\u00e9nus ext\u00e9rieures qui sont un peu plus \u00e9paisses et celles qui se trouvent \u00e0 l\u2019int\u00e9rieur et qui sont un peu plus fines. Elles sont \u00e9galement appel\u00e9es grandes et petites l\u00e8vres. Elles sont tr\u00e8s sensibles au toucher. Le terme m\u00e9dical des l\u00e8vres de V\u00e9nus est labia.<\/p>\n\t\t\t\t\t\t\t\t<\/div>\n\t\t\t\t<\/div>\n\t\t\t\t\t<\/div>\n\t\t<\/div>\n\t\t\t\t\t<\/div>\n\t\t<\/section>\n\t\t\t\t<section class=\"elementor-section elementor-top-section elementor-element elementor-element-0ee3511 elementor-section-boxed elementor-section-height-default elementor-section-height-default\" data-id=\"0ee3511\" data-element_type=\"section\" data-e-type=\"section\">\n\t\t\t\t\t\t<div class=\"elementor-container elementor-column-gap-default\">\n\t\t\t\t\t<div class=\"elementor-column elementor-col-50 elementor-top-column elementor-element elementor-element-444218d\" data-id=\"444218d\" data-element_type=\"column\" data-e-type=\"column\">\n\t\t\t<div class=\"elementor-widget-wrap elementor-element-populated\">\n\t\t\t\t\t\t<div class=\"elementor-element elementor-element-f2f9279 elementor-widget elementor-widget-heading\" data-id=\"f2f9279\" data-element_type=\"widget\" data-e-type=\"widget\" data-widget_type=\"heading.default\">\n\t\t\t\t<div class=\"elementor-widget-container\">\n\t\t\t\t\t<h4 class=\"elementor-heading-title elementor-size-default\"> Qu\u2019est-ce que le vagin ?<\/h4>\t\t\t\t<\/div>\n\t\t\t\t<\/div>\n\t\t\t\t<div class=\"elementor-element elementor-element-352ce1f elementor-widget elementor-widget-text-editor\" data-id=\"352ce1f\" data-element_type=\"widget\" data-e-type=\"widget\" data-widget_type=\"text-editor.default\">\n\t\t\t\t<div class=\"elementor-widget-container\">\n\t\t\t\t\t\t\t\t\t<p>Le vagin est un organe g\u00e9nital f\u00e9minin (encore appel\u00e9 mounette ou minette en argot) qui se trouve en lieu s\u00fbr derri\u00e8re les grandes et les petites l\u00e8vres. Les petites l\u00e8vres entourent l\u2019entr\u00e9e du vagin et l\u2019ur\u00e8tre qui se situe dessus. Le clitoris se trouve en haut \u00e0 la pointe des petites l\u00e8vres. Derri\u00e8re l\u2019entr\u00e9e vaginale se trouve le vagin qui a la forme d\u2019un conduit menant \u00e0 l\u2019ut\u00e9rus. Il est tr\u00e8s \u00e9lastique afin que le b\u00e9b\u00e9 puisse s\u2019y faufiler \u00e0 la naissance. Le sang des r\u00e8gles et les s\u00e9cr\u00e9tions vaginales coulent depuis le vagin. Tout comme l\u2019aspect ext\u00e9rieur varie d\u2019une personne \u00e0 l\u2019autre, les organes g\u00e9nitaux externes (grandes et petites l\u00e8vres, clitoris et entr\u00e9e vaginale) sont diff\u00e9rents d\u2019une femme \u00e0 l\u2019autre.<\/p>\n\t\t\t\t\t\t\t\t<\/div>\n\t\t\t\t<\/div>\n\t\t\t\t\t<\/div>\n\t\t<\/div>\n\t\t\t\t<div class=\"elementor-column elementor-col-50 elementor-top-column elementor-element elementor-element-81a77df\" data-id=\"81a77df\" data-element_type=\"column\" data-e-type=\"column\">\n\t\t\t<div class=\"elementor-widget-wrap elementor-element-populated\">\n\t\t\t\t\t\t<div class=\"elementor-element elementor-element-33b38ea elementor-widget elementor-widget-heading\" data-id=\"33b38ea\" data-element_type=\"widget\" data-e-type=\"widget\" data-widget_type=\"heading.default\">\n\t\t\t\t<div class=\"elementor-widget-container\">\n\t\t\t\t\t<h4 class=\"elementor-heading-title elementor-size-default\">Qu\u2019est-ce que qu\u2019une mutilation ?<\/h4>\t\t\t\t<\/div>\n\t\t\t\t<\/div>\n\t\t\t\t<div class=\"elementor-element elementor-element-8d11cb5 elementor-widget elementor-widget-text-editor\" data-id=\"8d11cb5\" data-element_type=\"widget\" data-e-type=\"widget\" data-widget_type=\"text-editor.default\">\n\t\t\t\t<div class=\"elementor-widget-container\">\n\t\t\t\t\t\t\t\t\t<p>Une mutilation est la perte partielle ou totale d\u2019une partie du corps ou d\u2019un organe du corps humain.<\/p>\n\t\t\t\t\t\t\t\t<\/div>\n\t\t\t\t<\/div>\n\t\t\t\t\t<\/div>\n\t\t<\/div>\n\t\t\t\t\t<\/div>\n\t\t<\/section>\n\t\t\t\t<section class=\"elementor-section elementor-top-section elementor-element elementor-element-4dbf69d elementor-section-boxed elementor-section-height-default elementor-section-height-default\" data-id=\"4dbf69d\" data-element_type=\"section\" data-e-type=\"section\">\n\t\t\t\t\t\t<div class=\"elementor-container elementor-column-gap-default\">\n\t\t\t\t\t<div class=\"elementor-column elementor-col-50 elementor-top-column elementor-element elementor-element-3750ac2\" data-id=\"3750ac2\" data-element_type=\"column\" data-e-type=\"column\">\n\t\t\t<div class=\"elementor-widget-wrap elementor-element-populated\">\n\t\t\t\t\t\t<div class=\"elementor-element elementor-element-1be274c elementor-widget elementor-widget-heading\" data-id=\"1be274c\" data-element_type=\"widget\" data-e-type=\"widget\" data-widget_type=\"heading.default\">\n\t\t\t\t<div class=\"elementor-widget-container\">\n\t\t\t\t\t<h4 class=\"elementor-heading-title elementor-size-default\">Photos :<\/h4>\t\t\t\t<\/div>\n\t\t\t\t<\/div>\n\t\t\t\t<div class=\"elementor-element elementor-element-b196a99 elementor-widget elementor-widget-text-editor\" data-id=\"b196a99\" data-element_type=\"widget\" data-e-type=\"widget\" data-widget_type=\"text-editor.default\">\n\t\t\t\t<div class=\"elementor-widget-container\">\n\t\t\t\t\t\t\t\t\t<p><a href=\"https:\/\/www.zanzu.de\/de\/koerper\/koerper-der-frau\/sichtbare-sexualorgane-der-frau\/\" target=\"_blank\" rel=\"noopener\">www.zanzu.de\/de\/koerper\/koerper-der-frau\/sichtbare-sexualorgane-der-frau\/<\/a><\/p>\n\t\t\t\t\t\t\t\t<\/div>\n\t\t\t\t<\/div>\n\t\t\t\t\t<\/div>\n\t\t<\/div>\n\t\t\t\t<div class=\"elementor-column elementor-col-50 elementor-top-column elementor-element elementor-element-4ace7a8\" data-id=\"4ace7a8\" data-element_type=\"column\" data-e-type=\"column\">\n\t\t\t<div class=\"elementor-widget-wrap\">\n\t\t\t\t\t\t\t<\/div>\n\t\t<\/div>\n\t\t\t\t\t<\/div>\n\t\t<\/section>\n\t\t\t\t<\/div>\n\t\t","protected":false},"excerpt":{"rendered":"<p>Explications des termes utilis\u00c3\u00a9s sur ce site Qu\u00e2\u20ac\u2122est-ce qu\u00e2\u20ac\u2122un clitoris ? Le clitoris fait partie des organes g\u00c3\u00a9nitaux f\u00c3\u00a9minins. La pointe visible se trouve entre les petites l\u00c3\u00a8vres de V\u00c3\u00a9nus. Il s\u00e2\u20ac\u2122agit de la partie visible du clitoris. Dans ton corps, il fait 10 cm de long. C\u00e2\u20ac\u2122est un organe tr\u00c3\u00a8s sensible. La pointe visible [&hellip;]<\/p>\n","protected":false},"author":1,"featured_media":0,"parent":0,"menu_order":8,"comment_status":"closed","ping_status":"closed","template":"elementor_header_footer","meta":{"footnotes":""},"class_list":["post-4792","page","type-page","status-publish","hentry"],"_links":{"self":[{"href":"https:\/\/fgmhesse.com\/fr\/wp-json\/wp\/v2\/pages\/4792","targetHints":{"allow":["GET"]}}],"collection":[{"href":"https:\/\/fgmhesse.com\/fr\/wp-json\/wp\/v2\/pages"}],"about":[{"href":"https:\/\/fgmhesse.com\/fr\/wp-json\/wp\/v2\/types\/page"}],"author":[{"embeddable":true,"href":"https:\/\/fgmhesse.com\/fr\/wp-json\/wp\/v2\/users\/1"}],"replies":[{"embeddable":true,"href":"https:\/\/fgmhesse.com\/fr\/wp-json\/wp\/v2\/comments?post=4792"}],"version-history":[{"count":5,"href":"https:\/\/fgmhesse.com\/fr\/wp-json\/wp\/v2\/pages\/4792\/revisions"}],"predecessor-version":[{"id":5609,"href":"https:\/\/fgmhesse.com\/fr\/wp-json\/wp\/v2\/pages\/4792\/revisions\/5609"}],"wp:attachment":[{"href":"https:\/\/fgmhesse.com\/fr\/wp-json\/wp\/v2\/media?parent=4792"}],"curies":[{"name":"wp","href":"https:\/\/api.w.org\/{rel}","templated":true}]}}