{"id":4796,"date":"2020-06-17T13:50:04","date_gmt":"2020-06-17T13:50:04","guid":{"rendered":"https:\/\/fgmhesse.wp-profi-service.de\/mentions-legales\/"},"modified":"2024-10-01T15:38:19","modified_gmt":"2024-10-01T15:38:19","slug":"mentions-legales","status":"publish","type":"page","link":"https:\/\/fgmhesse.com\/fr\/mentions-legales\/","title":{"rendered":"Mentions l\u00e9gales"},"content":{"rendered":"\t\t<div data-elementor-type=\"wp-page\" data-elementor-id=\"4796\" class=\"elementor elementor-4796 elementor-64\" data-elementor-post-type=\"page\">\n\t\t\t\t\t\t<section class=\"elementor-section elementor-top-section elementor-element elementor-element-84a3a7c elementor-section-height-min-height elementor-section-boxed elementor-section-height-default elementor-section-items-middle\" data-id=\"84a3a7c\" data-element_type=\"section\" data-e-type=\"section\" data-settings=\"{&quot;background_background&quot;:&quot;classic&quot;}\">\n\t\t\t\t\t\t<div class=\"elementor-container elementor-column-gap-default\">\n\t\t\t\t\t<div class=\"elementor-column elementor-col-33 elementor-top-column elementor-element elementor-element-ac151ed\" data-id=\"ac151ed\" data-element_type=\"column\" data-e-type=\"column\">\n\t\t\t<div class=\"elementor-widget-wrap elementor-element-populated\">\n\t\t\t\t\t\t<div class=\"elementor-element elementor-element-4de10ea elementor-widget elementor-widget-image\" data-id=\"4de10ea\" data-element_type=\"widget\" data-e-type=\"widget\" data-widget_type=\"image.default\">\n\t\t\t\t<div class=\"elementor-widget-container\">\n\t\t\t\t\t\t\t\t\t\t\t\t\t\t\t<img fetchpriority=\"high\" decoding=\"async\" width=\"800\" height=\"800\" src=\"https:\/\/fgmhesse.com\/wp-content\/uploads\/2020\/06\/logo-transparent-1024x1024.png\" class=\"attachment-large size-large wp-image-4087\" alt=\"\" srcset=\"https:\/\/fgmhesse.com\/wp-content\/uploads\/2020\/06\/logo-transparent-1024x1024.png 1024w, https:\/\/fgmhesse.com\/wp-content\/uploads\/2020\/06\/logo-transparent-300x300.png 300w, https:\/\/fgmhesse.com\/wp-content\/uploads\/2020\/06\/logo-transparent-150x150.png 150w, https:\/\/fgmhesse.com\/wp-content\/uploads\/2020\/06\/logo-transparent-768x768.png 768w, https:\/\/fgmhesse.com\/wp-content\/uploads\/2020\/06\/logo-transparent.png 1042w\" sizes=\"(max-width: 800px) 100vw, 800px\" \/>\t\t\t\t\t\t\t\t\t\t\t\t\t\t\t<\/div>\n\t\t\t\t<\/div>\n\t\t\t\t\t<\/div>\n\t\t<\/div>\n\t\t\t\t<div class=\"elementor-column elementor-col-66 elementor-top-column elementor-element elementor-element-0990595\" data-id=\"0990595\" data-element_type=\"column\" data-e-type=\"column\">\n\t\t\t<div class=\"elementor-widget-wrap elementor-element-populated\">\n\t\t\t\t\t\t<div class=\"elementor-element elementor-element-4ea18bf elementor-widget elementor-widget-heading\" data-id=\"4ea18bf\" data-element_type=\"widget\" data-e-type=\"widget\" data-widget_type=\"heading.default\">\n\t\t\t\t<div class=\"elementor-widget-container\">\n\t\t\t\t\t<h1 class=\"elementor-heading-title elementor-size-default\">Mentions l\u00e9gales<\/h1>\t\t\t\t<\/div>\n\t\t\t\t<\/div>\n\t\t\t\t\t<\/div>\n\t\t<\/div>\n\t\t\t\t\t<\/div>\n\t\t<\/section>\n\t\t\t\t<section class=\"elementor-section elementor-top-section elementor-element elementor-element-42b1d4f elementor-section-boxed elementor-section-height-default elementor-section-height-default\" data-id=\"42b1d4f\" data-element_type=\"section\" data-e-type=\"section\">\n\t\t\t\t\t\t<div class=\"elementor-container elementor-column-gap-default\">\n\t\t\t\t\t<div class=\"elementor-column elementor-col-100 elementor-top-column elementor-element elementor-element-fb36b8b\" data-id=\"fb36b8b\" data-element_type=\"column\" data-e-type=\"column\">\n\t\t\t<div class=\"elementor-widget-wrap elementor-element-populated\">\n\t\t\t\t\t\t<div class=\"elementor-element elementor-element-9c9bf0d elementor-widget elementor-widget-text-editor\" data-id=\"9c9bf0d\" data-element_type=\"widget\" data-e-type=\"widget\" data-widget_type=\"text-editor.default\">\n\t\t\t\t<div class=\"elementor-widget-container\">\n\t\t\t\t\t\t\t\t\t<p><b><span data-contrast=\"none\">Mentions l\u00e9gales conform\u00e9ment au \u00a7 5 de la loi allemande sur les t\u00e9l\u00e9m\u00e9dias (TMG) :<\/span><\/b><span data-ccp-props=\"{\"> <\/span><\/p>\n<p><span data-contrast=\"none\">Personnes habilit\u00e9es \u00e0 repr\u00e9senter la soci\u00e9t\u00e9 :<\/span><span data-ccp-props=\"{\"> <br \/><\/span><span data-contrast=\"none\"><span class=\"ui-provider a b c d e f g h i j k l m n o p q r s t u v w x y z ab ac ae af ag ah ai aj ak\" dir=\"ltr\">Heike Pinne<\/span> (Direction)<\/span><span data-ccp-props=\"{\"> <\/span><\/p>\n<p><span data-contrast=\"none\">pro familia Hessen gGmbH<\/span><span data-ccp-props=\"{\"> <br \/><\/span><span data-contrast=\"none\">14, rue du Palmengarten<\/span><span data-ccp-props=\"{\"> <br \/><\/span><span data-contrast=\"none\">60325 Francfort\/ Main<\/span><span data-ccp-props=\"{\"> <\/span><\/p>\n<p><span data-contrast=\"none\">T\u00e9l. 069-447061<\/span><span data-ccp-props=\"{\"> <br \/><\/span><span data-contrast=\"none\">Courrier \u00e9lectronique : <\/span><a href=\"mailto:info.hessen@profamilia.de\"><br \/>\n  <span data-contrast=\"none\">info.hessen@profamilia.de<\/span><br \/>\n<\/a><span data-ccp-props=\"{\"> <\/span><\/p>\n<p><span data-contrast=\"none\">pro familia Hessen gGmbH<\/span><span data-ccp-props=\"{\"> <br \/><\/span><span data-contrast=\"none\">Directrice g\u00e9n\u00e9rale : <\/span><span data-ccp-props=\"{\"><span class=\"ui-provider a b c d e f g h i j k l m n o p q r s t u v w x y z ab ac ae af ag ah ai aj ak\" dir=\"ltr\">Heike Pinne<\/span> <br \/><\/span> <\/p>\n<p><span data-contrast=\"none\">Tribunal d&rsquo;instance de Francfort HRB 125784<\/span><span data-ccp-props=\"{\"> <\/span><\/p>\n<p><span data-contrast=\"none\">Heures de bureau : du lundi au vendredi de 9h30 \u00e0 13h30<\/span><span data-ccp-props=\"{\"> <\/span><\/p>\n<p><span data-contrast=\"none\">Coordonn\u00e9es bancaires : Bank f\u00fcr Sozialwirtschaft, IBAN : DE53 5502 0500 0001 8075 00 ; <\/span><span data-ccp-props=\"{\"> <br \/><\/span><span data-contrast=\"none\">BIC : BFSWDE33MNZ<\/span><span data-ccp-props=\"{\"> <\/span><\/p>\n\t\t\t\t\t\t\t\t<\/div>\n\t\t\t\t<\/div>\n\t\t\t\t\t<\/div>\n\t\t<\/div>\n\t\t\t\t\t<\/div>\n\t\t<\/section>\n\t\t\t\t<section class=\"elementor-section elementor-top-section elementor-element elementor-element-51399b8 elementor-section-boxed elementor-section-height-default elementor-section-height-default\" data-id=\"51399b8\" data-element_type=\"section\" data-e-type=\"section\" data-settings=\"{&quot;background_background&quot;:&quot;classic&quot;}\">\n\t\t\t\t\t\t<div class=\"elementor-container elementor-column-gap-default\">\n\t\t\t\t\t<div class=\"elementor-column elementor-col-50 elementor-top-column elementor-element elementor-element-24f5486\" data-id=\"24f5486\" data-element_type=\"column\" data-e-type=\"column\">\n\t\t\t<div class=\"elementor-widget-wrap elementor-element-populated\">\n\t\t\t\t\t\t<div class=\"elementor-element elementor-element-3a13f34 elementor-widget elementor-widget-text-editor\" data-id=\"3a13f34\" data-element_type=\"widget\" data-e-type=\"widget\" data-widget_type=\"text-editor.default\">\n\t\t\t\t<div class=\"elementor-widget-container\">\n\t\t\t\t\t\t\t\t\t<p>Soutenez notre travail en faisant un don.<\/p>\n\t\t\t\t\t\t\t\t<\/div>\n\t\t\t\t<\/div>\n\t\t\t\t<div class=\"elementor-element elementor-element-e49ac2a elementor-widget elementor-widget-image\" data-id=\"e49ac2a\" data-element_type=\"widget\" data-e-type=\"widget\" data-widget_type=\"image.default\">\n\t\t\t\t<div class=\"elementor-widget-container\">\n\t\t\t\t\t\t\t\t\t\t\t\t\t\t\t<img decoding=\"async\" width=\"528\" height=\"636\" src=\"https:\/\/fgmhesse.com\/wp-content\/uploads\/2020\/09\/spendenherz.png\" class=\"attachment-large size-large wp-image-4259\" alt=\"\" srcset=\"https:\/\/fgmhesse.com\/wp-content\/uploads\/2020\/09\/spendenherz.png 528w, https:\/\/fgmhesse.com\/wp-content\/uploads\/2020\/09\/spendenherz-249x300.png 249w\" sizes=\"(max-width: 528px) 100vw, 528px\" \/>\t\t\t\t\t\t\t\t\t\t\t\t\t\t\t<\/div>\n\t\t\t\t<\/div>\n\t\t\t\t\t<\/div>\n\t\t<\/div>\n\t\t\t\t<div class=\"elementor-column elementor-col-50 elementor-top-column elementor-element elementor-element-b450755\" data-id=\"b450755\" data-element_type=\"column\" data-e-type=\"column\">\n\t\t\t<div class=\"elementor-widget-wrap\">\n\t\t\t\t\t\t\t<\/div>\n\t\t<\/div>\n\t\t\t\t\t<\/div>\n\t\t<\/section>\n\t\t\t\t<section class=\"elementor-section elementor-top-section elementor-element elementor-element-3933202 elementor-section-boxed elementor-section-height-default elementor-section-height-default\" data-id=\"3933202\" data-element_type=\"section\" data-e-type=\"section\">\n\t\t\t\t\t\t<div class=\"elementor-container elementor-column-gap-default\">\n\t\t\t\t\t<div class=\"elementor-column elementor-col-100 elementor-top-column elementor-element elementor-element-4dfc647\" data-id=\"4dfc647\" data-element_type=\"column\" data-e-type=\"column\">\n\t\t\t<div class=\"elementor-widget-wrap elementor-element-populated\">\n\t\t\t\t\t\t<div class=\"elementor-element elementor-element-14a38b3 elementor-widget elementor-widget-text-editor\" data-id=\"14a38b3\" data-element_type=\"widget\" data-e-type=\"widget\" data-widget_type=\"text-editor.default\">\n\t\t\t\t<div class=\"elementor-widget-container\">\n\t\t\t\t\t\t\t\t\t<p><strong>Droit d&rsquo;auteur<\/strong><\/p>\n<p>La structure ainsi que l&rsquo;ensemble du contenu du site<a href=\"https:\/\/fgmhessen.de\" target=\"_blank\" rel=\"noopener\">https:\/\/fgmhessen.de<\/a>sont soumis au droit d&rsquo;auteur. Il ne peut \u00eatre copi\u00e9, modifi\u00e9 ou utilis\u00e9 sur d&rsquo;autres sites Web de quelque mani\u00e8re que ce soit, que ce soit \u00e0 des fins commerciales ou de distribution. Toute utilisation, en particulier la reproduction, le traitement ou la transformation d&rsquo;informations ou de donn\u00e9es, notamment de textes, de parties de textes, d&rsquo;images, de photos, de vid\u00e9os et de graphiques, n\u00e9cessite l&rsquo;autorisation \u00e9crite de pro familia Hessen gGmbH Si vous avez l&rsquo;intention d&rsquo;utiliser ces contenus ou des parties de ceux-ci, veuillez nous contacter au pr\u00e9alable en utilisant les coordonn\u00e9es ci-dessus. En r\u00e8gle g\u00e9n\u00e9rale, il est interdit de cr\u00e9er un lien dans un cadre dans lequel<a href=\"https:\/\/fgmhessen.de\" target=\"_blank\" rel=\"noopener\">https:\/\/fgmhessen.de<\/a>n&rsquo;est plus identifiable en tant que titulaire des droits. Tous les autres droits sont r\u00e9serv\u00e9s.<\/p>\n<\/p>\n<p><strong>Conception de sites web<\/strong><\/p>\n<p><a href=\"https:\/\/www.lindenfeld.de\/\" target=\"_blank\" rel=\"noopener\">Lindenfeld &#8211; Agence de communication durable<\/a><\/p>\n<\/p>\n<p><strong>Clause de non-responsabilit\u00e9<\/strong><\/p>\n<p>pro familia Hessen gGmbH a r\u00e9dig\u00e9 le contenu du site<a href=\"https:\/\/fgmhessen.de\" target=\"_blank\" rel=\"noopener\">https:\/\/fgmhessen.de<\/a>avec tout le soin requis.<\/p>\n<p>Pour tous les liens sur toutes les pages du site Web est valable<\/p>\n<p>pro familia Hessen gGmbH n&rsquo;est pas responsable des mesures de protection des donn\u00e9es ou du contenu des autres sites web et ne s&rsquo;approprie pas ces contenus. Toute responsabilit\u00e9 pour les contenus accessibles par des liens sur<a href=\"https:\/\/fgmhessen.de\" target=\"_blank\" rel=\"noopener\">https:\/\/fgmhessen.de<\/a>est donc express\u00e9ment exclue. En aucun cas, pro familia Hessen gGmbH ne peut \u00eatre tenue responsable de contenus erron\u00e9s ou incomplets ou de dommages ult\u00e9rieurs de quelque nature que ce soit, li\u00e9s \u00e0 l&rsquo;utilisation des liens et informations mis \u00e0 disposition sur<a href=\"https:\/\/fgmhessen.de\" target=\"_blank\" rel=\"noopener\">https:\/\/fgmhessen.de<\/a>. Seul le fournisseur du site vers lequel le lien a \u00e9t\u00e9 \u00e9tabli est responsable.<\/p>\n<\/p>\n<p><strong>Protection des donn\u00e9es<\/strong><\/p>\n<p>Vous trouverez<a href=\"https:\/\/fgmhesse.com\/fr\/protection-des-donnees\/\">ici<\/a> nos informations sur la protection des donn\u00e9es.<\/p>\n\t\t\t\t\t\t\t\t<\/div>\n\t\t\t\t<\/div>\n\t\t\t\t\t<\/div>\n\t\t<\/div>\n\t\t\t\t\t<\/div>\n\t\t<\/section>\n\t\t\t\t<\/div>\n\t\t","protected":false},"excerpt":{"rendered":"<p>Mentions l\u00c3\u00a9gales Mentions l\u00c3\u00a9gales conform\u00c3\u00a9ment au \u00c2\u00a7 5 de la loi allemande sur les t\u00c3\u00a9l\u00c3\u00a9m\u00c3\u00a9dias (TMG) : Personnes habilit\u00c3\u00a9es \u00c3\u00a0 repr\u00c3\u00a9senter la soci\u00c3\u00a9t\u00c3\u00a9 : Heike Pinne (Direction) pro familia Hessen gGmbH 14, rue du Palmengarten 60325 Francfort\/ Main T\u00c3\u00a9l. 069-447061 Courrier \u00c3\u00a9lectronique : info.hessen@profamilia.de pro familia Hessen gGmbH Directrice g\u00c3\u00a9n\u00c3\u00a9rale : Heike Pinne Tribunal d&rsquo;instance [&hellip;]<\/p>\n","protected":false},"author":1,"featured_media":0,"parent":0,"menu_order":9,"comment_status":"closed","ping_status":"closed","template":"elementor_header_footer","meta":{"footnotes":""},"class_list":["post-4796","page","type-page","status-publish","hentry"],"_links":{"self":[{"href":"https:\/\/fgmhesse.com\/fr\/wp-json\/wp\/v2\/pages\/4796","targetHints":{"allow":["GET"]}}],"collection":[{"href":"https:\/\/fgmhesse.com\/fr\/wp-json\/wp\/v2\/pages"}],"about":[{"href":"https:\/\/fgmhesse.com\/fr\/wp-json\/wp\/v2\/types\/page"}],"author":[{"embeddable":true,"href":"https:\/\/fgmhesse.com\/fr\/wp-json\/wp\/v2\/users\/1"}],"replies":[{"embeddable":true,"href":"https:\/\/fgmhesse.com\/fr\/wp-json\/wp\/v2\/comments?post=4796"}],"version-history":[{"count":2,"href":"https:\/\/fgmhesse.com\/fr\/wp-json\/wp\/v2\/pages\/4796\/revisions"}],"predecessor-version":[{"id":5611,"href":"https:\/\/fgmhesse.com\/fr\/wp-json\/wp\/v2\/pages\/4796\/revisions\/5611"}],"wp:attachment":[{"href":"https:\/\/fgmhesse.com\/fr\/wp-json\/wp\/v2\/media?parent=4796"}],"curies":[{"name":"wp","href":"https:\/\/api.w.org\/{rel}","templated":true}]}}