{"id":4922,"date":"2020-06-17T13:50:04","date_gmt":"2020-06-17T13:50:04","guid":{"rendered":"https:\/\/fgmhesse.wp-profi-service.de\/%e1%8a%a3%e1%88%b0%e1%88%ad\/"},"modified":"2024-10-01T20:18:31","modified_gmt":"2024-10-01T20:18:31","slug":"%e1%8a%a3%e1%88%b0%e1%88%ad","status":"publish","type":"page","link":"https:\/\/fgmhesse.com\/ti\/%e1%8a%a3%e1%88%b0%e1%88%ad\/","title":{"rendered":"\u12a3\u1230\u122d"},"content":{"rendered":"\t\t<div data-elementor-type=\"wp-page\" data-elementor-id=\"4922\" class=\"elementor elementor-4922 elementor-64\" data-elementor-post-type=\"page\">\n\t\t\t\t\t\t<section class=\"elementor-section elementor-top-section elementor-element elementor-element-84a3a7c elementor-section-height-min-height elementor-section-boxed elementor-section-height-default elementor-section-items-middle\" data-id=\"84a3a7c\" data-element_type=\"section\" data-e-type=\"section\" data-settings=\"{&quot;background_background&quot;:&quot;classic&quot;}\">\n\t\t\t\t\t\t<div class=\"elementor-container elementor-column-gap-default\">\n\t\t\t\t\t<div class=\"elementor-column elementor-col-33 elementor-top-column elementor-element elementor-element-ac151ed\" data-id=\"ac151ed\" data-element_type=\"column\" data-e-type=\"column\">\n\t\t\t<div class=\"elementor-widget-wrap elementor-element-populated\">\n\t\t\t\t\t\t<div class=\"elementor-element elementor-element-4de10ea elementor-widget elementor-widget-image\" data-id=\"4de10ea\" data-element_type=\"widget\" data-e-type=\"widget\" data-widget_type=\"image.default\">\n\t\t\t\t<div class=\"elementor-widget-container\">\n\t\t\t\t\t\t\t\t\t\t\t\t\t\t\t<img fetchpriority=\"high\" decoding=\"async\" width=\"800\" height=\"800\" src=\"https:\/\/fgmhesse.com\/wp-content\/uploads\/2020\/06\/logo-transparent-1024x1024.png\" class=\"attachment-large size-large wp-image-4907\" alt=\"\" srcset=\"https:\/\/fgmhesse.com\/wp-content\/uploads\/2020\/06\/logo-transparent-1024x1024.png 1024w, https:\/\/fgmhesse.com\/wp-content\/uploads\/2020\/06\/logo-transparent-300x300.png 300w, https:\/\/fgmhesse.com\/wp-content\/uploads\/2020\/06\/logo-transparent-150x150.png 150w, https:\/\/fgmhesse.com\/wp-content\/uploads\/2020\/06\/logo-transparent-768x768.png 768w, https:\/\/fgmhesse.com\/wp-content\/uploads\/2020\/06\/logo-transparent.png 1042w\" sizes=\"(max-width: 800px) 100vw, 800px\" \/>\t\t\t\t\t\t\t\t\t\t\t\t\t\t\t<\/div>\n\t\t\t\t<\/div>\n\t\t\t\t\t<\/div>\n\t\t<\/div>\n\t\t\t\t<div class=\"elementor-column elementor-col-66 elementor-top-column elementor-element elementor-element-0990595\" data-id=\"0990595\" data-element_type=\"column\" data-e-type=\"column\">\n\t\t\t<div class=\"elementor-widget-wrap elementor-element-populated\">\n\t\t\t\t\t\t<div class=\"elementor-element elementor-element-4ea18bf elementor-widget elementor-widget-heading\" data-id=\"4ea18bf\" data-element_type=\"widget\" data-e-type=\"widget\" data-widget_type=\"heading.default\">\n\t\t\t\t<div class=\"elementor-widget-container\">\n\t\t\t\t\t<h1 class=\"elementor-heading-title elementor-size-default\">\u12a3\u1230\u122d<\/h1>\t\t\t\t<\/div>\n\t\t\t\t<\/div>\n\t\t\t\t\t<\/div>\n\t\t<\/div>\n\t\t\t\t\t<\/div>\n\t\t<\/section>\n\t\t\t\t<section class=\"elementor-section elementor-top-section elementor-element elementor-element-42b1d4f elementor-section-boxed elementor-section-height-default elementor-section-height-default\" data-id=\"42b1d4f\" data-element_type=\"section\" data-e-type=\"section\">\n\t\t\t\t\t\t<div class=\"elementor-container elementor-column-gap-default\">\n\t\t\t\t\t<div class=\"elementor-column elementor-col-100 elementor-top-column elementor-element elementor-element-fb36b8b\" data-id=\"fb36b8b\" data-element_type=\"column\" data-e-type=\"column\">\n\t\t\t<div class=\"elementor-widget-wrap elementor-element-populated\">\n\t\t\t\t\t\t<div class=\"elementor-element elementor-element-9c9bf0d elementor-widget elementor-widget-text-editor\" data-id=\"9c9bf0d\" data-element_type=\"widget\" data-e-type=\"widget\" data-widget_type=\"text-editor.default\">\n\t\t\t\t<div class=\"elementor-widget-container\">\n\t\t\t\t\t\t\t\t\t<p><b><span data-contrast=\"none\">\u121d\u1215\u1273\u121d \u1265\u1218\u1230\u1228\u1275 \u00a7 5 TMG:<\/span><\/b><\/p>\n<p><span data-contrast=\"none\">\u134d\u1253\u12f5 \u12d8\u1208\u12ce\u121d \u12c8\u12a8\u120d\u1272\u1361<\/span><span data-ccp-props=\"{\"><br \/>\n<\/span><span data-contrast=\"none\"><span class=\"ui-\u12c8\u1203\u1262 a b c d e f g h i j k l m n o p q r s t u v w x y z ab ac ae af ag ah ai aj ak\" dir=\"ltr\">\u1203\u12ed\u12a8 \u1352\u1290<\/span> (\u12a3\u1218\u122b\u122d\u1213)&lt; \/span&gt; \u12dd\u1265\u120d \u1243\u120d \u1295\u121d\u122d\u12ab\u1265 \u12a3\u1265\u12da \u1295\u1320\u12cd\u1245<\/span><\/p>\n<p><span data-contrast=\"none\">\u1355\u122e \u134b\u121a\u120a \u1204\u1230\u1295 gGmbH<\/span><br \/>\n<span data-contrast=\"none\">\u1353\u120d\u1218\u1295\u130b\u122d\u1270\u1295\u1235\u1275\u122b\u1230 14<\/span><span data-ccp-props=\"{\"><br \/>\n<\/span><span data-contrast=\"none\">60325 \u134d\u122b\u1295\u12ad\u1348\u122d\u1275\/ \u1240\u1295\u12f2<\/span><\/p>\n<p><span data-contrast=\"none\">\u1274\u120c\u134e\u1295 100000000000000000000000000000 069-447061<\/span><br \/>\n<span data-contrast=\"none\">\u12a2-\u1218\u12ed\u120d\u1361 <\/span><a href=\"mailto:info.hessen@profamilia.de\"><span data-contrast=\"none\">\u1213\u1260\u122c\u1273\u1362 hessen@profamilia.de<\/span><\/a> \u12dd\u1265\u120d \u1243\u120d \u1295\u121d\u122d\u12ab\u1265 \u12a3\u1265\u12da \u1295\u1320\u12cd\u1245<\/p>\n<p><span data-contrast=\"none\">\u1355\u122e \u134b\u121a\u120a \u1204\u1230\u1295 gGmbH<\/span><br \/>\n<span data-contrast=\"none\">\u12a3\u12ab\u12eb\u12f2 \u12f3\u12ed\u1228\u12ad\u1270\u122d: <\/span><span data-ccp-props=\"{\"><span class=\"ui-provider a b c d e f g h i j k l m n o p q r s t u v w x y z ab ac ae af ag ah ai aj ak\" dir=\"ltr\">\u1203\u12ed\u12a8 \u1352\u1290<\/span><br \/>\n<\/span> \u12dd\u1265\u120d \u133d\u1211\u134d \u12a3\u120e\u1362<\/p>\n<p><span data-contrast=\"none\">\u12a3\u12cd\u122b\u1303 \u1264\u1275 \u134d\u122d\u12f2 \u134d\u122b\u1295\u12ad\u1348\u122d\u1275 HRB 125784<\/span><\/p>\n<p><span data-contrast=\"none\">\u1293\u12ed \u1235\u122b\u1215 \u1230\u12d3\u1273\u1275\u1361 \u12ab\u1265 \u1230\u1291\u12ed \u12ad\u1233\u1265 \u12d3\u122d\u1262 \u12ab\u1265 \u1230\u12d3\u1275 9\u136130 \u1245\u12f5\u121a \u1240\u1275\u122a \u12ad\u1233\u1265 \u1230\u12d3\u1275 1\u136130 \u12f5\u1215\u122a \u1240\u1275\u122a<\/span><\/p>\n<p><span data-contrast=\"none\">\u12dd\u122d\u12dd\u122d \u1263\u1295\u12ad\u1361 \u1263\u1295\u12ad \u1295\u121b\u1215\u1260\u122b\u12ca \u1241\u1320\u1263\u1361 IBAN\u1361 DE53 5502 0500 0001 8075 00\u1364<\/span><br \/>\n<span data-contrast=\"none\">BIC: BFSWDE33MNZ<\/span> \u12dd\u1265\u120d \u1243\u120d \u1295\u121d\u122d\u12ab\u1265 \u12a3\u1265\u12da \u1295\u1320\u12cd\u1245<\/p>\n\t\t\t\t\t\t\t\t<\/div>\n\t\t\t\t<\/div>\n\t\t\t\t\t<\/div>\n\t\t<\/div>\n\t\t\t\t\t<\/div>\n\t\t<\/section>\n\t\t\t\t<section class=\"elementor-section elementor-top-section elementor-element elementor-element-51399b8 elementor-section-boxed elementor-section-height-default elementor-section-height-default\" data-id=\"51399b8\" data-element_type=\"section\" data-e-type=\"section\" data-settings=\"{&quot;background_background&quot;:&quot;classic&quot;}\">\n\t\t\t\t\t\t<div class=\"elementor-container elementor-column-gap-default\">\n\t\t\t\t\t<div class=\"elementor-column elementor-col-50 elementor-top-column elementor-element elementor-element-24f5486\" data-id=\"24f5486\" data-element_type=\"column\" data-e-type=\"column\">\n\t\t\t<div class=\"elementor-widget-wrap elementor-element-populated\">\n\t\t\t\t\t\t<div class=\"elementor-element elementor-element-3a13f34 elementor-widget elementor-widget-text-editor\" data-id=\"3a13f34\" data-element_type=\"widget\" data-e-type=\"widget\" data-widget_type=\"text-editor.default\">\n\t\t\t\t<div class=\"elementor-widget-container\">\n\t\t\t\t\t\t\t\t\t<p>\u12c8\u1348\u12eb \u1265\u121d\u130d\u1263\u122d \u1295\u1235\u122b\u1215\u1293 \u12f0\u130d\u1349\u1362<\/p>\n\t\t\t\t\t\t\t\t<\/div>\n\t\t\t\t<\/div>\n\t\t\t\t<div class=\"elementor-element elementor-element-e49ac2a elementor-widget elementor-widget-image\" data-id=\"e49ac2a\" data-element_type=\"widget\" data-e-type=\"widget\" data-widget_type=\"image.default\">\n\t\t\t\t<div class=\"elementor-widget-container\">\n\t\t\t\t\t\t\t\t\t\t\t\t\t\t\t<img decoding=\"async\" width=\"528\" height=\"636\" src=\"https:\/\/fgmhesse.com\/wp-content\/uploads\/2020\/09\/spendenherz.png\" class=\"attachment-large size-large wp-image-4923\" alt=\"\" srcset=\"https:\/\/fgmhesse.com\/wp-content\/uploads\/2020\/09\/spendenherz.png 528w, https:\/\/fgmhesse.com\/wp-content\/uploads\/2020\/09\/spendenherz-249x300.png 249w\" sizes=\"(max-width: 528px) 100vw, 528px\" \/>\t\t\t\t\t\t\t\t\t\t\t\t\t\t\t<\/div>\n\t\t\t\t<\/div>\n\t\t\t\t\t<\/div>\n\t\t<\/div>\n\t\t\t\t<div class=\"elementor-column elementor-col-50 elementor-top-column elementor-element elementor-element-b450755\" data-id=\"b450755\" data-element_type=\"column\" data-e-type=\"column\">\n\t\t\t<div class=\"elementor-widget-wrap\">\n\t\t\t\t\t\t\t<\/div>\n\t\t<\/div>\n\t\t\t\t\t<\/div>\n\t\t<\/section>\n\t\t\t\t<section class=\"elementor-section elementor-top-section elementor-element elementor-element-3933202 elementor-section-boxed elementor-section-height-default elementor-section-height-default\" data-id=\"3933202\" data-element_type=\"section\" data-e-type=\"section\">\n\t\t\t\t\t\t<div class=\"elementor-container elementor-column-gap-default\">\n\t\t\t\t\t<div class=\"elementor-column elementor-col-100 elementor-top-column elementor-element elementor-element-4dfc647\" data-id=\"4dfc647\" data-element_type=\"column\" data-e-type=\"column\">\n\t\t\t<div class=\"elementor-widget-wrap elementor-element-populated\">\n\t\t\t\t\t\t<div class=\"elementor-element elementor-element-14a38b3 elementor-widget elementor-widget-text-editor\" data-id=\"14a38b3\" data-element_type=\"widget\" data-e-type=\"widget\" data-widget_type=\"text-editor.default\">\n\t\t\t\t<div class=\"elementor-widget-container\">\n\t\t\t\t\t\t\t\t\t<p><strong>\u1218\u1230\u120d \u1245\u12f3\u1215<\/strong><\/p>\n<p>\u12a5\u1272 \u12a3\u1243\u12cd\u121b \u12a8\u121d\u12a1\u2019\u12cd\u1295 \u121d\u1209\u12a5 \u1275\u1215\u12dd\u1276 \u1293\u12ed\u1272 \u1218\u122d\u1260\u1265 \u1213\u1260\u122c\u1273<a href=\"https:\/\/fgmhessen.de\" target=\"_blank\" rel=\"noopener\">https:\/\/fgmhessen.de<\/a>\u1295 \u1218\u1230\u120d \u1245\u12f3\u1215 \u12ed\u130d\u12db\u12a5 \u12a5\u12e9\u1362 \u12a3\u1265 \u12ab\u120d\u12a5 \u1218\u122d\u1260\u1265 \u1213\u1260\u122c\u1273\u1273\u1275 \u1265\u12dd\u12be\u1290 \u12ed\u12b9\u1295 \u1218\u1295\u1308\u12f2 \u1295\u1295\u130d\u12f3\u12ca \u12d5\u120b\u121b \u12c8\u12ed \u1295\u1218\u12dd\u122d\u130b\u1215 \u12ad\u1255\u12f3\u1215\u1361 \u12ad\u1255\u12e8\u122d \u12c8\u12ed \u12ad\u1325\u1240\u1218\u1209 \u12a3\u12ed\u12ad\u12a5\u120d\u1295\u1362 \u12dd\u12be\u1290 \u12ed\u12b9\u1295 \u12a3\u1320\u1253\u1255\u121b\u1361 \u1265\u134d\u120b\u12ed \u12f5\u121b \u121d\u1265\u12db\u1215\u1361 \u121d\u12a5\u122b\u121d \u12c8\u12ed \u121d\u121d\u1235\u122b\u1215 \u1213\u1260\u122c\u1273 \u12c8\u12ed \u12f3\u1273\u1361 \u1265\u134d\u120b\u12ed \u133d\u1211\u134b\u1275\u1361 \u12ad\u134b\u120b\u1275 \u133d\u1211\u134b\u1275\u1361 \u121d\u1235\u120d\u1273\u1275\u1361 \u1235\u12a5\u120d\u1273\u1275\u1361 \u126a\u12f5\u12ee\u1273\u1275\u1295 \u1235\u12a5\u120d\u1273\u1275\u1295\u1361 \u1265\u133d\u1211\u134d \u134d\u1253\u12f5 pro familia Hessen gGmbH \u12ed\u1213\u1275\u1275 \u1290\u12da \u1275\u1215\u12dd\u1276 \u12ad\u1275\u1325\u1240\u1218\u1209 \u12a5\u1295\u1270\u1213\u1232\u1265\u12ab \u12c8\u12ed&#8230; parts of it, please contact us \u12a3\u1265 \u120b\u12d5\u120a \u12d8\u120e \u12dd\u122d\u12dd\u122d \u1270\u1320\u1252\u121d\u12a9\u121d \u12a3\u1250\u12f2\u121d\u12a9\u121d \u12a3\u134d\u120d\u1321\u1293\u1362 \u1265\u1213\u1348\u123b \u12a3\u1265 \u134d\u122c\u121d<a href=\"https:\/\/fgmhessen.de\" target=\"_blank\" rel=\"noopener\">https:\/\/fgmhessen.de<\/a>\u12a8\u121d \u12c8\u1293\u1292 \u1218\u1230\u120d \u12a3\u134d\u120d\u1326 \u12a3\u1265 \u12d8\u12ed\u12c8\u1203\u1260\u1209 \u134d\u122c\u121d \u121d\u1275\u12a5\u1235\u1233\u122d \u12ad\u120d\u12a9\u120d \u12a5\u12e9\u1362 \u12ab\u120d\u12a5 \u12a9\u1209 \u1218\u1230\u120b\u1275 \u12dd\u1270\u1213\u1208\u12c8 \u12a5\u12e9\u1362<\/p>\n<p><strong>\u12f2\u12db\u12ed\u1295 \u1218\u122d\u1260\u1265 \u1213\u1260\u122c\u1273<\/strong><\/p>\n<p><a href=\"https:\/\/www.lindenfeld.de\/\" target=\"_blank\" rel=\"noopener\">\u120a\u1295\u12f0\u1295\u1348\u120d\u12f5 \u2013 \u12a4\u1300\u1295\u1232 \u12d8\u120b\u1252 \u122d\u12ad\u1265<\/a><\/p>\n<p><strong>\u1213\u120b\u134d\u1290\u1275 \u1213\u120b\u134d\u1290\u1275<\/strong><\/p>\n<p>pro familia Hessen gGmbH \u1275\u1215\u12dd\u1276 \u1293\u12ed\u1272 \u1218\u122d\u1260\u1265 \u1213\u1260\u122c\u1273<a href=\"https:\/\/fgmhessen.de\" target=\"_blank\" rel=\"noopener\">https:\/\/fgmhessen.de<\/a>\u1265\u130d\u1261\u12a5 \u1325\u1295\u1243\u1250 \u12a3\u12f3\u120d\u12e9\u12ce \u12a3\u120e\u1362<\/p>\n<p>\u12a5\u12da \u12dd\u1235\u12d5\u1265 \u1295\u12b9\u1209 \u12a3\u1265 \u12a9\u1209 \u1308\u133b\u1275 \u1293\u12ed\u1272 \u1218\u122d\u1260\u1265 \u1213\u1260\u122c\u1273 \u12d8\u120e \u1218\u120b\u130d\u1266\u1273\u1275 \u12ed\u121d\u120d\u12a8\u1275\u1364<\/p>\n<p>pro familia Hessen gGmbH \u1265\u12db\u12d5\u1263 \u1235\u1309\u121d\u1275\u1273\u1275 \u121d\u12ad\u120d\u12bb\u120d \u12f3\u1273 \u12c8\u12ed \u1295\u1275\u1215\u12dd\u1276 \u12ab\u120d\u12a6\u1275 \u1218\u122d\u1260\u1263\u1275 \u1213\u1260\u122c\u1273 \u1213\u120b\u134d\u1290\u1275 \u12a3\u12ed\u12c8\u1235\u12f5\u1295 \u12a5\u12e9\u1361 \u1290\u12da \u1275\u1215\u12dd\u1276 \u12f5\u121b \u12a8\u121d \u1293\u1271 \u12a3\u12ed\u1245\u1260\u120e\u1295\u1362 \u1235\u1208\u12da \u1265\u1218\u1295\u1308\u12f2 \u12a3\u1265<a href=\"https:\/\/fgmhessen.de\" target=\"_blank\" rel=\"noopener\">https:\/\/fgmhessen.de<\/a>\u12dd\u122d\u12a8\u1265 \u1218\u120b\u130d\u1266\u1273\u1275 \u12ad\u1228\u12bd\u1266 \u12dd\u12bd\u12a5\u120d \u1275\u1215\u12dd\u1276 \u1270\u1213\u1273\u1275\u1290\u1275 \u1265\u130d\u120d\u133a \u12ed\u130d\u1208\u120d\u1362 \u12a3\u1265 \u1275\u1215\u1272 \u12dd\u12be\u1290 \u12ed\u12b9\u1295 \u12a9\u1290\u1273\u1275 pro familia Hessen gGmbH \u1295\u12d8\u12ed\u1245\u1291\u12d5 \u12c8\u12ed \u12d8\u12ed\u121d\u1209\u12a5 \u1275\u1215\u12dd\u1276 \u12c8\u12ed \u1235\u12d2\u1261 \u12dd\u1218\u133d\u12a5 \u12dd\u12be\u1290 \u12d3\u12ed\u1290\u1275 \u1309\u12f5\u12a3\u1275 \u121d\u1235 \u12a3\u1320\u1253\u1255\u121b \u1293\u12ed\u1272 \u1218\u122d\u1260\u1265 \u1213\u1260\u122c\u1273 \u12a3\u1265<a href=\"https:\/\/fgmhessen.de\" target=\"_blank\" rel=\"noopener\">https: \/ \/fgmhessen.de<\/a>\u1218\u120b\u130d\u1266\u1273\u1275\u1295 \u1213\u1260\u122c\u1273\u1295 \u1270\u12cb\u1202\u1261\u1362 \u12a5\u1272 \u120a\u1295\u12ad \u12dd\u1270\u12a3\u1233\u1230\u1228\u1209 \u1308\u133d \u12a3\u1255\u122b\u1262 \u1265\u1215\u1273\u12ca \u1270\u1213\u1273\u1272 \u12a5\u12e9\u1362<\/p>\n<p><strong>\u1218\u12a8\u120b\u12b8\u120a \u12f3\u1273<\/strong><\/p>\n<p>\u1213\u1260\u122c\u1273 \u121d\u12ad\u120d\u12bb\u120d \u12f3\u1273\u1293<a href=\"https:\/\/fgmhesse.com\/datenschutz\/\">\u12a3\u1265\u12da<\/a> \u12ad\u1275\u1228\u12bd\u1265\u12ce \u1275\u12bd\u12a5\u1209 \u12a2\u12b9\u121d\u1362<\/p>\n\t\t\t\t\t\t\t\t<\/div>\n\t\t\t\t<\/div>\n\t\t\t\t\t<\/div>\n\t\t<\/div>\n\t\t\t\t\t<\/div>\n\t\t<\/section>\n\t\t\t\t<\/div>\n\t\t","protected":false},"excerpt":{"rendered":"<p>\u00e1\u0160\u00a3\u00e1\u02c6\u00b0\u00e1\u02c6\u00ad \u00e1\u02c6\u009d\u00e1\u02c6\u2022\u00e1\u2030\u00b3\u00e1\u02c6\u009d \u00e1\u2030\u00a5\u00e1\u02c6\u02dc\u00e1\u02c6\u00b0\u00e1\u02c6\u00a8\u00e1\u2030\u00b5 \u00c2\u00a7 5 TMG: \u00e1\u008d\u008d\u00e1\u2030\u201c\u00e1\u2039\u00b5 \u00e1\u2039\u02dc\u00e1\u02c6\u02c6\u00e1\u2039\u017d\u00e1\u02c6\u009d \u00e1\u2039\u02c6\u00e1\u0160\u00a8\u00e1\u02c6\u008d\u00e1\u2030\u00b2\u00e1\u008d\u00a1 \u00e1\u02c6\u0192\u00e1\u2039\u00ad\u00e1\u0160\u00a8 \u00e1\u008d\u2019\u00e1\u0160\u0090 (\u00e1\u0160\u00a3\u00e1\u02c6\u02dc\u00e1\u02c6\u00ab\u00e1\u02c6\u00ad\u00e1\u02c6\u201c)&lt; \/span&gt; \u00e1\u2039\u009d\u00e1\u2030\u00a5\u00e1\u02c6\u008d \u00e1\u2030\u0192\u00e1\u02c6\u008d \u00e1\u0160\u2022\u00e1\u02c6\u009d\u00e1\u02c6\u00ad\u00e1\u0160\u00ab\u00e1\u2030\u00a5 \u00e1\u0160\u00a3\u00e1\u2030\u00a5\u00e1\u2039\u0161 \u00e1\u0160\u2022\u00e1\u0152\u00a0\u00e1\u2039\u008d\u00e1\u2030\u2026 \u00e1\u008d\u2022\u00e1\u02c6\u00ae \u00e1\u008d\u2039\u00e1\u02c6\u0161\u00e1\u02c6\u0160 \u00e1\u02c6\u201e\u00e1\u02c6\u00b0\u00e1\u0160\u2022 gGmbH \u00e1\u008d\u201c\u00e1\u02c6\u008d\u00e1\u02c6\u02dc\u00e1\u0160\u2022\u00e1\u0152\u2039\u00e1\u02c6\u00ad\u00e1\u2030\u00b0\u00e1\u0160\u2022\u00e1\u02c6\u00b5\u00e1\u2030\u00b5\u00e1\u02c6\u00ab\u00e1\u02c6\u00b0 14 60325 \u00e1\u008d\u008d\u00e1\u02c6\u00ab\u00e1\u0160\u2022\u00e1\u0160\u00ad\u00e1\u008d\u02c6\u00e1\u02c6\u00ad\u00e1\u2030\u00b5\/ \u00e1\u2030\u20ac\u00e1\u0160\u2022\u00e1\u2039\u00b2 \u00e1\u2030\u00b4\u00e1\u02c6\u0152\u00e1\u008d\u017d\u00e1\u0160\u2022 100000000000000000000000000000 069-447061 \u00e1\u0160\u00a2-\u00e1\u02c6\u02dc\u00e1\u2039\u00ad\u00e1\u02c6\u008d\u00e1\u008d\u00a1 \u00e1\u02c6\u201c\u00e1\u2030\u00a0\u00e1\u02c6\u00ac\u00e1\u2030\u00b3\u00e1\u008d\u00a2 hessen@profamilia.de \u00e1\u2039\u009d\u00e1\u2030\u00a5\u00e1\u02c6\u008d \u00e1\u2030\u0192\u00e1\u02c6\u008d \u00e1\u0160\u2022\u00e1\u02c6\u009d\u00e1\u02c6\u00ad\u00e1\u0160\u00ab\u00e1\u2030\u00a5 \u00e1\u0160\u00a3\u00e1\u2030\u00a5\u00e1\u2039\u0161 \u00e1\u0160\u2022\u00e1\u0152\u00a0\u00e1\u2039\u008d\u00e1\u2030\u2026 \u00e1\u008d\u2022\u00e1\u02c6\u00ae \u00e1\u008d\u2039\u00e1\u02c6\u0161\u00e1\u02c6\u0160 \u00e1\u02c6\u201e\u00e1\u02c6\u00b0\u00e1\u0160\u2022 gGmbH \u00e1\u0160\u00a3\u00e1\u0160\u00ab\u00e1\u2039\u00ab\u00e1\u2039\u00b2 \u00e1\u2039\u00b3\u00e1\u2039\u00ad\u00e1\u02c6\u00a8\u00e1\u0160\u00ad\u00e1\u2030\u00b0\u00e1\u02c6\u00ad: \u00e1\u02c6\u0192\u00e1\u2039\u00ad\u00e1\u0160\u00a8 \u00e1\u008d\u2019\u00e1\u0160\u0090 \u00e1\u2039\u009d\u00e1\u2030\u00a5\u00e1\u02c6\u008d \u00e1\u0152\u00bd\u00e1\u02c6\u2018\u00e1\u008d\u008d \u00e1\u0160\u00a3\u00e1\u02c6\u017d\u00e1\u008d\u00a2 \u00e1\u0160\u00a3\u00e1\u2039\u008d\u00e1\u02c6\u00ab\u00e1\u0152\u0192 \u00e1\u2030\u00a4\u00e1\u2030\u00b5 \u00e1\u008d\u008d\u00e1\u02c6\u00ad\u00e1\u2039\u00b2 \u00e1\u008d\u008d\u00e1\u02c6\u00ab\u00e1\u0160\u2022\u00e1\u0160\u00ad\u00e1\u008d\u02c6\u00e1\u02c6\u00ad\u00e1\u2030\u00b5 HRB 125784 [&hellip;]<\/p>\n","protected":false},"author":1,"featured_media":0,"parent":0,"menu_order":9,"comment_status":"closed","ping_status":"closed","template":"elementor_header_footer","meta":{"footnotes":""},"class_list":["post-4922","page","type-page","status-publish","hentry"],"_links":{"self":[{"href":"https:\/\/fgmhesse.com\/ti\/wp-json\/wp\/v2\/pages\/4922","targetHints":{"allow":["GET"]}}],"collection":[{"href":"https:\/\/fgmhesse.com\/ti\/wp-json\/wp\/v2\/pages"}],"about":[{"href":"https:\/\/fgmhesse.com\/ti\/wp-json\/wp\/v2\/types\/page"}],"author":[{"embeddable":true,"href":"https:\/\/fgmhesse.com\/ti\/wp-json\/wp\/v2\/users\/1"}],"replies":[{"embeddable":true,"href":"https:\/\/fgmhesse.com\/ti\/wp-json\/wp\/v2\/comments?post=4922"}],"version-history":[{"count":2,"href":"https:\/\/fgmhesse.com\/ti\/wp-json\/wp\/v2\/pages\/4922\/revisions"}],"predecessor-version":[{"id":5638,"href":"https:\/\/fgmhesse.com\/ti\/wp-json\/wp\/v2\/pages\/4922\/revisions\/5638"}],"wp:attachment":[{"href":"https:\/\/fgmhesse.com\/ti\/wp-json\/wp\/v2\/media?parent=4922"}],"curies":[{"name":"wp","href":"https:\/\/api.w.org\/{rel}","templated":true}]}}