{"id":5058,"date":"2020-06-16T14:13:01","date_gmt":"2020-06-16T14:13:01","guid":{"rendered":"https:\/\/fgmhesse.wp-profi-service.de\/fgm-%e1%8a%a5%e1%8a%95%e1%89%b3%e1%8b%ad-%e1%8a%a5%e1%8b%a9\/"},"modified":"2024-10-01T20:15:05","modified_gmt":"2024-10-01T20:15:05","slug":"fgm-%e1%8a%a5%e1%8a%95%e1%89%b3%e1%8b%ad-%e1%8a%a5%e1%8b%a9","status":"publish","type":"page","link":"https:\/\/fgmhesse.com\/ti\/fgm-%e1%8a%a5%e1%8a%95%e1%89%b3%e1%8b%ad-%e1%8a%a5%e1%8b%a9\/","title":{"rendered":"\u121d\u12bd\u1295\u123b\u1265 \u12a3\u12cb\u120d\u12f5 \u12a5\u1295\u1273\u12ed \u12a5\u12e9\u1367"},"content":{"rendered":"\t\t<div data-elementor-type=\"wp-page\" data-elementor-id=\"5058\" class=\"elementor elementor-5058 elementor-16\" data-elementor-post-type=\"page\">\n\t\t\t\t\t\t<section class=\"elementor-section elementor-top-section elementor-element elementor-element-0676920 elementor-section-height-min-height elementor-section-boxed elementor-section-height-default elementor-section-items-middle\" data-id=\"0676920\" data-element_type=\"section\" data-e-type=\"section\" data-settings=\"{&quot;background_background&quot;:&quot;classic&quot;}\">\n\t\t\t\t\t\t\t<div class=\"elementor-background-overlay\"><\/div>\n\t\t\t\t\t\t\t<div class=\"elementor-container elementor-column-gap-default\">\n\t\t\t\t\t<div class=\"elementor-column elementor-col-66 elementor-top-column elementor-element elementor-element-f8f79fe\" data-id=\"f8f79fe\" data-element_type=\"column\" data-e-type=\"column\">\n\t\t\t<div class=\"elementor-widget-wrap elementor-element-populated\">\n\t\t\t\t\t\t<div class=\"elementor-element elementor-element-9c9e44c elementor-widget elementor-widget-heading\" data-id=\"9c9e44c\" data-element_type=\"widget\" data-e-type=\"widget\" data-widget_type=\"heading.default\">\n\t\t\t\t<div class=\"elementor-widget-container\">\n\t\t\t\t\t<h1 class=\"elementor-heading-title elementor-size-default\">\u121d\u12bd\u1295\u123b\u1265 \u12a3\u12cb\u120d\u12f5 \u12a5\u1295\u1273\u12ed \u12a5\u12e9\u1367<\/h1>\t\t\t\t<\/div>\n\t\t\t\t<\/div>\n\t\t\t\t<div class=\"elementor-element elementor-element-a0a5098 elementor-widget elementor-widget-text-editor\" data-id=\"a0a5098\" data-element_type=\"widget\" data-e-type=\"widget\" data-widget_type=\"text-editor.default\">\n\t\t\t\t<div class=\"elementor-widget-container\">\n\t\t\t\t\t\t\t\t\t<div class=\"elementor-element elementor-element-da15dcd elementor-widget elementor-widget-text-editor\" data-id=\"da15dcd\" data-element_type=\"widget\" data-widget_type=\"text-editor.default\">\n<div class=\"elementor-widget-container\">\n<p>\u12a3\u1265 \u121d\u12bd\u1295\u123b\u1265 \u12a3\u12cb\u120d\u12f5 \u12a5\u1272 \u130e\u12f0\u1266 \u12a8\u121d\u12a1\u2019\u12cd\u1295 \u12a5\u1276\u121d \u1295\u12a1\u1235 \u12c8\u12ed \u12d5\u1265\u12ed \u12dd\u1260\u1209 \u12a8\u1293\u134d\u122d (\u120b\u1265\u12eb) \u1265\u1245\u1229\u1265 \u12c8\u12ed \u1265\u1265\u12d9\u1215 \u12ad\u1251\u1228\u1339 \u12a5\u12ee\u121d\u1362<\/p>\n<\/div>\n<\/div>\n\t\t\t\t\t\t\t\t<\/div>\n\t\t\t\t<\/div>\n\t\t\t\t\t<\/div>\n\t\t<\/div>\n\t\t\t\t<div class=\"elementor-column elementor-col-33 elementor-top-column elementor-element elementor-element-6b19baa\" data-id=\"6b19baa\" data-element_type=\"column\" data-e-type=\"column\">\n\t\t\t<div class=\"elementor-widget-wrap\">\n\t\t\t\t\t\t\t<\/div>\n\t\t<\/div>\n\t\t\t\t\t<\/div>\n\t\t<\/section>\n\t\t\t\t<section class=\"elementor-section elementor-top-section elementor-element elementor-element-0ef824f elementor-section-boxed elementor-section-height-default elementor-section-height-default\" data-id=\"0ef824f\" data-element_type=\"section\" data-e-type=\"section\">\n\t\t\t\t\t\t<div class=\"elementor-container elementor-column-gap-default\">\n\t\t\t\t\t<div class=\"elementor-column elementor-col-50 elementor-top-column elementor-element elementor-element-efc7bcb\" data-id=\"efc7bcb\" data-element_type=\"column\" data-e-type=\"column\">\n\t\t\t<div class=\"elementor-widget-wrap elementor-element-populated\">\n\t\t\t\t\t\t<div class=\"elementor-element elementor-element-dc2e2a7 elementor-widget elementor-widget-heading\" data-id=\"dc2e2a7\" data-element_type=\"widget\" data-e-type=\"widget\" data-widget_type=\"heading.default\">\n\t\t\t\t<div class=\"elementor-widget-container\">\n\t\t\t\t\t<h4 class=\"elementor-heading-title elementor-size-default\"> \u12a3\u122d\u1263\u12d5\u1270 \u12d3\u12ed\u1290\u1275 \u12ed\u134d\u1208\u12e9\u1365<\/h4>\t\t\t\t<\/div>\n\t\t\t\t<\/div>\n\t\t\t\t<div class=\"elementor-element elementor-element-b3500a5 elementor-widget elementor-widget-text-editor\" data-id=\"b3500a5\" data-element_type=\"widget\" data-e-type=\"widget\" data-widget_type=\"text-editor.default\">\n\t\t\t\t<div class=\"elementor-widget-container\">\n\t\t\t\t\t\t\t\t\t<div class=\"elementor-element elementor-element-b3500a5 elementor-widget elementor-widget-text-editor\" data-id=\"b3500a5\" data-element_type=\"widget\" data-widget_type=\"text-editor.default\">\n<div class=\"elementor-widget-container\">\n<p>\u12d3\u12ed\u1290\u1275 1 (\u12ad\u120a\u1276\u122a\u12f0\u12ad\u1276\u121a \u12c8\u12ed \u201c\u1231\u1293\u201c)\u1365 \u1265\u12b8\u134a\u120d \u12c8\u12ed \u121d\u1209\u12a5 \u121d\u12f5\u121d\u1233\u1235 \u1293\u12ed \u130d\u12f3\u121b\u12ca <a href=\"https:\/\/fgmhesse.com\/ti\/%e1%88%98%e1%8b%9d%e1%8c%88%e1%89%a0-%e1%89%83%e1%88%8b%e1%89%b5\/\">\u130e\u12f0\u1266<\/a><\/p>\n<\/div>\n<\/div>\n\t\t\t\t\t\t\t\t<\/div>\n\t\t\t\t<\/div>\n\t\t\t\t<div class=\"elementor-element elementor-element-638dd98 elementor-widget elementor-widget-text-editor\" data-id=\"638dd98\" data-element_type=\"widget\" data-e-type=\"widget\" data-widget_type=\"text-editor.default\">\n\t\t\t\t<div class=\"elementor-widget-container\">\n\t\t\t\t\t\t\t\t\t<div class=\"elementor-element elementor-element-638dd98 elementor-widget elementor-widget-text-editor\" data-id=\"638dd98\" data-element_type=\"widget\" data-widget_type=\"text-editor.default\">\n<div class=\"elementor-widget-container\">\n<p>\u12d3\u12ed\u1290\u1275 2 (\u12a4\u12ad\u1232\u1235\u12ee\u1295)\u1365 \u1265\u12b8\u134a\u120d \u12c8\u12ed \u121d\u1209\u12a5 \u121d\u12f5\u121d\u1233\u1235 \u1293\u12ed \u130d\u12f3\u121b\u12ca <a href=\"https:\/\/fgmhesse.com\/ti\/%e1%88%98%e1%8b%9d%e1%8c%88%e1%89%a0-%e1%89%83%e1%88%8b%e1%89%b5\/\">\u130e\u12f0\u1266 <\/a>\u12a8\u121d\u12a1\u2018\u12cd\u1295 \u1293\u12ed \u1295\u12a1\u1233\u1275 <a href=\"https:\/\/fgmhesse.com\/ti\/%e1%88%98%e1%8b%9d%e1%8c%88%e1%89%a0-%e1%89%83%e1%88%8b%e1%89%b5\/\">\u12a8\u1293\u134d\u122d \u1268\u1291\u1235 <\/a>(\u120b\u1265\u12eb)<\/p>\n<\/div>\n<\/div>\n\t\t\t\t\t\t\t\t<\/div>\n\t\t\t\t<\/div>\n\t\t\t\t<div class=\"elementor-element elementor-element-28b8f90 elementor-widget elementor-widget-text-editor\" data-id=\"28b8f90\" data-element_type=\"widget\" data-e-type=\"widget\" data-widget_type=\"text-editor.default\">\n\t\t\t\t<div class=\"elementor-widget-container\">\n\t\t\t\t\t\t\t\t\t<div class=\"elementor-element elementor-element-28b8f90 elementor-widget elementor-widget-text-editor\" data-id=\"28b8f90\" data-element_type=\"widget\" data-widget_type=\"text-editor.default\">\n<div class=\"elementor-widget-container\">\n<p>\u12d3\u12ed\u1290\u1275 3 (\u12a2\u1295\u134a\u1261\u1208\u123d\u1295 \u12c8\u12ed \u1293\u12ed \u201c\u1348\u122d\u12d3\u1295 \u121d\u12bd\u1295\u123b\u1265\u201c)\u1365 \u1260\u1272 \u121d\u12bd\u1295\u123b\u1265 \u12a8\u121d\u12a1\u2018\u12cd\u1295 \u1260\u1272 \u121d\u1235\u134b\u12ed \u12d5\u1265\u12ed \u12dd\u1260\u1209 \u12a8\u1293\u134d\u122d (\u120b\u1265\u12eb) \u12a5\u1272 \u1218\u12a5\u1270\u12ca <a href=\"https:\/\/fgmhesse.com\/ti\/%e1%88%98%e1%8b%9d%e1%8c%88%e1%89%a0-%e1%89%83%e1%88%8b%e1%89%b5\/\">\u1218\u1238\u1292\u1275 <\/a>\u12ad\u133d\u1260\u1265 \u12a5\u12e9\u1362 \u1213\u12f0\u1213\u12f0 \u130d\u12dc \u12cb\u120b \u12a5\u1272 \u1265\u130d\u12f3\u121d \u12dd\u1228\u12a0 \u12a3\u12ab\u120d <a href=\"https:\/\/fgmhesse.com\/ti\/%e1%88%98%e1%8b%9d%e1%8c%88%e1%89%a0-%e1%89%83%e1%88%8b%e1%89%b5\/\">\u130e\u12f0\u1266 <\/a>\u12ad\u12f5\u121d\u1230\u1235 \u12a5\u12e9\u1363 \u130d\u1293 \u12a9\u1209 \u130d\u12dc \u12a3\u12ed\u12ae\u1290\u1295\u1362<\/p>\n<\/div>\n<\/div>\n\t\t\t\t\t\t\t\t<\/div>\n\t\t\t\t<\/div>\n\t\t\t\t<div class=\"elementor-element elementor-element-9b5db43 elementor-widget elementor-widget-text-editor\" data-id=\"9b5db43\" data-element_type=\"widget\" data-e-type=\"widget\" data-widget_type=\"text-editor.default\">\n\t\t\t\t<div class=\"elementor-widget-container\">\n\t\t\t\t\t\t\t\t\t<p>\u12d3\u12ed\u1290\u1275 4\u1365 \u12dd\u12be\u1291 \u1295\u1265\u120d\u12d5\u1272-\u1218\u12cd\u1208\u12f2 \u12dd\u1203\u1235\u12e9 \u12ab\u120d\u12a6\u1275 \u12a3\u1308\u1263\u1265\u122b\u1273\u1275\u1363 \u12a8\u121d \u1295\u12a3\u1265\u1290\u1275 \u121d\u12cd\u130b\u12a5\u1363 \u1290\u12c3\u120d \u121d\u130d\u1263\u122d \u12c8\u12ed \u1265\u1240\u1218\u121b\u12ca \u1290\u1308\u122d \u121d\u1295\u12f3\u12f5 \u1265\u120d\u12d5\u1272-\u1218\u12cd\u1208\u12f2\u1362<\/p>\n\t\t\t\t\t\t\t\t<\/div>\n\t\t\t\t<\/div>\n\t\t\t\t<div class=\"elementor-element elementor-element-17f1835 elementor-widget elementor-widget-button\" data-id=\"17f1835\" data-element_type=\"widget\" data-e-type=\"widget\" data-widget_type=\"button.default\">\n\t\t\t\t<div class=\"elementor-widget-container\">\n\t\t\t\t\t\t\t\t\t<div class=\"elementor-button-wrapper\">\n\t\t\t\t\t<a class=\"elementor-button elementor-button-link elementor-size-xs\" href=\"http:\/\/www.zanzu.de\/de\/koerper\/koerper-der-frau\/weibliche-genitalverstuemmelung\/\" target=\"_blank\" rel=\"noopener\">\n\t\t\t\t\t\t<span class=\"elementor-button-content-wrapper\">\n\t\t\t\t\t\t\t\t\t<span class=\"elementor-button-text\">\u1235\u12a5\u120d\u1273<\/span>\n\t\t\t\t\t<\/span>\n\t\t\t\t\t<\/a>\n\t\t\t\t<\/div>\n\t\t\t\t\t\t\t\t<\/div>\n\t\t\t\t<\/div>\n\t\t\t\t\t<\/div>\n\t\t<\/div>\n\t\t\t\t<div class=\"elementor-column elementor-col-50 elementor-top-column elementor-element elementor-element-5340cf7\" data-id=\"5340cf7\" data-element_type=\"column\" data-e-type=\"column\">\n\t\t\t<div class=\"elementor-widget-wrap\">\n\t\t\t\t\t\t\t<\/div>\n\t\t<\/div>\n\t\t\t\t\t<\/div>\n\t\t<\/section>\n\t\t\t\t<section class=\"elementor-section elementor-top-section elementor-element elementor-element-49e61e3 elementor-section-boxed elementor-section-height-default elementor-section-height-default\" data-id=\"49e61e3\" data-element_type=\"section\" data-e-type=\"section\">\n\t\t\t\t\t\t<div class=\"elementor-container elementor-column-gap-default\">\n\t\t\t\t\t<div class=\"elementor-column elementor-col-50 elementor-top-column elementor-element elementor-element-687dc42\" data-id=\"687dc42\" data-element_type=\"column\" data-e-type=\"column\">\n\t\t\t<div class=\"elementor-widget-wrap elementor-element-populated\">\n\t\t\t\t\t\t<div class=\"elementor-element elementor-element-435660c elementor-widget elementor-widget-image\" data-id=\"435660c\" data-element_type=\"widget\" data-e-type=\"widget\" data-widget_type=\"image.default\">\n\t\t\t\t<div class=\"elementor-widget-container\">\n\t\t\t\t\t\t\t\t\t\t\t\t\t\t\t<img fetchpriority=\"high\" decoding=\"async\" width=\"700\" height=\"774\" src=\"https:\/\/fgmhesse.com\/wp-content\/uploads\/2024\/01\/paragraph.png\" class=\"attachment-full size-full wp-image-3604\" alt=\"\" srcset=\"https:\/\/fgmhesse.com\/wp-content\/uploads\/2024\/01\/paragraph.png 700w, https:\/\/fgmhesse.com\/wp-content\/uploads\/2024\/01\/paragraph-271x300.png 271w\" sizes=\"(max-width: 700px) 100vw, 700px\" \/>\t\t\t\t\t\t\t\t\t\t\t\t\t\t\t<\/div>\n\t\t\t\t<\/div>\n\t\t\t\t\t<\/div>\n\t\t<\/div>\n\t\t\t\t<div class=\"elementor-column elementor-col-50 elementor-top-column elementor-element elementor-element-6f464a8\" data-id=\"6f464a8\" data-element_type=\"column\" data-e-type=\"column\">\n\t\t\t<div class=\"elementor-widget-wrap elementor-element-populated\">\n\t\t\t\t\t\t<div class=\"elementor-element elementor-element-807104c elementor-widget elementor-widget-text-editor\" data-id=\"807104c\" data-element_type=\"widget\" data-e-type=\"widget\" data-widget_type=\"text-editor.default\">\n\t\t\t\t<div class=\"elementor-widget-container\">\n\t\t\t\t\t\t\t\t\t<div class=\"elementor-element elementor-element-5878de8 elementor-widget elementor-widget-text-editor\" data-id=\"5878de8\" data-element_type=\"widget\" data-widget_type=\"text-editor.default\">\n<div class=\"elementor-widget-container\">\n<p>\u12a5\u1272 \u12d3\u12ed\u1290\u1275 \u1293\u12ed \u12dd\u130d\u1260\u122d \u12d8\u120e \u121d\u12bd\u1295\u123b\u1265 \u12a3\u12cb\u120d\u12f5 \u12ab\u1265 \u1203\u1308\u122d\u1363 \u12a8\u1263\u1262 \u12a8\u121d\u12a1 \u12f5\u121b \u1309\u1305\u1208 \u1205\u12dd\u1262 \u12ed\u121d\u122d\u12ae\u1235 \u12a5\u12e9\u1362 \u1213\u12f0\u1213\u12f0 \u130d\u12dc \u12a5\u1272 \u12d3\u12ed\u1290\u1275 \u12dd\u12ab\u12e8\u12f5 \u12d8\u120e \u121d\u12bd\u1295\u123b\u1265 \u121d\u1235\u1272 \u130d\u12dc \u12ed\u1255\u12ed\u122d \u12a5\u12e9\u1362 \u12dd\u12be\u1290 \u12d3\u12ed\u1290\u1275 \u121d\u12bd\u1295\u123b\u1265 \u12a3\u12cb\u120d\u12f5 \u12a3\u1209\u1273\u12ca \u1233\u12d5\u1264\u1293\u1275 \u1295\u1325\u12d5\u1293 \u12a3\u12cb\u120d\u12f5\u1295 \u12a3\u1295\u1235\u1275\u1295 \u12a3\u1208\u12ce \u12a8\u121d\u12a1\u2019\u12cd\u1295 \u1295 \u201c\u1218\u1230\u120d \u12a3\u12ab\u120b\u1273\u12ca \u134d\u1339\u121d\u1290\u1275\u201d \u12ed\u130e\u12f5\u12a5 \u12a5\u12e9\u1362 \u12a3\u12ab\u120b\u1275\u12aa \u12a8\u1218\u12ed \u12a8\u121d\u1275\u1215\u12da \u12a8\u121d\u12a1\u2019\u12cd\u1295 \u12a3\u12ab\u120b\u1275\u12aa\/\u1290\u1265\u1235\u12ba \u12a8\u1218\u12ed \u12a8\u121d\u12dd\u1270\u1213\u12dd \u1263\u12d5\u120d\u12ba \u12ad\u1275\u12cd\u1235\u1292 \u12a8\u121d\u12dd\u130d\u1265\u12a3\u12aa \u121b\u1208\u1275\u2019\u12e9\u1362<\/p>\n<p>\u12d5\u12f5\u1218 \u12a3\u12cb\u120d\u12f5 \u12a3\u1265 \u121d\u12bd\u1295\u123b\u1265 \u12dd\u1270\u1348\u120b\u1208\u12e8 \u12a5\u12e9\u1362 \u12a3\u1265 \u1240\u12f3\u121e\u1275 \u12a3\u12cb\u122d\u1215 \u1205\u12ed\u12c8\u1275 \u1295\u12a3\u12cb\u120d\u12f5 \u12dd\u12bd\u1295\u123d\u1263 \u12ae\u121b\u1275 \u12a3\u1208\u12cd\u1362 \u12ab\u120d\u12a6\u1275 \u121d\u12bd\u1295\u123b\u1265 \u12a3\u1265 \u12d5\u12f5\u1218 \u12a3\u122d\u1263\u12d5\u1270 \u12ad\u1233\u1265 \u1238\u121e\u1295\u1270 \u12e8\u12ab\u12ed\u12f1 \u12c8\u12ed \u12a3\u1265 \u121d\u1235\u130b\u122d \u1293\u1265 \u1265\u133d\u1215\u1293\u1362<\/p>\n<p>\u121d\u12bd\u1295\u123b\u1265 \u12a3\u12cb\u120d\u12f5 \u12a5\u1295\u1270\u120b\u12ed <a href=\"https:\/\/fgmhesse.com\/ti\/%e1%88%98%e1%8b%9d%e1%8c%88%e1%89%a0-%e1%89%83%e1%88%8b%e1%89%b5\/\">\u1293\u12ed \u12f0\u1240\u1295\u1235\u1275\u12ee \u12a3\u12ab\u1208-\u1309\u12f5\u1208\u1275 <\/a>\u12a5\u12e9 \u12dd\u1265\u1203\u120d\u1362 \u1325\u1215\u1230\u1275 \u1218\u1230\u120d \u12c8\u12f5\u2013\u1230\u1265 \u12a5\u12e9 \u12a8\u121d\u12a1\u2018\u12cd\u1295 \u1295\u1325\u12d5\u1293 \u12a3\u12cb\u120d\u12f5\u1295 \u12a3\u1295\u1235\u1275\u1295 \u12ed\u130e\u12f5\u12a5 \u12a5\u12e9\u1362 \u1218\u1230\u120b\u1275 \u12c8\u12f5\u2013\u1230\u1265 \u1295\u12a9\u120e\u121d \u1230\u1263\u1275 \u1265\u1251\u12d3\u1275 \u12a5\u12ee\u121d\u1363 \u12ab\u1265 \u12a3\u134d\u122a\u1243\u1363 \u12a3\u12cd\u1235\u1275\u122b\u120d\u12eb\u1363 \u12a4\u1235\u12eb\u1363 \u12a3\u1218\u122a\u12ab \u12c8\u12ed \u12a4\u12cd\u122e\u1333 \u1218\u133a\u12a6\u121d \u1265\u12d8\u12ed\u12e8\u1308\u12f5\u1235\u1363 \u1230\u1265\u12a3\u12ed \u12c8\u12ed \u1230\u1260\u12ed\u1272 \u12c8\u12ed \u1308\u1293 \u1246\u120d\u12d1\u1275 \u12ae\u12ed\u1296\u121d\u1363 \u12a3\u1265 \u12dd\u12a3\u121d\u1291\u12ce \u1203\u12ed\u121b\u1296\u1275 \u12a8\u121d\u12a1\u2018\u12cd\u1295 \u1203\u1265\u1273\u121d \u12cb\u120b \u12f5\u12bb \u12ed\u12b9\u1291 \u12cd\u1295 \u1265\u12d8\u12e8\u1308\u12f5\u1235\u1362 \u201c\u12a3\u12ab\u1208\u2013\u1309\u12f5\u1208\u1275\u201d \u12dd\u1265\u1203\u120d \u1235\u121d \u12ab\u1265 \u12cd\u12f5\u1265 \u1325\u12d5\u1293 \u12d3\u1208\u121d (WHO) \u12a8\u121d\u12a1\u2018\u12cd\u1295 \u12ab\u1265 \u12a3\u134d\u122a\u1243\u12cd\u12eb\u1295 \u12a3\u1295\u1235\u1272 \u1270\u1348\u1322\u1229\u1363 \u1295\u121d\u12bd\u1295\u123b\u1265 \u12a3\u12cb\u120d\u12f5 \u12ad\u12f5\u121d\u1235\u1231 \u12f0\u120d\u12ee\u121d\u1362 \u12a5\u1276\u121d \u12dd\u1270\u1218\u120d\u12a8\u1271 \u1309\u1305\u1208\u1273\u1275 \u1205\u12dd\u1262 \u1290\u134d\u1235\u12c8\u12a8\u134e\u121d \u12a3\u1235\u121b\u1275 \u12ed\u1325\u1250\u1219\u1209\u1362 \u201c<a href=\"https:\/\/fgmhesse.com\/ti\/%e1%88%98%e1%8b%9d%e1%8c%88%e1%89%a0-%e1%89%83%e1%88%8b%e1%89%b5\/\">\u12a3\u12ab\u1208-\u1309\u12f5\u1208\u1275<\/a>\u201d \u12dd\u1265\u1203\u120d \u1235\u121d \u12ab\u1265 \u12cd\u12f5\u1265 \u1325\u12d5\u1293 \u12d3\u1208\u121d (WHO) \u12a8\u121d\u12a1\u2018\u12cd\u1295 \u12ab\u1265 \u12a3\u134d\u122a\u1243\u12cd\u12eb\u1295 \u12a3\u1295\u1235\u1272 \u1270\u1348\u1322\u1229\u1363 \u1295\u121d\u12bd\u1295\u123b\u1265 \u12a3\u12cb\u120d\u12f5 \u12ad\u12f5\u121d\u1235\u1231 \u12f0\u120d\u12ee\u121d\u1362 \u12a5\u1276\u121d \u12dd\u1270\u1218\u120d\u12a8\u1271 \u1309\u1305\u1208\u1273\u1275 \u1205\u12dd\u1262 \u1290\u134d\u1235\u12c8\u12a8\u134e\u121d \u12a3\u1235\u121b\u1275 \u12ed\u1325\u1250\u1219\u1209\u1362<\/p>\n<\/div>\n<\/div>\n\t\t\t\t\t\t\t\t<\/div>\n\t\t\t\t<\/div>\n\t\t\t\t<div class=\"elementor-element elementor-element-7b16099 elementor-widget elementor-widget-button\" data-id=\"7b16099\" data-element_type=\"widget\" data-e-type=\"widget\" data-widget_type=\"button.default\">\n\t\t\t\t<div class=\"elementor-widget-container\">\n\t\t\t\t\t\t\t\t\t<div class=\"elementor-button-wrapper\">\n\t\t\t\t\t<a class=\"elementor-button elementor-button-link elementor-size-xs\" href=\"https:\/\/fgmhesse.com\/dringendes\/lexikon\/\">\n\t\t\t\t\t\t<span class=\"elementor-button-content-wrapper\">\n\t\t\t\t\t\t\t\t\t<span class=\"elementor-button-text\">\u1218\u130d\u1208\u133a\u1273\u1275 \u1293\u12ed \u12a3\u1265\u12da \u1308\u133d \u12dd\u1270\u1320\u1250\u1219 \u12a3\u1235\u121b\u1275<\/span>\n\t\t\t\t\t<\/span>\n\t\t\t\t\t<\/a>\n\t\t\t\t<\/div>\n\t\t\t\t\t\t\t\t<\/div>\n\t\t\t\t<\/div>\n\t\t\t\t\t<\/div>\n\t\t<\/div>\n\t\t\t\t\t<\/div>\n\t\t<\/section>\n\t\t\t\t<\/div>\n\t\t","protected":false},"excerpt":{"rendered":"<p>\u00e1\u02c6\u009d\u00e1\u0160\u00bd\u00e1\u0160\u2022\u00e1\u02c6\u00bb\u00e1\u2030\u00a5 \u00e1\u0160\u00a3\u00e1\u2039\u2039\u00e1\u02c6\u008d\u00e1\u2039\u00b5 \u00e1\u0160\u00a5\u00e1\u0160\u2022\u00e1\u2030\u00b3\u00e1\u2039\u00ad \u00e1\u0160\u00a5\u00e1\u2039\u00a9\u00e1\u008d\u00a7 \u00e1\u0160\u00a3\u00e1\u2030\u00a5 \u00e1\u02c6\u009d\u00e1\u0160\u00bd\u00e1\u0160\u2022\u00e1\u02c6\u00bb\u00e1\u2030\u00a5 \u00e1\u0160\u00a3\u00e1\u2039\u2039\u00e1\u02c6\u008d\u00e1\u2039\u00b5 \u00e1\u0160\u00a5\u00e1\u2030\u00b2 \u00e1\u0152\u017d\u00e1\u2039\u00b0\u00e1\u2030\u00a6 \u00e1\u0160\u00a8\u00e1\u02c6\u009d\u00e1\u0160\u00a1\u00e2\u20ac\u2122\u00e1\u2039\u008d\u00e1\u0160\u2022 \u00e1\u0160\u00a5\u00e1\u2030\u00b6\u00e1\u02c6\u009d \u00e1\u0160\u2022\u00e1\u0160\u00a1\u00e1\u02c6\u00b5 \u00e1\u2039\u02c6\u00e1\u2039\u00ad \u00e1\u2039\u2022\u00e1\u2030\u00a5\u00e1\u2039\u00ad \u00e1\u2039\u009d\u00e1\u2030\u00a0\u00e1\u02c6\u2030 \u00e1\u0160\u00a8\u00e1\u0160\u201c\u00e1\u008d\u008d\u00e1\u02c6\u00ad (\u00e1\u02c6\u2039\u00e1\u2030\u00a5\u00e1\u2039\u00ab) \u00e1\u2030\u00a5\u00e1\u2030\u2026\u00e1\u02c6\u00a9\u00e1\u2030\u00a5 \u00e1\u2039\u02c6\u00e1\u2039\u00ad \u00e1\u2030\u00a5\u00e1\u2030\u00a5\u00e1\u2039\u2122\u00e1\u02c6\u2022 \u00e1\u0160\u00ad\u00e1\u2030\u2018\u00e1\u02c6\u00a8\u00e1\u0152\u00b9 \u00e1\u0160\u00a5\u00e1\u2039\u00ae\u00e1\u02c6\u009d\u00e1\u008d\u00a2 \u00e1\u0160\u00a3\u00e1\u02c6\u00ad\u00e1\u2030\u00a3\u00e1\u2039\u2022\u00e1\u2030\u00b0 \u00e1\u2039\u201c\u00e1\u2039\u00ad\u00e1\u0160\u0090\u00e1\u2030\u00b5 \u00e1\u2039\u00ad\u00e1\u008d\u008d\u00e1\u02c6\u02c6\u00e1\u2039\u00a9\u00e1\u008d\u00a5 \u00e1\u2039\u201c\u00e1\u2039\u00ad\u00e1\u0160\u0090\u00e1\u2030\u00b5 1 (\u00e1\u0160\u00ad\u00e1\u02c6\u0160\u00e1\u2030\u00b6\u00e1\u02c6\u00aa\u00e1\u2039\u00b0\u00e1\u0160\u00ad\u00e1\u2030\u00b6\u00e1\u02c6\u0161 \u00e1\u2039\u02c6\u00e1\u2039\u00ad \u00e2\u20ac\u0153\u00e1\u02c6\u00b1\u00e1\u0160\u201c\u00e2\u20ac\u0153)\u00e1\u008d\u00a5 \u00e1\u2030\u00a5\u00e1\u0160\u00b8\u00e1\u008d\u0160\u00e1\u02c6\u008d \u00e1\u2039\u02c6\u00e1\u2039\u00ad \u00e1\u02c6\u009d\u00e1\u02c6\u2030\u00e1\u0160\u00a5 \u00e1\u02c6\u009d\u00e1\u2039\u00b5\u00e1\u02c6\u009d\u00e1\u02c6\u00b3\u00e1\u02c6\u00b5 \u00e1\u0160\u201c\u00e1\u2039\u00ad \u00e1\u0152\u008d\u00e1\u2039\u00b3\u00e1\u02c6\u203a\u00e1\u2039\u0160 \u00e1\u0152\u017d\u00e1\u2039\u00b0\u00e1\u2030\u00a6 \u00e1\u2039\u201c\u00e1\u2039\u00ad\u00e1\u0160\u0090\u00e1\u2030\u00b5 2 (\u00e1\u0160\u00a4\u00e1\u0160\u00ad\u00e1\u02c6\u00b2\u00e1\u02c6\u00b5\u00e1\u2039\u00ae\u00e1\u0160\u2022)\u00e1\u008d\u00a5 \u00e1\u2030\u00a5\u00e1\u0160\u00b8\u00e1\u008d\u0160\u00e1\u02c6\u008d \u00e1\u2039\u02c6\u00e1\u2039\u00ad \u00e1\u02c6\u009d\u00e1\u02c6\u2030\u00e1\u0160\u00a5 \u00e1\u02c6\u009d\u00e1\u2039\u00b5\u00e1\u02c6\u009d\u00e1\u02c6\u00b3\u00e1\u02c6\u00b5 \u00e1\u0160\u201c\u00e1\u2039\u00ad \u00e1\u0152\u008d\u00e1\u2039\u00b3\u00e1\u02c6\u203a\u00e1\u2039\u0160 \u00e1\u0152\u017d\u00e1\u2039\u00b0\u00e1\u2030\u00a6 \u00e1\u0160\u00a8\u00e1\u02c6\u009d\u00e1\u0160\u00a1\u00e2\u20ac\u02dc\u00e1\u2039\u008d\u00e1\u0160\u2022 \u00e1\u0160\u201c\u00e1\u2039\u00ad \u00e1\u0160\u2022\u00e1\u0160\u00a1\u00e1\u02c6\u00b3\u00e1\u2030\u00b5 \u00e1\u0160\u00a8\u00e1\u0160\u201c\u00e1\u008d\u008d\u00e1\u02c6\u00ad \u00e1\u2030\u00a8\u00e1\u0160\u2018\u00e1\u02c6\u00b5 (\u00e1\u02c6\u2039\u00e1\u2030\u00a5\u00e1\u2039\u00ab) \u00e1\u2039\u201c\u00e1\u2039\u00ad\u00e1\u0160\u0090\u00e1\u2030\u00b5 3 [&hellip;]<\/p>\n","protected":false},"author":1,"featured_media":0,"parent":0,"menu_order":0,"comment_status":"closed","ping_status":"closed","template":"elementor_header_footer","meta":{"footnotes":""},"class_list":["post-5058","page","type-page","status-publish","hentry"],"_links":{"self":[{"href":"https:\/\/fgmhesse.com\/ti\/wp-json\/wp\/v2\/pages\/5058","targetHints":{"allow":["GET"]}}],"collection":[{"href":"https:\/\/fgmhesse.com\/ti\/wp-json\/wp\/v2\/pages"}],"about":[{"href":"https:\/\/fgmhesse.com\/ti\/wp-json\/wp\/v2\/types\/page"}],"author":[{"embeddable":true,"href":"https:\/\/fgmhesse.com\/ti\/wp-json\/wp\/v2\/users\/1"}],"replies":[{"embeddable":true,"href":"https:\/\/fgmhesse.com\/ti\/wp-json\/wp\/v2\/comments?post=5058"}],"version-history":[{"count":5,"href":"https:\/\/fgmhesse.com\/ti\/wp-json\/wp\/v2\/pages\/5058\/revisions"}],"predecessor-version":[{"id":5626,"href":"https:\/\/fgmhesse.com\/ti\/wp-json\/wp\/v2\/pages\/5058\/revisions\/5626"}],"wp:attachment":[{"href":"https:\/\/fgmhesse.com\/ti\/wp-json\/wp\/v2\/media?parent=5058"}],"curies":[{"name":"wp","href":"https:\/\/api.w.org\/{rel}","templated":true}]}}