{"id":5088,"date":"2020-09-07T11:13:06","date_gmt":"2020-09-07T11:13:06","guid":{"rendered":"https:\/\/fgmhesse.wp-profi-service.de\/%e1%88%93%e1%8c%88%e1%8b%9d%e1%89%b2-%e1%88%b0%e1%8a%90%e1%8b%b3%e1%89%b5%e1%8a%95-%e1%8a%95%e1%8b%8b%e1%89%b5%e1%8a%95\/"},"modified":"2024-10-01T20:17:31","modified_gmt":"2024-10-01T20:17:31","slug":"%e1%88%93%e1%8c%88%e1%8b%9d%e1%89%b2-%e1%88%b0%e1%8a%90%e1%8b%b3%e1%89%b5%e1%8a%95-%e1%8a%95%e1%8b%8b%e1%89%b5%e1%8a%95","status":"publish","type":"page","link":"https:\/\/fgmhesse.com\/ti\/%e1%88%93%e1%8c%88%e1%8b%9d%e1%89%b2-%e1%88%b0%e1%8a%90%e1%8b%b3%e1%89%b5%e1%8a%95-%e1%8a%95%e1%8b%8b%e1%89%b5%e1%8a%95\/","title":{"rendered":"\u1213\u1308\u12dd\u1272 \u1230\u1290\u12f3\u1275\u1295 \u1295\u12cb\u1273\u1275\u1295"},"content":{"rendered":"\t\t<div data-elementor-type=\"wp-page\" data-elementor-id=\"5088\" class=\"elementor elementor-5088 elementor-1196\" data-elementor-post-type=\"page\">\n\t\t\t\t\t\t<section class=\"elementor-section elementor-top-section elementor-element elementor-element-85cf606 elementor-section-height-min-height elementor-section-boxed elementor-section-height-default elementor-section-items-middle\" data-id=\"85cf606\" data-element_type=\"section\" data-e-type=\"section\" data-settings=\"{&quot;background_background&quot;:&quot;classic&quot;}\">\n\t\t\t\t\t\t<div class=\"elementor-container elementor-column-gap-default\">\n\t\t\t\t\t<div class=\"elementor-column elementor-col-66 elementor-top-column elementor-element elementor-element-a3f0f5f\" data-id=\"a3f0f5f\" data-element_type=\"column\" data-e-type=\"column\" data-settings=\"{&quot;background_background&quot;:&quot;classic&quot;}\">\n\t\t\t<div class=\"elementor-widget-wrap elementor-element-populated\">\n\t\t\t\t\t\t<div class=\"elementor-element elementor-element-09798c5 elementor-widget elementor-widget-heading\" data-id=\"09798c5\" data-element_type=\"widget\" data-e-type=\"widget\" data-widget_type=\"heading.default\">\n\t\t\t\t<div class=\"elementor-widget-container\">\n\t\t\t\t\t<h2 class=\"elementor-heading-title elementor-size-default\"> \u1213\u1308\u12dd\u1272 \u1230\u1290\u12f3\u1275\u1295 \u1295\u12cb\u1273\u1275\u1295<\/h2>\t\t\t\t<\/div>\n\t\t\t\t<\/div>\n\t\t\t\t\t<\/div>\n\t\t<\/div>\n\t\t\t\t<div class=\"elementor-column elementor-col-33 elementor-top-column elementor-element elementor-element-d9d540e\" data-id=\"d9d540e\" data-element_type=\"column\" data-e-type=\"column\">\n\t\t\t<div class=\"elementor-widget-wrap\">\n\t\t\t\t\t\t\t<\/div>\n\t\t<\/div>\n\t\t\t\t\t<\/div>\n\t\t<\/section>\n\t\t\t\t<section class=\"elementor-section elementor-top-section elementor-element elementor-element-66b7c4e elementor-section-boxed elementor-section-height-default elementor-section-height-default\" data-id=\"66b7c4e\" data-element_type=\"section\" data-e-type=\"section\">\n\t\t\t\t\t\t<div class=\"elementor-container elementor-column-gap-default\">\n\t\t\t\t\t<div class=\"elementor-column elementor-col-50 elementor-top-column elementor-element elementor-element-9828a46\" data-id=\"9828a46\" data-element_type=\"column\" data-e-type=\"column\">\n\t\t\t<div class=\"elementor-widget-wrap elementor-element-populated\">\n\t\t\t\t\t\t<div class=\"elementor-element elementor-element-8ee54ae elementor-widget elementor-widget-text-editor\" data-id=\"8ee54ae\" data-element_type=\"widget\" data-e-type=\"widget\" data-widget_type=\"text-editor.default\">\n\t\t\t\t<div class=\"elementor-widget-container\">\n\t\t\t\t\t\t\t\t\t<section class=\"elementor-section elementor-top-section elementor-element elementor-element-c82cbbc elementor-section-boxed elementor-section-height-default elementor-section-height-default\" data-id=\"c82cbbc\" data-element_type=\"section\">\n<div class=\"elementor-container elementor-column-gap-extended\">\n<div class=\"elementor-column elementor-col-100 elementor-top-column elementor-element elementor-element-0bac535\" data-id=\"0bac535\" data-element_type=\"column\">\n<div class=\"elementor-widget-wrap elementor-element-populated\">\n<div class=\"elementor-element elementor-element-65fd370 elementor-widget elementor-widget-text-editor\" data-id=\"65fd370\" data-element_type=\"widget\" data-widget_type=\"text-editor.default\">\n<div class=\"elementor-widget-container\">\n<p>\u12a3\u1295\u133b\u122d \u121d\u12bd\u1295\u123b\u1265 \u12a3\u12cb\u120d\u12f5 \u12dd\u12b8\u12cd\u1295 \u1293\u12ed \u1213\u1208\u12cb \u1230\u1290\u12f5\u1363 \u1295\u12c8\u1208\u12f5\u1295 \u12a3\u12dd\u121b\u12f5\u1295 \u12a3\u12d5\u1229\u12bd\u1275\u1295 \u2013 \u12cb\u120b \u12a3\u1265 \u1218\u1260\u1248\u120b\u12ca \u1203\u1308\u122d\u12aa \u2013 \u121d\u12bd\u1295\u123b\u1265 \u12a3\u12cb\u120d\u12f5 \u12a3\u1265 \u1300\u122d\u1218\u1295 \u12ad\u120d\u12a9\u120d \u12a8\u121d\u12dd\u12be\u1290 \u12ed\u1308\u120d\u133d \u12a5\u12e9\u1362 \u12a3\u1265 13 \u124b\u1295\u124b\u1273\u1275\u1363 \u1265\u12f3\u12cd\u1295\u1208\u12cd\u12f5 \u1295\u121d\u121d\u133b\u12a5\u1365<br \/>\n<a href=\"https:\/\/www.hamburg.de\/opferschutz\/12138124\/schutzbrief-gegen-genitalverstuemmelung\/\" target=\"_blank\" rel=\"noopener\">www.hamburg.de\/opferschutz\/12138124\/<br \/>\nschutzbrief-gegen-genitalverstuemmelung\/<\/a><\/p>\n<p>\u12a5\u12da \u1293\u12ed \u121d\u12ad\u120d\u12bb\u120d \u1230\u1290\u12f5 \u12ab\u1265 \u12a8\u1270\u121b \u1203\u121d\u1261\u122d\u130d\/Hamburg \u1270\u12c8\u1322\u1290 \u1294\u1229\u1363 \u1213\u1260\u122c\u1273\u12a1 \u130d\u1293 \u1295\u121d\u1209\u12a5 \u1300\u122d\u1218\u1295 \u1265\u1251\u12d5 \u12a5\u12e9\u1362<\/p>\n<\/div>\n<\/div>\n<\/div>\n<\/div>\n<\/div>\n<\/section>\n\t\t\t\t\t\t\t\t<\/div>\n\t\t\t\t<\/div>\n\t\t\t\t\t<\/div>\n\t\t<\/div>\n\t\t\t\t<div class=\"elementor-column elementor-col-50 elementor-top-column elementor-element elementor-element-318ac04\" data-id=\"318ac04\" data-element_type=\"column\" data-e-type=\"column\">\n\t\t\t<div class=\"elementor-widget-wrap\">\n\t\t\t\t\t\t\t<\/div>\n\t\t<\/div>\n\t\t\t\t\t<\/div>\n\t\t<\/section>\n\t\t\t\t<section class=\"elementor-section elementor-top-section elementor-element elementor-element-42e5f0a elementor-section-boxed elementor-section-height-default elementor-section-height-default\" data-id=\"42e5f0a\" data-element_type=\"section\" data-e-type=\"section\">\n\t\t\t\t\t\t<div class=\"elementor-container elementor-column-gap-default\">\n\t\t\t\t\t<div class=\"elementor-column elementor-col-100 elementor-top-column elementor-element elementor-element-5d200f8\" data-id=\"5d200f8\" data-element_type=\"column\" data-e-type=\"column\">\n\t\t\t<div class=\"elementor-widget-wrap elementor-element-populated\">\n\t\t\t\t\t\t<div class=\"elementor-element elementor-element-cd3826a elementor-widget elementor-widget-heading\" data-id=\"cd3826a\" data-element_type=\"widget\" data-e-type=\"widget\" data-widget_type=\"heading.default\">\n\t\t\t\t<div class=\"elementor-widget-container\">\n\t\t\t\t\t<h2 class=\"elementor-heading-title elementor-size-default\">\u120a\u1295\u12ad\u1235 \u1295\u1213\u1260\u122c\u1273\u1295 \u1295\u12cb\u1275\u1295 \u12a3\u1265 \u12dd\u1270\u1348\u120b\u1208\u12e9 \u124b\u1295\u124b\u1273\u1275<\/h2>\t\t\t\t<\/div>\n\t\t\t\t<\/div>\n\t\t\t\t\t<\/div>\n\t\t<\/div>\n\t\t\t\t\t<\/div>\n\t\t<\/section>\n\t\t<div class=\"elementor-element elementor-element-463ce3f e-flex e-con-boxed e-con e-parent\" data-id=\"463ce3f\" data-element_type=\"container\" data-e-type=\"container\">\n\t\t\t\t\t<div class=\"e-con-inner\">\n\t\t<div class=\"elementor-element elementor-element-90b997a e-con-full e-flex e-con e-child\" data-id=\"90b997a\" data-element_type=\"container\" data-e-type=\"container\">\n\t\t\t\t<div class=\"elementor-element elementor-element-79b4f9c elementor-widget elementor-widget-text-editor\" data-id=\"79b4f9c\" data-element_type=\"widget\" data-e-type=\"widget\" data-widget_type=\"text-editor.default\">\n\t\t\t\t<div class=\"elementor-widget-container\">\n\t\t\t\t\t\t\t\t\t<p><strong>TERRE DES FEMMES\u1363 \u12a3\u12cb\u120d\u12f5\u1293 \u1295\u12a8\u120b\u12b8\u1208\u1295 \u12a2\u1293\u1363<\/strong><br \/>\n\u1218\u1213\u1260\u122a \u1218\u1295\u1239\u122d \u1295\u12ae\u121b\u1275 \u12a3\u1265 7 \u124b\u1295\u124b\u1273\u1275<br \/>\n<a href=\"https:\/\/www.frauenrechte.de\/tdf-online-shop\/weibliche-genitalverstuemmelung\/praeventionsbroschuere-fgm-wir-schuetzen-unsere-toechter-mehrere-sprachfassungen\" target=\"_blank\" rel=\"noopener\">www.frauenrechte.de\/tdf-online-shop\/weibliche-genitalverstuemmelung\/praeventionsbroschuere-fgm-wir-schuetzen-unsere-toechter-mehrere-sprachfassungen<\/a><\/p>\n<p><strong>\u12a8\u1270\u121b \u126a\u1295\/Wien\u1363 \u1295\u1313\u1208\u12ed \u12a5\u12b8\u120b\u12b8\u120b<br \/>\n<\/strong>\u1295\u12ab\u1265 \u121d\u12bd\u1295\u123b\u1265 \u1313\u120d \u12dd\u130d\u1260\u1228\u120e\u121d \u1203\u1308\u122b\u1275 \u12dd\u1218\u1339 \u12c8\u1208\u12f5\u1295 \u12a3\u12dd\u121b\u12f5\u1295 \u12dd\u12cd\u12a8\u1235 \u134e\u120d\u12f0\u122d<br \/>\n<a href=\"https:\/\/www.wien.gv.at\/gesundheit\/beratung-vorsorge\/frauen\/frauengesundheit\/schwerpunkte\/gewalt\/fgm.html\" target=\"_blank\" rel=\"noopener\">www.wien.gv.at\/gesundheit\/beratung-vorsorge\/frauen\/frauengesundheit\/<br \/>\nschwerpunkte\/gewalt\/fgm.html<\/a><\/p>\n<p><strong>Forward UK\u1363 Keeping your girls safe from FGM\u1365 Summer holidays, the law and<u> YOU\u1363<br \/>\n<\/u><\/strong>\u12a3\u1295\u133b\u122d \u121d\u12bd\u1295\u123b\u1265 \u12a3\u12cb\u120d\u12f5 \u12dd\u12b8\u12cd\u1295 \u1293\u12ed \u1213\u1208\u12cb \u1230\u1290\u12f5<br \/>\n<a href=\"https:\/\/www.forwarduk.org.uk\/forward-publications\/keeping-your-girls-safe-from-fgm\/\" target=\"_blank\" rel=\"noopener\">www.forwarduk.org.uk\/forward-publications\/keeping-your-girls-safe-from-fgm<\/a><\/p>\n<p><strong>Forward UK, FGM and Islam Leaflet<br \/>\n<\/strong>\u1293\u12ed \u121d\u1235\u120d\u121d\u1293 \u122d\u12a5\u12ed\u1276 \u1265\u12db\u12d5\u1263 \u201c\u12a3\u12ab\u1208-\u1309\u12f5\u1208\u1275 \u1265\u120d\u12d5\u1272-\u1218\u12cd\u1208\u12f2 \u12f0\u1240\u1295\u1235\u1275\u12ee\u201d \u12dd\u1308\u120d\u133d \u1218\u1295\u1239\u122d<br \/>\n<a href=\"https:\/\/www.forwarduk.org.uk\/forward-publications\/fgm-and-islam-leaflet\/\" target=\"_blank\" rel=\"noopener\">www.forwarduk.org.uk\/forward-publications\/fgm-and-islam-leaflet<\/a><\/p>\n\t\t\t\t\t\t\t\t<\/div>\n\t\t\t\t<\/div>\n\t\t\t\t<\/div>\n\t\t<div class=\"elementor-element elementor-element-4b6b829 e-con-full e-flex e-con e-child\" data-id=\"4b6b829\" data-element_type=\"container\" data-e-type=\"container\">\n\t\t\t\t<div class=\"elementor-element elementor-element-4530a02 elementor-widget elementor-widget-text-editor\" data-id=\"4530a02\" data-element_type=\"widget\" data-e-type=\"widget\" data-widget_type=\"text-editor.default\">\n\t\t\t\t<div class=\"elementor-widget-container\">\n\t\t\t\t\t\t\t\t\t<p><strong>Forward UK, My body, my rules, \u12a3\u1292\u1218\u123d\u1295 \u12a3\u12ab\u1208-\u1309\u12f5\u1208\u1275 \u1265\u120d\u12d5\u1272-\u1218\u12cd\u1208\u12f2 \u12f0\u1240\u1295\u1235\u1275\u12ee<br \/>\n<\/strong><a href=\"https:\/\/www.forwarduk.org.uk\/forward-publications\/my-body-my-rules-2015-fgm-animation\/\" target=\"_blank\" rel=\"noopener\">www.forwarduk.org.uk\/forward-publications\/my-body-my-rules-2015-fgm-animation<\/a><\/p>\n<p>Janet Fyle (Royal College of Midwives), in collaboration with The Royal College of Obstetricians and Gynaecologists (RCOG), The Royal College of General Practitioners (RCGP), Survivors of FGM, NGOs and a variety of local community partners, \u1213\u133a\u122d \u1205\u12eb\u12ce\u1275 \u134a\u120d\u121d\u1273\u1275<br \/>\n<a href=\"https:\/\/www.wovenink.co.uk\/endfgm-animations\" target=\"_blank\" rel=\"noopener\">www.wovenink.co.uk\/endfgm-animations<\/a><\/p>\n<p><strong>Excision \u2013 parlons-en!<br \/>\n<\/strong>\u1213\u1260\u122c\u1273 \u1295\u12dd\u1270\u1270\u1295\u12a8\u134b \u12a3\u12cb\u120d\u12f5\u1295 \u12a3\u1295\u1235\u1275\u1295<br \/>\n<a href=\"http:\/\/www.alerte-excision.org\/\" target=\"_blank\" rel=\"noopener\">www.alerte-excision.org<\/a><\/p>\n<p><strong>Strat\u00e9gies concert\u00e9es MGF, Pas d\u2019excision pour ma fille<br \/>\n<\/strong>\u1295\u12ab\u1265 \u121d\u12bd\u1295\u123b\u1265 \u1313\u120d \u12dd\u130d\u1260\u1228\u120e\u121d \u1203\u1308\u122b\u1275 \u12dd\u1218\u1339 \u12c8\u1208\u12f5\u1295 \u12a3\u12dd\u121b\u12f5\u1295 \u12dd\u12cd\u12a8\u1235 \u134e\u120d\u12f0\u122d<br \/>\n<a href=\"http:\/\/www.strategiesconcertees-mgf.be\/wp-content\/uploads\/GAMS-depliant-excFR13Web.pdf\" target=\"_blank\" rel=\"noopener\">www.strategiesconcertees-mgf.be\/wp-content\/uploads\/GAMS-depliant-excFR13Web.pdf<\/a><\/p>\n\t\t\t\t\t\t\t\t<\/div>\n\t\t\t\t<\/div>\n\t\t\t\t<\/div>\n\t\t\t\t\t<\/div>\n\t\t\t\t<\/div>\n\t\t\t\t<\/div>\n\t\t","protected":false},"excerpt":{"rendered":"<p>\u00e1\u02c6\u201c\u00e1\u0152\u02c6\u00e1\u2039\u009d\u00e1\u2030\u00b2 \u00e1\u02c6\u00b0\u00e1\u0160\u0090\u00e1\u2039\u00b3\u00e1\u2030\u00b5\u00e1\u0160\u2022 \u00e1\u0160\u2022\u00e1\u2039\u2039\u00e1\u2030\u00b3\u00e1\u2030\u00b5\u00e1\u0160\u2022 \u00e1\u0160\u00a3\u00e1\u0160\u2022\u00e1\u0152\u00bb\u00e1\u02c6\u00ad \u00e1\u02c6\u009d\u00e1\u0160\u00bd\u00e1\u0160\u2022\u00e1\u02c6\u00bb\u00e1\u2030\u00a5 \u00e1\u0160\u00a3\u00e1\u2039\u2039\u00e1\u02c6\u008d\u00e1\u2039\u00b5 \u00e1\u2039\u009d\u00e1\u0160\u00b8\u00e1\u2039\u008d\u00e1\u0160\u2022 \u00e1\u0160\u201c\u00e1\u2039\u00ad \u00e1\u02c6\u201c\u00e1\u02c6\u02c6\u00e1\u2039\u2039 \u00e1\u02c6\u00b0\u00e1\u0160\u0090\u00e1\u2039\u00b5\u00e1\u008d\u00a3 \u00e1\u0160\u2022\u00e1\u2039\u02c6\u00e1\u02c6\u02c6\u00e1\u2039\u00b5\u00e1\u0160\u2022 \u00e1\u0160\u00a3\u00e1\u2039\u009d\u00e1\u02c6\u203a\u00e1\u2039\u00b5\u00e1\u0160\u2022 \u00e1\u0160\u00a3\u00e1\u2039\u2022\u00e1\u02c6\u00a9\u00e1\u0160\u00bd\u00e1\u2030\u00b5\u00e1\u0160\u2022 \u00e2\u20ac\u201c \u00e1\u2039\u2039\u00e1\u02c6\u2039 \u00e1\u0160\u00a3\u00e1\u2030\u00a5 \u00e1\u02c6\u02dc\u00e1\u2030\u00a0\u00e1\u2030\u02c6\u00e1\u02c6\u2039\u00e1\u2039\u0160 \u00e1\u02c6\u0192\u00e1\u0152\u02c6\u00e1\u02c6\u00ad\u00e1\u0160\u00aa \u00e2\u20ac\u201c \u00e1\u02c6\u009d\u00e1\u0160\u00bd\u00e1\u0160\u2022\u00e1\u02c6\u00bb\u00e1\u2030\u00a5 \u00e1\u0160\u00a3\u00e1\u2039\u2039\u00e1\u02c6\u008d\u00e1\u2039\u00b5 \u00e1\u0160\u00a3\u00e1\u2030\u00a5 \u00e1\u0152\u20ac\u00e1\u02c6\u00ad\u00e1\u02c6\u02dc\u00e1\u0160\u2022 \u00e1\u0160\u00ad\u00e1\u02c6\u008d\u00e1\u0160\u00a9\u00e1\u02c6\u008d \u00e1\u0160\u00a8\u00e1\u02c6\u009d\u00e1\u2039\u009d\u00e1\u0160\u00be\u00e1\u0160\u0090 \u00e1\u2039\u00ad\u00e1\u0152\u02c6\u00e1\u02c6\u008d\u00e1\u0152\u00bd \u00e1\u0160\u00a5\u00e1\u2039\u00a9\u00e1\u008d\u00a2 \u00e1\u0160\u00a3\u00e1\u2030\u00a5 13 \u00e1\u2030\u2039\u00e1\u0160\u2022\u00e1\u2030\u2039\u00e1\u2030\u00b3\u00e1\u2030\u00b5\u00e1\u008d\u00a3 \u00e1\u2030\u00a5\u00e1\u2039\u00b3\u00e1\u2039\u008d\u00e1\u0160\u2022\u00e1\u02c6\u02c6\u00e1\u2039\u008d\u00e1\u2039\u00b5 \u00e1\u0160\u2022\u00e1\u02c6\u009d\u00e1\u02c6\u009d\u00e1\u0152\u00bb\u00e1\u0160\u00a5\u00e1\u008d\u00a5 www.hamburg.de\/opferschutz\/12138124\/ schutzbrief-gegen-genitalverstuemmelung\/ \u00e1\u0160\u00a5\u00e1\u2039\u0161 \u00e1\u0160\u201c\u00e1\u2039\u00ad \u00e1\u02c6\u009d\u00e1\u0160\u00ad\u00e1\u02c6\u008d\u00e1\u0160\u00bb\u00e1\u02c6\u008d \u00e1\u02c6\u00b0\u00e1\u0160\u0090\u00e1\u2039\u00b5 \u00e1\u0160\u00ab\u00e1\u2030\u00a5 \u00e1\u0160\u00a8\u00e1\u2030\u00b0\u00e1\u02c6\u203a \u00e1\u02c6\u0192\u00e1\u02c6\u009d\u00e1\u2030\u00a1\u00e1\u02c6\u00ad\u00e1\u0152\u008d\/Hamburg \u00e1\u2030\u00b0\u00e1\u2039\u02c6\u00e1\u0152\u00a2\u00e1\u0160\u0090 \u00e1\u0160\u201d\u00e1\u02c6\u00a9\u00e1\u008d\u00a3 \u00e1\u02c6\u201c\u00e1\u2030\u00a0\u00e1\u02c6\u00ac\u00e1\u2030\u00b3\u00e1\u0160\u00a1 \u00e1\u0152\u008d\u00e1\u0160\u201c \u00e1\u0160\u2022\u00e1\u02c6\u009d\u00e1\u02c6\u2030\u00e1\u0160\u00a5 \u00e1\u0152\u20ac\u00e1\u02c6\u00ad\u00e1\u02c6\u02dc\u00e1\u0160\u2022 \u00e1\u2030\u00a5\u00e1\u2030\u2018\u00e1\u2039\u2022 \u00e1\u0160\u00a5\u00e1\u2039\u00a9\u00e1\u008d\u00a2 \u00e1\u02c6\u0160\u00e1\u0160\u2022\u00e1\u0160\u00ad\u00e1\u02c6\u00b5 \u00e1\u0160\u2022\u00e1\u02c6\u201c\u00e1\u2030\u00a0\u00e1\u02c6\u00ac\u00e1\u2030\u00b3\u00e1\u0160\u2022 \u00e1\u0160\u2022\u00e1\u2039\u2039\u00e1\u2030\u00b5\u00e1\u0160\u2022 \u00e1\u0160\u00a3\u00e1\u2030\u00a5 \u00e1\u2039\u009d\u00e1\u2030\u00b0\u00e1\u008d\u02c6\u00e1\u02c6\u2039\u00e1\u02c6\u02c6\u00e1\u2039\u00a9 \u00e1\u2030\u2039\u00e1\u0160\u2022\u00e1\u2030\u2039\u00e1\u2030\u00b3\u00e1\u2030\u00b5 [&hellip;]<\/p>\n","protected":false},"author":1,"featured_media":0,"parent":0,"menu_order":6,"comment_status":"closed","ping_status":"closed","template":"elementor_header_footer","meta":{"footnotes":""},"class_list":["post-5088","page","type-page","status-publish","hentry"],"_links":{"self":[{"href":"https:\/\/fgmhesse.com\/ti\/wp-json\/wp\/v2\/pages\/5088","targetHints":{"allow":["GET"]}}],"collection":[{"href":"https:\/\/fgmhesse.com\/ti\/wp-json\/wp\/v2\/pages"}],"about":[{"href":"https:\/\/fgmhesse.com\/ti\/wp-json\/wp\/v2\/types\/page"}],"author":[{"embeddable":true,"href":"https:\/\/fgmhesse.com\/ti\/wp-json\/wp\/v2\/users\/1"}],"replies":[{"embeddable":true,"href":"https:\/\/fgmhesse.com\/ti\/wp-json\/wp\/v2\/comments?post=5088"}],"version-history":[{"count":5,"href":"https:\/\/fgmhesse.com\/ti\/wp-json\/wp\/v2\/pages\/5088\/revisions"}],"predecessor-version":[{"id":5634,"href":"https:\/\/fgmhesse.com\/ti\/wp-json\/wp\/v2\/pages\/5088\/revisions\/5634"}],"wp:attachment":[{"href":"https:\/\/fgmhesse.com\/ti\/wp-json\/wp\/v2\/media?parent=5088"}],"curies":[{"name":"wp","href":"https:\/\/api.w.org\/{rel}","templated":true}]}}