{"id":5090,"date":"2020-09-07T11:07:30","date_gmt":"2020-09-07T11:07:30","guid":{"rendered":"https:\/\/fgmhesse.wp-profi-service.de\/%e1%8a%a3%e1%89%a5-%e1%88%9d%e1%89%a5%e1%8b%b3%e1%88%85-%e1%8a%a3%e1%89%a0%e1%88%ad%e1%8a%ad%e1%89%b6-%e1%8c%8d%e1%89%a0%e1%88%a9\/"},"modified":"2024-10-01T20:16:43","modified_gmt":"2024-10-01T20:16:43","slug":"%e1%8a%a3%e1%89%a5-%e1%88%9d%e1%89%a5%e1%8b%b3%e1%88%85-%e1%8a%a3%e1%89%a0%e1%88%ad%e1%8a%ad%e1%89%b6-%e1%8c%8d%e1%89%a0%e1%88%a9","status":"publish","type":"page","link":"https:\/\/fgmhesse.com\/ti\/%e1%8a%a3%e1%89%a5-%e1%88%9d%e1%89%a5%e1%8b%b3%e1%88%85-%e1%8a%a3%e1%89%a0%e1%88%ad%e1%8a%ad%e1%89%b6-%e1%8c%8d%e1%89%a0%e1%88%a9\/","title":{"rendered":"\u12a3\u1265 \u121d\u1235\u12d3\u122d \u121d\u1215\u130b\u12dd"},"content":{"rendered":"\t\t<div data-elementor-type=\"wp-page\" data-elementor-id=\"5090\" class=\"elementor elementor-5090 elementor-1192\" data-elementor-post-type=\"page\">\n\t\t\t\t\t\t<section class=\"elementor-section elementor-top-section elementor-element elementor-element-770ddd3 elementor-section-height-min-height elementor-section-boxed elementor-section-height-default elementor-section-items-middle\" data-id=\"770ddd3\" data-element_type=\"section\" data-e-type=\"section\" data-settings=\"{&quot;background_background&quot;:&quot;classic&quot;}\">\n\t\t\t\t\t\t\t<div class=\"elementor-background-overlay\"><\/div>\n\t\t\t\t\t\t\t<div class=\"elementor-container elementor-column-gap-default\">\n\t\t\t\t\t<div class=\"elementor-column elementor-col-66 elementor-top-column elementor-element elementor-element-2e9ce5c\" data-id=\"2e9ce5c\" data-element_type=\"column\" data-e-type=\"column\" data-settings=\"{&quot;background_background&quot;:&quot;classic&quot;}\">\n\t\t\t<div class=\"elementor-widget-wrap elementor-element-populated\">\n\t\t\t\t\t\t<div class=\"elementor-element elementor-element-050cbcb elementor-widget elementor-widget-heading\" data-id=\"050cbcb\" data-element_type=\"widget\" data-e-type=\"widget\" data-widget_type=\"heading.default\">\n\t\t\t\t<div class=\"elementor-widget-container\">\n\t\t\t\t\t<h2 class=\"elementor-heading-title elementor-size-default\"> \u12a3\u1265 \u121d\u1235\u12d3\u122d \u121d\u1215\u130b\u12dd<\/h2>\t\t\t\t<\/div>\n\t\t\t\t<\/div>\n\t\t\t\t\t<\/div>\n\t\t<\/div>\n\t\t\t\t<div class=\"elementor-column elementor-col-33 elementor-top-column elementor-element elementor-element-7c9312a\" data-id=\"7c9312a\" data-element_type=\"column\" data-e-type=\"column\">\n\t\t\t<div class=\"elementor-widget-wrap\">\n\t\t\t\t\t\t\t<\/div>\n\t\t<\/div>\n\t\t\t\t\t<\/div>\n\t\t<\/section>\n\t\t\t\t<section class=\"elementor-section elementor-top-section elementor-element elementor-element-13e67fd elementor-section-content-middle elementor-section-boxed elementor-section-height-default elementor-section-height-default\" data-id=\"13e67fd\" data-element_type=\"section\" data-e-type=\"section\">\n\t\t\t\t\t\t<div class=\"elementor-container elementor-column-gap-default\">\n\t\t\t\t\t<div class=\"elementor-column elementor-col-50 elementor-top-column elementor-element elementor-element-3dc7455\" data-id=\"3dc7455\" data-element_type=\"column\" data-e-type=\"column\">\n\t\t\t<div class=\"elementor-widget-wrap elementor-element-populated\">\n\t\t\t\t\t\t<div class=\"elementor-element elementor-element-2950020 elementor-widget elementor-widget-text-editor\" data-id=\"2950020\" data-element_type=\"widget\" data-e-type=\"widget\" data-widget_type=\"text-editor.default\">\n\t\t\t\t<div class=\"elementor-widget-container\">\n\t\t\t\t\t\t\t\t\t<section class=\"elementor-section elementor-top-section elementor-element elementor-element-4181038 elementor-section-boxed elementor-section-height-default elementor-section-height-default\" data-id=\"4181038\" data-element_type=\"section\">\n<div class=\"elementor-container elementor-column-gap-extended\">\n<div class=\"elementor-column elementor-col-100 elementor-top-column elementor-element elementor-element-ad52a47\" data-id=\"ad52a47\" data-element_type=\"column\">\n<div class=\"elementor-widget-wrap elementor-element-populated\">\n<div class=\"elementor-element elementor-element-344505f elementor-widget elementor-widget-text-editor\" data-id=\"344505f\" data-element_type=\"widget\" data-widget_type=\"text-editor.default\">\n<div class=\"elementor-widget-container\">\n<p>\u1213\u1260\u122c\u1273 \u12a3\u1265\u12da \u12c8\u1265\u1233\u12ed\u1275\u2019\u12da \u121d\u1235 \u1218\u1213\u12d9\u1275 \u1265\u12db\u12d5\u1263 \u121d\u12bd\u1295\u123b\u1265 \u12a3\u12cb\u120d\u12f5 \u121d\u12dd\u122b\u1265 \u12a8\u1270\u1263\u1265\u12d3\u12aa \u12a5\u12e9 \u12dd\u12f0\u120a \u12a8\u121d\u12a1\u2019\u12cd\u1295 \u134d\u120d\u1320\u1275\u12aa \u1218\u1273\u1295 \u12a8\u1218\u1213\u120b\u1208\u134d\u1362 \u1265\u12d9\u1213\u1275 \u12cd\u12f5\u1263\u1275\u1295 \u1270\u1263\u12d5\u1272 \u12a3\u12cb\u120d\u12f5\u1295 \u12a3\u1295\u1235\u1275\u1295 \u1230\u1265\u12a1\u1275\u1295 \u12a3\u1265\u1276\u121d \u121d\u12bd\u1295\u123b\u1265 \u1313\u120d \u12dd\u130d\u1260\u122d \u12d8\u1208\u12cd \u1203\u1308\u122b\u1275 \u12cd\u1295 \u12ed\u1215\u130d\u12d9 \u12a5\u12ee\u121d\u1362 \u12a8\u121d\u12da \u1325\u122b\u12ed \u1308\u1208 \u12ad\u1255\u12ed\u122d \u12ed\u12bd\u12a5\u120d!<\/p>\n<p>\u12a3\u1265\u1272 <a href=\"https:\/\/fgmhessen.de\/fachwebsite-start\/\" target=\"_blank\" rel=\"noopener\">\u121e\u12eb\u12ca \u1213\u1260\u122c\u1273 \u1218\u122d\u1260\u1265\u1293 <\/a>\u12a3\u1265 \u1300\u122d\u1218\u1295 \u121d\u1235 \u1265\u121d\u12bd\u1295\u123b\u1265 \u12dd\u1270\u1270\u12a8\u134b \u12a3\u1295\u1235\u1275\u1295 \u12a3\u12cb\u120d\u12f5\u1295 \u12dd\u1230\u122d\u1211 \u12aa\u12a2\u120b\u1273\u1275 \u1295\u1215\u1265\u122e\u121d \u12a2\u1293\u1362 \u1265\u12dd\u1270\u12bb\u12a5\u1208 \u1265\u12d9\u1213\u1275 \u1265\u12db\u12d5\u1263 \u12a5\u12da \u12a3\u122d\u12a5\u1235\u1272 \u1218\u1273\u1295 \u12ad\u1348\u120d\u1321 \u12a8\u121d\u12a1\u2018\u12cd\u1295 \u12a5\u12da \u1309\u12f3\u12ed \u1265\u1325\u1295\u1243\u1250 \u1218\u1273\u1295 \u12ad\u1215\u12dd\u12ce\u1362<\/p>\n<\/div>\n<\/div>\n<\/div>\n<\/div>\n<\/div>\n<\/section>\n\t\t\t\t\t\t\t\t<\/div>\n\t\t\t\t<\/div>\n\t\t\t\t\t<\/div>\n\t\t<\/div>\n\t\t\t\t<div class=\"elementor-column elementor-col-50 elementor-top-column elementor-element elementor-element-5d7a629\" data-id=\"5d7a629\" data-element_type=\"column\" data-e-type=\"column\">\n\t\t\t<div class=\"elementor-widget-wrap elementor-element-populated\">\n\t\t\t\t\t\t<div class=\"elementor-element elementor-element-f1bb710 elementor-widget elementor-widget-image\" data-id=\"f1bb710\" data-element_type=\"widget\" data-e-type=\"widget\" data-widget_type=\"image.default\">\n\t\t\t\t<div class=\"elementor-widget-container\">\n\t\t\t\t\t\t\t\t\t\t\t\t\t\t\t<img fetchpriority=\"high\" decoding=\"async\" width=\"800\" height=\"753\" src=\"https:\/\/fgmhesse.com\/wp-content\/uploads\/2024\/02\/frauen-unterstuetzung.png\" class=\"attachment-full size-full wp-image-5091\" alt=\"\" srcset=\"https:\/\/fgmhesse.com\/wp-content\/uploads\/2024\/02\/frauen-unterstuetzung.png 800w, https:\/\/fgmhesse.com\/wp-content\/uploads\/2024\/02\/frauen-unterstuetzung-300x282.png 300w, https:\/\/fgmhesse.com\/wp-content\/uploads\/2024\/02\/frauen-unterstuetzung-768x723.png 768w\" sizes=\"(max-width: 800px) 100vw, 800px\" \/>\t\t\t\t\t\t\t\t\t\t\t\t\t\t\t<\/div>\n\t\t\t\t<\/div>\n\t\t\t\t\t<\/div>\n\t\t<\/div>\n\t\t\t\t\t<\/div>\n\t\t<\/section>\n\t\t\t\t<\/div>\n\t\t","protected":false},"excerpt":{"rendered":"<p>\u00e1\u0160\u00a3\u00e1\u2030\u00a5 \u00e1\u02c6\u009d\u00e1\u02c6\u00b5\u00e1\u2039\u201c\u00e1\u02c6\u00ad \u00e1\u02c6\u009d\u00e1\u02c6\u2022\u00e1\u0152\u2039\u00e1\u2039\u009d \u00e1\u02c6\u201c\u00e1\u2030\u00a0\u00e1\u02c6\u00ac\u00e1\u2030\u00b3 \u00e1\u0160\u00a3\u00e1\u2030\u00a5\u00e1\u2039\u0161 \u00e1\u2039\u02c6\u00e1\u2030\u00a5\u00e1\u02c6\u00b3\u00e1\u2039\u00ad\u00e1\u2030\u00b5\u00e2\u20ac\u2122\u00e1\u2039\u0161 \u00e1\u02c6\u009d\u00e1\u02c6\u00b5 \u00e1\u02c6\u02dc\u00e1\u02c6\u201c\u00e1\u2039\u2122\u00e1\u2030\u00b5 \u00e1\u2030\u00a5\u00e1\u2039\u203a\u00e1\u2039\u2022\u00e1\u2030\u00a3 \u00e1\u02c6\u009d\u00e1\u0160\u00bd\u00e1\u0160\u2022\u00e1\u02c6\u00bb\u00e1\u2030\u00a5 \u00e1\u0160\u00a3\u00e1\u2039\u2039\u00e1\u02c6\u008d\u00e1\u2039\u00b5 \u00e1\u02c6\u009d\u00e1\u2039\u009d\u00e1\u02c6\u00ab\u00e1\u2030\u00a5 \u00e1\u0160\u00a8\u00e1\u2030\u00b0\u00e1\u2030\u00a3\u00e1\u2030\u00a5\u00e1\u2039\u201c\u00e1\u0160\u00aa \u00e1\u0160\u00a5\u00e1\u2039\u00a9 \u00e1\u2039\u009d\u00e1\u2039\u00b0\u00e1\u02c6\u0160 \u00e1\u0160\u00a8\u00e1\u02c6\u009d\u00e1\u0160\u00a1\u00e2\u20ac\u2122\u00e1\u2039\u008d\u00e1\u0160\u2022 \u00e1\u008d\u008d\u00e1\u02c6\u008d\u00e1\u0152\u00a0\u00e1\u2030\u00b5\u00e1\u0160\u00aa \u00e1\u02c6\u02dc\u00e1\u2030\u00b3\u00e1\u0160\u2022 \u00e1\u0160\u00a8\u00e1\u02c6\u02dc\u00e1\u02c6\u201c\u00e1\u02c6\u2039\u00e1\u02c6\u02c6\u00e1\u008d\u008d\u00e1\u008d\u00a2 \u00e1\u2030\u00a5\u00e1\u2039\u2122\u00e1\u02c6\u201c\u00e1\u2030\u00b5 \u00e1\u2039\u008d\u00e1\u2039\u00b5\u00e1\u2030\u00a3\u00e1\u2030\u00b5\u00e1\u0160\u2022 \u00e1\u2030\u00b0\u00e1\u2030\u00a3\u00e1\u2039\u2022\u00e1\u2030\u00b2 \u00e1\u0160\u00a3\u00e1\u2039\u2039\u00e1\u02c6\u008d\u00e1\u2039\u00b5\u00e1\u0160\u2022 \u00e1\u0160\u00a3\u00e1\u0160\u2022\u00e1\u02c6\u00b5\u00e1\u2030\u00b5\u00e1\u0160\u2022 \u00e1\u02c6\u00b0\u00e1\u2030\u00a5\u00e1\u0160\u00a1\u00e1\u2030\u00b5\u00e1\u0160\u2022 \u00e1\u0160\u00a3\u00e1\u2030\u00a5\u00e1\u2030\u00b6\u00e1\u02c6\u009d \u00e1\u02c6\u009d\u00e1\u0160\u00bd\u00e1\u0160\u2022\u00e1\u02c6\u00bb\u00e1\u2030\u00a5 \u00e1\u0152\u201c\u00e1\u02c6\u008d \u00e1\u2039\u009d\u00e1\u0152\u008d\u00e1\u2030\u00a0\u00e1\u02c6\u00ad \u00e1\u2039\u02dc\u00e1\u02c6\u02c6\u00e1\u2039\u008d \u00e1\u02c6\u0192\u00e1\u0152\u02c6\u00e1\u02c6\u00ab\u00e1\u2030\u00b5 \u00e1\u2039\u008d\u00e1\u0160\u2022 \u00e1\u2039\u00ad\u00e1\u02c6\u2022\u00e1\u0152\u008d\u00e1\u2039\u2122 \u00e1\u0160\u00a5\u00e1\u2039\u00ae\u00e1\u02c6\u009d\u00e1\u008d\u00a2 \u00e1\u0160\u00a8\u00e1\u02c6\u009d\u00e1\u2039\u0161 \u00e1\u0152\u00a5\u00e1\u02c6\u00ab\u00e1\u2039\u00ad \u00e1\u0152\u02c6\u00e1\u02c6\u02c6 \u00e1\u0160\u00ad\u00e1\u2030\u2022\u00e1\u2039\u00ad\u00e1\u02c6\u00ad \u00e1\u2039\u00ad\u00e1\u0160\u00bd\u00e1\u0160\u00a5\u00e1\u02c6\u008d! \u00e1\u0160\u00a3\u00e1\u2030\u00a5\u00e1\u2030\u00b2 \u00e1\u02c6\u017e\u00e1\u2039\u00ab\u00e1\u2039\u0160 \u00e1\u02c6\u201c\u00e1\u2030\u00a0\u00e1\u02c6\u00ac\u00e1\u2030\u00b3 \u00e1\u02c6\u02dc\u00e1\u02c6\u00ad\u00e1\u2030\u00a0\u00e1\u2030\u00a5\u00e1\u0160\u201c \u00e1\u0160\u00a3\u00e1\u2030\u00a5 \u00e1\u0152\u20ac\u00e1\u02c6\u00ad\u00e1\u02c6\u02dc\u00e1\u0160\u2022 \u00e1\u02c6\u009d\u00e1\u02c6\u00b5 \u00e1\u2030\u00a5\u00e1\u02c6\u009d\u00e1\u0160\u00bd\u00e1\u0160\u2022\u00e1\u02c6\u00bb\u00e1\u2030\u00a5 \u00e1\u2039\u009d\u00e1\u2030\u00b0\u00e1\u2030\u00b0\u00e1\u0160\u00a8\u00e1\u008d\u2039 \u00e1\u0160\u00a3\u00e1\u0160\u2022\u00e1\u02c6\u00b5\u00e1\u2030\u00b5\u00e1\u0160\u2022 \u00e1\u0160\u00a3\u00e1\u2039\u2039\u00e1\u02c6\u008d\u00e1\u2039\u00b5\u00e1\u0160\u2022 \u00e1\u2039\u009d\u00e1\u02c6\u00b0\u00e1\u02c6\u00ad\u00e1\u02c6\u2018 \u00e1\u0160\u00aa\u00e1\u0160\u00a2\u00e1\u02c6\u2039\u00e1\u2030\u00b3\u00e1\u2030\u00b5 \u00e1\u0160\u2022\u00e1\u02c6\u2022\u00e1\u2030\u00a5\u00e1\u02c6\u00ae\u00e1\u02c6\u009d \u00e1\u0160\u00a2\u00e1\u0160\u201c\u00e1\u008d\u00a2 \u00e1\u2030\u00a5\u00e1\u2039\u009d\u00e1\u2030\u00b0\u00e1\u0160\u00bb\u00e1\u0160\u00a5\u00e1\u02c6\u02c6 [&hellip;]<\/p>\n","protected":false},"author":1,"featured_media":0,"parent":0,"menu_order":5,"comment_status":"closed","ping_status":"closed","template":"elementor_header_footer","meta":{"footnotes":""},"class_list":["post-5090","page","type-page","status-publish","hentry"],"_links":{"self":[{"href":"https:\/\/fgmhesse.com\/ti\/wp-json\/wp\/v2\/pages\/5090","targetHints":{"allow":["GET"]}}],"collection":[{"href":"https:\/\/fgmhesse.com\/ti\/wp-json\/wp\/v2\/pages"}],"about":[{"href":"https:\/\/fgmhesse.com\/ti\/wp-json\/wp\/v2\/types\/page"}],"author":[{"embeddable":true,"href":"https:\/\/fgmhesse.com\/ti\/wp-json\/wp\/v2\/users\/1"}],"replies":[{"embeddable":true,"href":"https:\/\/fgmhesse.com\/ti\/wp-json\/wp\/v2\/comments?post=5090"}],"version-history":[{"count":4,"href":"https:\/\/fgmhesse.com\/ti\/wp-json\/wp\/v2\/pages\/5090\/revisions"}],"predecessor-version":[{"id":5632,"href":"https:\/\/fgmhesse.com\/ti\/wp-json\/wp\/v2\/pages\/5090\/revisions\/5632"}],"wp:attachment":[{"href":"https:\/\/fgmhesse.com\/ti\/wp-json\/wp\/v2\/media?parent=5090"}],"curies":[{"name":"wp","href":"https:\/\/api.w.org\/{rel}","templated":true}]}}