{"id":5093,"date":"2020-06-16T14:27:00","date_gmt":"2020-06-16T14:27:00","guid":{"rendered":"https:\/\/fgmhesse.wp-profi-service.de\/fgm-%e1%8a%ad%e1%88%8d%e1%8a%a9%e1%88%8d-%e1%8a%a5%e1%8b%a9\/"},"modified":"2024-10-01T20:16:17","modified_gmt":"2024-10-01T20:16:17","slug":"fgm-%e1%8a%ad%e1%88%8d%e1%8a%a9%e1%88%8d-%e1%8a%a5%e1%8b%a9","status":"publish","type":"page","link":"https:\/\/fgmhesse.com\/ti\/fgm-%e1%8a%ad%e1%88%8d%e1%8a%a9%e1%88%8d-%e1%8a%a5%e1%8b%a9\/","title":{"rendered":"\u121d\u12bd\u1295\u123b\u1265 \u12a3\u12cb\u120d\u12f5 \u12ad\u120d\u12a9\u120d \u12a5\u12e9!"},"content":{"rendered":"\t\t<div data-elementor-type=\"wp-page\" data-elementor-id=\"5093\" class=\"elementor elementor-5093 elementor-28\" data-elementor-post-type=\"page\">\n\t\t\t\t\t\t<section class=\"elementor-section elementor-top-section elementor-element elementor-element-54ac917 elementor-section-height-min-height elementor-section-boxed elementor-section-height-default elementor-section-items-middle\" data-id=\"54ac917\" data-element_type=\"section\" data-e-type=\"section\" data-settings=\"{&quot;background_background&quot;:&quot;classic&quot;}\">\n\t\t\t\t\t\t\t<div class=\"elementor-background-overlay\"><\/div>\n\t\t\t\t\t\t\t<div class=\"elementor-container elementor-column-gap-default\">\n\t\t\t\t\t<div class=\"elementor-column elementor-col-66 elementor-top-column elementor-element elementor-element-b1a310f\" data-id=\"b1a310f\" data-element_type=\"column\" data-e-type=\"column\" data-settings=\"{&quot;background_background&quot;:&quot;classic&quot;}\">\n\t\t\t<div class=\"elementor-widget-wrap elementor-element-populated\">\n\t\t\t\t\t\t<div class=\"elementor-element elementor-element-aac18c9 elementor-widget elementor-widget-heading\" data-id=\"aac18c9\" data-element_type=\"widget\" data-e-type=\"widget\" data-widget_type=\"heading.default\">\n\t\t\t\t<div class=\"elementor-widget-container\">\n\t\t\t\t\t<h2 class=\"elementor-heading-title elementor-size-default\"> \u121d\u12bd\u1295\u123b\u1265 \u12a3\u12cb\u120d\u12f5 \u12ad\u120d\u12a9\u120d \u12a5\u12e9!<\/h2>\t\t\t\t<\/div>\n\t\t\t\t<\/div>\n\t\t\t\t\t<\/div>\n\t\t<\/div>\n\t\t\t\t<div class=\"elementor-column elementor-col-33 elementor-top-column elementor-element elementor-element-650ae0f\" data-id=\"650ae0f\" data-element_type=\"column\" data-e-type=\"column\">\n\t\t\t<div class=\"elementor-widget-wrap\">\n\t\t\t\t\t\t\t<\/div>\n\t\t<\/div>\n\t\t\t\t\t<\/div>\n\t\t<\/section>\n\t\t\t\t<section class=\"elementor-section elementor-top-section elementor-element elementor-element-12fed1a elementor-section-boxed elementor-section-height-default elementor-section-height-default\" data-id=\"12fed1a\" data-element_type=\"section\" data-e-type=\"section\">\n\t\t\t\t\t\t<div class=\"elementor-container elementor-column-gap-default\">\n\t\t\t\t\t<div class=\"elementor-column elementor-col-50 elementor-top-column elementor-element elementor-element-7e70db9\" data-id=\"7e70db9\" data-element_type=\"column\" data-e-type=\"column\">\n\t\t\t<div class=\"elementor-widget-wrap elementor-element-populated\">\n\t\t\t\t\t\t<div class=\"elementor-element elementor-element-ae9efd4 elementor-widget elementor-widget-text-editor\" data-id=\"ae9efd4\" data-element_type=\"widget\" data-e-type=\"widget\" data-widget_type=\"text-editor.default\">\n\t\t\t\t<div class=\"elementor-widget-container\">\n\t\t\t\t\t\t\t\t\t<p>\u12a5\u1272 \u121d\u12bd\u1295\u123b\u1265 \u1313\u120d \u12dd\u134d\u1338\u121d \u1295\u1218\u1230\u120b\u1275 \u12c8\u12f5-\u1230\u1265 \u12ed\u130e\u12f5\u12a5 \u12a5\u12e9 (\u1218\u1230\u120b\u1275 \u12c8\u12f5-\u1230\u1265 \u1295\u12a9\u120e\u121d \u1230\u1263\u1275 \u1265\u1251\u12d3\u1275 \u12a5\u12ee\u121d\u1363 \u12ab\u1265 \u12a3\u134d\u122a\u1243\u1363 \u12a3\u12cd\u1235\u1275\u122b\u120d\u12eb\u1363 \u12a4\u1235\u12eb\u1363 \u12a3\u1218\u122a\u12ab \u12c8\u12ed \u12a4\u12cd\u122e\u1333 \u1218\u133a\u12a6\u121d \u1265\u12d8\u12ed\u12e8\u1308\u12f5\u1235\u1363 \u1230\u1265\u12a3\u12ed \u12c8\u12ed \u1230\u1260\u12ed\u1272 \u12c8\u12ed \u1308\u1293 \u1246\u120d\u12d1\u1275 \u12ae\u12ed\u1296\u121d\u1363 \u12a3\u1265 \u12dd\u12a3\u121d\u1291\u12ce \u1203\u12ed\u121b\u1296\u1275 \u12a8\u121d\u12a1\u2019\u12cd\u1295 \u1203\u1265\u1273\u121d \u12cb\u120b \u12f5\u12bb \u12ed\u12b9\u1291 \u12cd\u1295 \u1265\u12d8\u12e8\u1308\u12f5\u1235) \u1265\u1215\u120d\u134a \u1218\u1230\u120d \u12a3\u12ab\u120b\u1273\u12ca \u134d\u1339\u121d\u1290\u1275 (\u12a3\u12ab\u120b\u1275\u12aa \u12a8\u1218\u12ed \u12a8\u121d\u1275\u1215\u12da \u12a8\u121d\u12a1\u2019\u12cd\u1295 \u12a3\u12ab\u120b\u1275\u12aa\/\u1290\u1265\u1235\u12ba \u12a8\u1218\u12ed \u12a8\u121d\u12dd\u1270\u1213\u12dd \u1263\u12d5\u120d\u12ba \u12ad\u1275\u12cd\u1235\u1292 \u12d8\u1208\u12aa \u1218\u1230\u120d) \u12a8\u121d\u12a1 \u12f5\u121b \u1218\u1230\u120d \u121d\u12ad\u120d\u12bb\u120d \u12ab\u1265 \u12d3\u1218\u133d \u12a3\u1295\u133b\u122d \u12a3\u1295\u1235\u1275\u1295 \u12a3\u12cb\u120d\u12f5\u1295\u1362 \u1218\u1295\u130d\u1235\u1272 \u1290\u12cb\u120d\u12f5\u1295 \u12a3\u1295\u1235\u1275\u1295 \u12ab\u1265 \u121d\u12bd\u1295\u123b\u1265 \u1313\u120d \u12ad\u12b8\u120b\u12b8\u1208\u1295 \u12a8\u121d\u12a1\u2019\u12cd\u1295 \u1213\u1308\u12dd \u12a8\u1255\u122d\u1260\u1208\u1295 \u130d\u12f4\u1273 \u12a3\u1208\u12ce\u1362<\/p>\n<p>\u12a3\u1265 \u1300\u122d\u1218\u1295 \u12dd\u12be\u1290 \u12d3\u12ed\u1290\u1275 \u121d\u12bd\u1295\u123b\u1265 \u1293\u12ed \u12f0\u1240\u1295\u1235\u1275\u12ee \u1265\u120d\u12d5\u1272-\u1218\u12cd\u1208\u12f2 \u12ad\u120d\u12a9\u120d \u12a5\u12e9 \u12a8\u121d\u12a1\u2019\u12cd\u1295 \u12a8\u121d \u1265\u122d\u1271\u12d5 \u1218\u1205\u1230\u12ed\u1272 \u12a3\u12ab\u120b\u1275 \u12ed\u1255\u133b\u12d5 (<a href=\"https:\/\/www.gesetze-im-internet.de\/stgb\/__226a.html\" target=\"_blank\" rel=\"noopener\">\u12a3\u122d\u1272\u12a8\u120d 226a \u1293\u12ed \u1218\u133d\u1213\u134d \u130d\u1262 \u1308\u1260\u1295<\/a>).<\/p>\n\t\t\t\t\t\t\t\t<\/div>\n\t\t\t\t<\/div>\n\t\t\t\t<div class=\"elementor-element elementor-element-22a12df elementor-widget elementor-widget-toggle\" data-id=\"22a12df\" data-element_type=\"widget\" data-e-type=\"widget\" data-widget_type=\"toggle.default\">\n\t\t\t\t<div class=\"elementor-widget-container\">\n\t\t\t\t\t\t\t<div class=\"elementor-toggle\">\n\t\t\t\t\t\t\t<div class=\"elementor-toggle-item\">\n\t\t\t\t\t<div id=\"elementor-tab-title-3631\" class=\"elementor-tab-title\" data-tab=\"1\" role=\"button\" aria-controls=\"elementor-tab-content-3631\" aria-expanded=\"false\">\n\t\t\t\t\t\t\t\t\t\t\t\t<span class=\"elementor-toggle-icon elementor-toggle-icon-left\" aria-hidden=\"true\">\n\t\t\t\t\t\t\t\t\t\t\t\t\t\t\t<span class=\"elementor-toggle-icon-closed\"><svg xmlns=\"http:\/\/www.w3.org\/2000\/svg\" height=\"24\" viewBox=\"0 -960 960 960\" width=\"24\"><path d=\"M480-345 240-585l56-56 184 184 184-184 56 56-240 240Z\"><\/path><\/svg><\/span>\n\t\t\t\t\t\t\t\t<span class=\"elementor-toggle-icon-opened\"><svg xmlns=\"http:\/\/www.w3.org\/2000\/svg\" height=\"24\" viewBox=\"0 -960 960 960\" width=\"24\"><path d=\"m296-345-56-56 240-240 240 240-56 56-184-184-184 184Z\"><\/path><\/svg><\/span>\n\t\t\t\t\t\t\t\t\t\t\t\t\t<\/span>\n\t\t\t\t\t\t\t\t\t\t\t\t<a class=\"elementor-toggle-title\" tabindex=\"0\">\u1265\u12db\u12d5\u1263 \u12a5\u12da \u12dd\u12eb\u12f3<\/a>\n\t\t\t\t\t<\/div>\n\n\t\t\t\t\t<div id=\"elementor-tab-content-3631\" class=\"elementor-tab-content elementor-clearfix\" data-tab=\"1\" role=\"region\" aria-labelledby=\"elementor-tab-title-3631\"><p>\u12a5\u1276\u121d \u1295\u121d\u12bd\u1295\u123b\u1265 \u12dd\u12ab\u12e8\u12f1 \u1230\u1263\u1275 \u12ad\u1255\u133b\u12d1 \u1325\u122b\u12ed \u12d8\u12ed\u12ae\u1291\u1363 \u12a5\u1295\u1270\u120b\u12ed \u1295\u1213\u1295\u1272 \u1313\u120d \u12d8\u12b8\u1295\u123d\u1261\u12cb \u12c8\u1208\u12f2 \u12c8\u12ed \u12a3\u12dd\u121b\u12f5 \u12a5\u12ee\u121d \u12da\u1255\u133b\u12d1\u1362 \u12a3\u1265 \u12a4\u12cd\u122e\u1333 \u12dd\u1290\u1265\u122b \u12a3\u12cb\u120d\u12f5 \u1213\u12f0\u1213\u12f0 \u130d\u12dc \u12a3\u1265 \u12a5\u12cb\u1295 \u12d5\u1228\u134d\u1272 \u12a3\u1265\u1272 \u1218\u1260\u1248\u120b\u12ca \u1203\u1308\u122d \u12c8\u1208\u12f5\u12a0\u1295 \u12c8\u12ed \u12a3\u1265 \u1213\u12f0 \u130e\u1228\u1260\u1275 \u1203\u1308\u122d \u12ed\u12bd\u1295\u1238\u1263 \u12a5\u12e8\u1295\u1362 \u1240\u1228\u1263 \u12a3\u1263\u120d \u1235\u12f5\u122b (\u1295\u12a3\u1265\u1290\u1275 \u12a3\u12f0-\u12d3\u1263\u12ed \u12c8\u12ed \u1213\u1275\u1296) \u12a8\u1270\u12b8\u1295\u123d\u1263 \u12f0\u120d\u12eb \u12ed\u12b8\u12cd\u1295\u1362 \u12a5\u1272 \u12a3\u1265 \u12c8\u133b\u12a2 \u121d\u12bd\u1295\u123b\u1265 \u12a3\u12ab\u12ed\u12f1 \u12dd\u1290\u1260\u1228 \u12c8\u12ed \u12dd\u12f0\u1308\u1348 \u12cd\u1295 \u12ad\u1255\u133b\u12d5 \u12a5\u12e9\u1362 \u1290\u12da \u12a5\u1308\u12f3 \u1325\u1215\u1230\u1275 \u12dd\u1308\u1265\u122d \u1230\u1265\u1363 \u12ad\u1233\u1265 15 \u12d3\u1218\u1275 \u1264\u1275-\u121b\u12a5\u1230\u122d\u1272 \u12ad\u1255\u133b\u12d5 \u12a5\u12e9\u1363 \u12c8\u12ed \u134d\u1253\u12f5 \u133d\u1295\u1213\u1271 \u12ad\u1235\u12a5\u1295 \u12a8\u121d\u12a1\u2019\u12cd\u1295 \u12ad\u1235\u130e\u130d \u12ed\u12bd\u12a5\u120d\u1362 \u12a5\u12da \u1295\u12a9\u1209 \u12d3\u12ed\u1290\u1275 \u121d\u12bd\u1295\u123b\u1265 \u1313\u120d \u1265\u1251\u12d5 \u12a5\u12e9\u1362<\/p>\n<p>\u12c8\u1208\u12f2 \u1295\u121d\u12ad\u120d\u12bb\u120d \u12a3\u12cb\u120d\u12f6\u121d \u1270\u1213\u1273\u1275\u1290\u1275 \u12a3\u1208\u12ce\u121d\u1362 \u12a5\u12da \u1270\u1213\u1273\u1275\u1290\u1275 \u12a5\u1295\u1270\u12d8\u12e8\u12bd\u1260\u1229 \u12dd\u121d\u120d\u12a8\u1271 \u121d\u121d\u1215\u12f3\u122b\u1275 \u12ad\u133d\u12cb\u12d1 \u12a5\u12ee\u121d\u1363 \u12ab\u1265\u1276\u121d \u12c8\u1208\u12f2 \u121e\u130d\u12da\u1275\u1290\u1275\/ \u1213\u120b\u134d\u1290\u1275 \u1246\u120d\u12d1\u1275 \u12ad\u130d\u1260\u1275 \u12ed\u12a8\u12a3\u120d\u1363 \u1218\u1295\u130d\u1235\u1273\u12cd\u12eb\u1295 \u1275\u12ab\u120b\u1275 \u1290\u1273 \u1313\u120d \u1295\u130d\u12da\u12a1 \u12c8\u12ed \u1295\u1240\u133b\u120a \u12ab\u1265\u1272 \u1235\u12f5\u122b \u12ad\u12c8\u1235\u12f5\u12cb \u12a8\u121d\u12dd\u12bd\u12a5\u1209 \u121b\u1208\u1275\u2019\u12e9\u1362<\/p>\n<p>\u12a5\u1270\u1295 \u12dd\u1270\u1270\u1295\u12a8\u134b \u12a3\u12cb\u120d\u12f5\u1295 \u12a3\u1295\u1235\u1275\u1295 \u12ad\u134d\u120a\u1273\u1275 \u1218\u1270\u12ab\u12a5\u1273 \u12ab\u1215\u1233 \u12ab\u1265\u1272 \u1295\u121d\u12bd\u1295\u123b\u1265 \u12a3\u12ab\u12ed\u12f1 \u12dd\u1290\u1260\u1228 \u1230\u1265 \u12ad\u1320\u120d\u1263 \u12ed\u12bd\u12a5\u120b\u1362 \u12a5\u1272 \u1230\u1265 \u1260\u1272 \u121d\u12bd\u1295\u123b\u1265 \u1308\u1208 \u1235\u1245\u12eb\u1275 \u1308\u1229\u120d\u12aa \u1235\u1208\u12dd\u1290\u1260\u1228 \u1308\u1208 \u12ad\u12b8\u134d\u1208\u12aa \u12a8\u121d\u12d8\u1208\u12ce \u121b\u1208\u1275\u2019\u12e9\u1362<\/p>\n<\/div>\n\t\t\t\t<\/div>\n\t\t\t\t\t\t\t\t<\/div>\n\t\t\t\t\t\t<\/div>\n\t\t\t\t<\/div>\n\t\t\t\t<div class=\"elementor-element elementor-element-17a8b4b elementor-widget elementor-widget-button\" data-id=\"17a8b4b\" data-element_type=\"widget\" data-e-type=\"widget\" data-widget_type=\"button.default\">\n\t\t\t\t<div class=\"elementor-widget-container\">\n\t\t\t\t\t\t\t\t\t<div class=\"elementor-button-wrapper\">\n\t\t\t\t\t<a class=\"elementor-button elementor-button-link elementor-size-xs\" href=\"https:\/\/fgmhesse.com\/#reise\">\n\t\t\t\t\t\t<span class=\"elementor-button-content-wrapper\">\n\t\t\t\t\t\t\t\t\t<span class=\"elementor-button-text\">\u1293\u1265 \u1218\u1260\u1248\u120b\u12ca \u1203\u1308\u122d \u12c8\u1208\u12f0\u12ed \u12a5\u12e9 \u12dd\u130d\u12d5\u12dd<\/span>\n\t\t\t\t\t<\/span>\n\t\t\t\t\t<\/a>\n\t\t\t\t<\/div>\n\t\t\t\t\t\t\t\t<\/div>\n\t\t\t\t<\/div>\n\t\t\t\t<div class=\"elementor-element elementor-element-7fe280f elementor-widget elementor-widget-button\" data-id=\"7fe280f\" data-element_type=\"widget\" data-e-type=\"widget\" data-widget_type=\"button.default\">\n\t\t\t\t<div class=\"elementor-widget-container\">\n\t\t\t\t\t\t\t\t\t<div class=\"elementor-button-wrapper\">\n\t\t\t\t\t<a class=\"elementor-button elementor-button-link elementor-size-xs\" href=\"https:\/\/fgmhesse.com\/#heimatland-schutz\">\n\t\t\t\t\t\t<span class=\"elementor-button-content-wrapper\">\n\t\t\t\t\t\t\t\t\t<span class=\"elementor-button-text\">\u1295\u1313\u1208\u12ed \u12a3\u1265 \u1218\u1308\u123b \u1293\u1265 \u1218\u1260\u1248\u120b\u12ca \u1203\u1308\u1228\u12ed \u12a8\u1218\u12ed \u130c\u1228 \u12ad\u12b8\u120b\u12b8\u120b \u12a5\u12bd\u12a5\u120d\u1367<\/span>\n\t\t\t\t\t<\/span>\n\t\t\t\t\t<\/a>\n\t\t\t\t<\/div>\n\t\t\t\t\t\t\t\t<\/div>\n\t\t\t\t<\/div>\n\t\t\t\t<div class=\"elementor-element elementor-element-bfc86bd elementor-widget elementor-widget-button\" data-id=\"bfc86bd\" data-element_type=\"widget\" data-e-type=\"widget\" data-widget_type=\"button.default\">\n\t\t\t\t<div class=\"elementor-widget-container\">\n\t\t\t\t\t\t\t\t\t<div class=\"elementor-button-wrapper\">\n\t\t\t\t\t<a class=\"elementor-button elementor-button-link elementor-size-xs\" href=\"https:\/\/fgmhesse.com\/dringendes\/wo-bekomme-ich-hilfe\/\">\n\t\t\t\t\t\t<span class=\"elementor-button-content-wrapper\">\n\t\t\t\t\t\t\t\t\t<span class=\"elementor-button-text\">\u1213\u1308\u12dd \u12a3\u1260\u12ed \u12ad\u1228\u12ad\u1265\u1367<\/span>\n\t\t\t\t\t<\/span>\n\t\t\t\t\t<\/a>\n\t\t\t\t<\/div>\n\t\t\t\t\t\t\t\t<\/div>\n\t\t\t\t<\/div>\n\t\t\t\t\t<\/div>\n\t\t<\/div>\n\t\t\t\t<div class=\"elementor-column elementor-col-50 elementor-top-column elementor-element elementor-element-1107eff\" data-id=\"1107eff\" data-element_type=\"column\" data-e-type=\"column\">\n\t\t\t<div class=\"elementor-widget-wrap elementor-element-populated\">\n\t\t\t\t\t\t<div class=\"elementor-element elementor-element-0d90c9a elementor-widget elementor-widget-image\" data-id=\"0d90c9a\" data-element_type=\"widget\" data-e-type=\"widget\" data-widget_type=\"image.default\">\n\t\t\t\t<div class=\"elementor-widget-container\">\n\t\t\t\t\t\t\t\t\t\t\t\t\t\t\t<img fetchpriority=\"high\" decoding=\"async\" width=\"800\" height=\"763\" src=\"https:\/\/fgmhesse.com\/wp-content\/uploads\/2024\/02\/stop-fgm.png\" class=\"attachment-full size-full wp-image-5094\" alt=\"\" srcset=\"https:\/\/fgmhesse.com\/wp-content\/uploads\/2024\/02\/stop-fgm.png 800w, https:\/\/fgmhesse.com\/wp-content\/uploads\/2024\/02\/stop-fgm-300x286.png 300w, https:\/\/fgmhesse.com\/wp-content\/uploads\/2024\/02\/stop-fgm-768x732.png 768w\" sizes=\"(max-width: 800px) 100vw, 800px\" \/>\t\t\t\t\t\t\t\t\t\t\t\t\t\t\t<\/div>\n\t\t\t\t<\/div>\n\t\t\t\t\t<\/div>\n\t\t<\/div>\n\t\t\t\t\t<\/div>\n\t\t<\/section>\n\t\t\t\t<\/div>\n\t\t","protected":false},"excerpt":{"rendered":"<p>\u00e1\u02c6\u009d\u00e1\u0160\u00bd\u00e1\u0160\u2022\u00e1\u02c6\u00bb\u00e1\u2030\u00a5 \u00e1\u0160\u00a3\u00e1\u2039\u2039\u00e1\u02c6\u008d\u00e1\u2039\u00b5 \u00e1\u0160\u00ad\u00e1\u02c6\u008d\u00e1\u0160\u00a9\u00e1\u02c6\u008d \u00e1\u0160\u00a5\u00e1\u2039\u00a9! \u00e1\u0160\u00a5\u00e1\u2030\u00b2 \u00e1\u02c6\u009d\u00e1\u0160\u00bd\u00e1\u0160\u2022\u00e1\u02c6\u00bb\u00e1\u2030\u00a5 \u00e1\u0152\u201c\u00e1\u02c6\u008d \u00e1\u2039\u009d\u00e1\u008d\u008d\u00e1\u0152\u00b8\u00e1\u02c6\u009d \u00e1\u0160\u2022\u00e1\u02c6\u02dc\u00e1\u02c6\u00b0\u00e1\u02c6\u2039\u00e1\u2030\u00b5 \u00e1\u2039\u02c6\u00e1\u2039\u00b5-\u00e1\u02c6\u00b0\u00e1\u2030\u00a5 \u00e1\u2039\u00ad\u00e1\u0152\u017d\u00e1\u2039\u00b5\u00e1\u0160\u00a5 \u00e1\u0160\u00a5\u00e1\u2039\u00a9 (\u00e1\u02c6\u02dc\u00e1\u02c6\u00b0\u00e1\u02c6\u2039\u00e1\u2030\u00b5 \u00e1\u2039\u02c6\u00e1\u2039\u00b5-\u00e1\u02c6\u00b0\u00e1\u2030\u00a5 \u00e1\u0160\u2022\u00e1\u0160\u00a9\u00e1\u02c6\u017d\u00e1\u02c6\u009d \u00e1\u02c6\u00b0\u00e1\u2030\u00a3\u00e1\u2030\u00b5 \u00e1\u2030\u00a5\u00e1\u2030\u2018\u00e1\u2039\u201c\u00e1\u2030\u00b5 \u00e1\u0160\u00a5\u00e1\u2039\u00ae\u00e1\u02c6\u009d\u00e1\u008d\u00a3 \u00e1\u0160\u00ab\u00e1\u2030\u00a5 \u00e1\u0160\u00a3\u00e1\u008d\u008d\u00e1\u02c6\u00aa\u00e1\u2030\u0192\u00e1\u008d\u00a3 \u00e1\u0160\u00a3\u00e1\u2039\u008d\u00e1\u02c6\u00b5\u00e1\u2030\u00b5\u00e1\u02c6\u00ab\u00e1\u02c6\u008d\u00e1\u2039\u00ab\u00e1\u008d\u00a3 \u00e1\u0160\u00a4\u00e1\u02c6\u00b5\u00e1\u2039\u00ab\u00e1\u008d\u00a3 \u00e1\u0160\u00a3\u00e1\u02c6\u02dc\u00e1\u02c6\u00aa\u00e1\u0160\u00ab \u00e1\u2039\u02c6\u00e1\u2039\u00ad \u00e1\u0160\u00a4\u00e1\u2039\u008d\u00e1\u02c6\u00ae\u00e1\u0152\u00b3 \u00e1\u02c6\u02dc\u00e1\u0152\u00ba\u00e1\u0160\u00a6\u00e1\u02c6\u009d \u00e1\u2030\u00a5\u00e1\u2039\u02dc\u00e1\u2039\u00ad\u00e1\u2039\u00a8\u00e1\u0152\u02c6\u00e1\u2039\u00b5\u00e1\u02c6\u00b5\u00e1\u008d\u00a3 \u00e1\u02c6\u00b0\u00e1\u2030\u00a5\u00e1\u0160\u00a3\u00e1\u2039\u00ad \u00e1\u2039\u02c6\u00e1\u2039\u00ad \u00e1\u02c6\u00b0\u00e1\u2030\u00a0\u00e1\u2039\u00ad\u00e1\u2030\u00b2 \u00e1\u2039\u02c6\u00e1\u2039\u00ad \u00e1\u0152\u02c6\u00e1\u0160\u201c \u00e1\u2030\u2020\u00e1\u02c6\u008d\u00e1\u2039\u2018\u00e1\u2030\u00b5 \u00e1\u0160\u00ae\u00e1\u2039\u00ad\u00e1\u0160\u2013\u00e1\u02c6\u009d\u00e1\u008d\u00a3 \u00e1\u0160\u00a3\u00e1\u2030\u00a5 \u00e1\u2039\u009d\u00e1\u0160\u00a3\u00e1\u02c6\u009d\u00e1\u0160\u2018\u00e1\u2039\u017d \u00e1\u02c6\u0192\u00e1\u2039\u00ad\u00e1\u02c6\u203a\u00e1\u0160\u2013\u00e1\u2030\u00b5 \u00e1\u0160\u00a8\u00e1\u02c6\u009d\u00e1\u0160\u00a1\u00e2\u20ac\u2122\u00e1\u2039\u008d\u00e1\u0160\u2022 \u00e1\u02c6\u0192\u00e1\u2030\u00a5\u00e1\u2030\u00b3\u00e1\u02c6\u009d \u00e1\u2039\u2039\u00e1\u02c6\u2039 \u00e1\u2039\u00b5\u00e1\u0160\u00bb \u00e1\u2039\u00ad\u00e1\u0160\u00b9\u00e1\u0160\u2018 \u00e1\u2039\u008d\u00e1\u0160\u2022 \u00e1\u2030\u00a5\u00e1\u2039\u02dc\u00e1\u2039\u00a8\u00e1\u0152\u02c6\u00e1\u2039\u00b5\u00e1\u02c6\u00b5) \u00e1\u2030\u00a5\u00e1\u02c6\u2022\u00e1\u02c6\u008d\u00e1\u008d\u0160 \u00e1\u02c6\u02dc\u00e1\u02c6\u00b0\u00e1\u02c6\u008d \u00e1\u0160\u00a3\u00e1\u0160\u00ab\u00e1\u02c6\u2039\u00e1\u2030\u00b3\u00e1\u2039\u0160 \u00e1\u008d\u008d\u00e1\u0152\u00b9\u00e1\u02c6\u009d\u00e1\u0160\u0090\u00e1\u2030\u00b5 (\u00e1\u0160\u00a3\u00e1\u0160\u00ab\u00e1\u02c6\u2039\u00e1\u2030\u00b5\u00e1\u0160\u00aa \u00e1\u0160\u00a8\u00e1\u02c6\u02dc\u00e1\u2039\u00ad \u00e1\u0160\u00a8\u00e1\u02c6\u009d\u00e1\u2030\u00b5\u00e1\u02c6\u2022\u00e1\u2039\u0161 \u00e1\u0160\u00a8\u00e1\u02c6\u009d\u00e1\u0160\u00a1\u00e2\u20ac\u2122\u00e1\u2039\u008d\u00e1\u0160\u2022 \u00e1\u0160\u00a3\u00e1\u0160\u00ab\u00e1\u02c6\u2039\u00e1\u2030\u00b5\u00e1\u0160\u00aa\/\u00e1\u0160\u0090\u00e1\u2030\u00a5\u00e1\u02c6\u00b5\u00e1\u0160\u00ba \u00e1\u0160\u00a8\u00e1\u02c6\u02dc\u00e1\u2039\u00ad \u00e1\u0160\u00a8\u00e1\u02c6\u009d\u00e1\u2039\u009d\u00e1\u2030\u00b0\u00e1\u02c6\u201c\u00e1\u2039\u009d [&hellip;]<\/p>\n","protected":false},"author":1,"featured_media":0,"parent":0,"menu_order":4,"comment_status":"closed","ping_status":"closed","template":"elementor_header_footer","meta":{"footnotes":""},"class_list":["post-5093","page","type-page","status-publish","hentry"],"_links":{"self":[{"href":"https:\/\/fgmhesse.com\/ti\/wp-json\/wp\/v2\/pages\/5093","targetHints":{"allow":["GET"]}}],"collection":[{"href":"https:\/\/fgmhesse.com\/ti\/wp-json\/wp\/v2\/pages"}],"about":[{"href":"https:\/\/fgmhesse.com\/ti\/wp-json\/wp\/v2\/types\/page"}],"author":[{"embeddable":true,"href":"https:\/\/fgmhesse.com\/ti\/wp-json\/wp\/v2\/users\/1"}],"replies":[{"embeddable":true,"href":"https:\/\/fgmhesse.com\/ti\/wp-json\/wp\/v2\/comments?post=5093"}],"version-history":[{"count":5,"href":"https:\/\/fgmhesse.com\/ti\/wp-json\/wp\/v2\/pages\/5093\/revisions"}],"predecessor-version":[{"id":5631,"href":"https:\/\/fgmhesse.com\/ti\/wp-json\/wp\/v2\/pages\/5093\/revisions\/5631"}],"wp:attachment":[{"href":"https:\/\/fgmhesse.com\/ti\/wp-json\/wp\/v2\/media?parent=5093"}],"curies":[{"name":"wp","href":"https:\/\/api.w.org\/{rel}","templated":true}]}}