{"id":5096,"date":"2020-06-16T14:26:34","date_gmt":"2020-06-16T14:26:34","guid":{"rendered":"https:\/\/fgmhesse.wp-profi-service.de\/%e1%8a%a3%e1%8b%8b%e1%88%8d%e1%8b%b5-%e1%8a%a3%e1%89%a5-%e1%8a%a3%e1%8b%a8%e1%8a%96%e1%89%b5-%e1%88%83%e1%8c%88%e1%88%ab%e1%89%b5-%e1%8a%a5%e1%8b%a8%e1%8a%95-%e1%8b%9d%e1%8c%8d%e1%8b%98%e1%88%ab\/"},"modified":"2024-10-01T20:16:00","modified_gmt":"2024-10-01T20:16:00","slug":"%e1%8a%a3%e1%8b%8b%e1%88%8d%e1%8b%b5-%e1%8a%a3%e1%89%a5-%e1%8a%a3%e1%8b%a8%e1%8a%96%e1%89%b5-%e1%88%83%e1%8c%88%e1%88%ab%e1%89%b5-%e1%8a%a5%e1%8b%a8%e1%8a%95-%e1%8b%9d%e1%8c%8d%e1%8b%98%e1%88%ab","status":"publish","type":"page","link":"https:\/\/fgmhesse.com\/ti\/%e1%8a%a3%e1%8b%8b%e1%88%8d%e1%8b%b5-%e1%8a%a3%e1%89%a5-%e1%8a%a3%e1%8b%a8%e1%8a%96%e1%89%b5-%e1%88%83%e1%8c%88%e1%88%ab%e1%89%b5-%e1%8a%a5%e1%8b%a8%e1%8a%95-%e1%8b%9d%e1%8c%8d%e1%8b%98%e1%88%ab\/","title":{"rendered":"\u12a3\u12cb\u120d\u12f5 \u12b8 \u12a3\u1260\u12e8\u1296\u1275 \u1203\u1308\u122b\u1275 \u12ed\u12bd\u1295\u1238\u1263\u1367"},"content":{"rendered":"\t\t<div data-elementor-type=\"wp-page\" data-elementor-id=\"5096\" class=\"elementor elementor-5096 elementor-26\" data-elementor-post-type=\"page\">\n\t\t\t\t\t\t<section class=\"elementor-section elementor-top-section elementor-element elementor-element-4badf82 elementor-section-height-min-height elementor-section-boxed elementor-section-height-default elementor-section-items-middle\" data-id=\"4badf82\" data-element_type=\"section\" data-e-type=\"section\" data-settings=\"{&quot;background_background&quot;:&quot;classic&quot;}\">\n\t\t\t\t\t\t\t<div class=\"elementor-background-overlay\"><\/div>\n\t\t\t\t\t\t\t<div class=\"elementor-container elementor-column-gap-default\">\n\t\t\t\t\t<div class=\"elementor-column elementor-col-66 elementor-top-column elementor-element elementor-element-eb0ebae\" data-id=\"eb0ebae\" data-element_type=\"column\" data-e-type=\"column\" data-settings=\"{&quot;background_background&quot;:&quot;classic&quot;}\">\n\t\t\t<div class=\"elementor-widget-wrap elementor-element-populated\">\n\t\t\t\t\t\t<div class=\"elementor-element elementor-element-277a0b0 elementor-widget elementor-widget-heading\" data-id=\"277a0b0\" data-element_type=\"widget\" data-e-type=\"widget\" data-widget_type=\"heading.default\">\n\t\t\t\t<div class=\"elementor-widget-container\">\n\t\t\t\t\t<h2 class=\"elementor-heading-title elementor-size-default\"> \u12a3\u12cb\u120d\u12f5 \u12b8 \u12a3\u1260\u12e8\u1296\u1275 \u1203\u1308\u122b\u1275 \u12ed\u12bd\u1295\u1238\u1263\u1367<\/h2>\t\t\t\t<\/div>\n\t\t\t\t<\/div>\n\t\t\t\t\t<\/div>\n\t\t<\/div>\n\t\t\t\t<div class=\"elementor-column elementor-col-33 elementor-top-column elementor-element elementor-element-1f8c357\" data-id=\"1f8c357\" data-element_type=\"column\" data-e-type=\"column\">\n\t\t\t<div class=\"elementor-widget-wrap\">\n\t\t\t\t\t\t\t<\/div>\n\t\t<\/div>\n\t\t\t\t\t<\/div>\n\t\t<\/section>\n\t\t\t\t<section class=\"elementor-section elementor-top-section elementor-element elementor-element-13c5836 elementor-section-boxed elementor-section-height-default elementor-section-height-default\" data-id=\"13c5836\" data-element_type=\"section\" data-e-type=\"section\">\n\t\t\t\t\t\t<div class=\"elementor-container elementor-column-gap-default\">\n\t\t\t\t\t<div class=\"elementor-column elementor-col-50 elementor-top-column elementor-element elementor-element-ad6e7e0\" data-id=\"ad6e7e0\" data-element_type=\"column\" data-e-type=\"column\">\n\t\t\t<div class=\"elementor-widget-wrap elementor-element-populated\">\n\t\t\t\t\t\t<div class=\"elementor-element elementor-element-a9969db elementor-widget elementor-widget-text-editor\" data-id=\"a9969db\" data-element_type=\"widget\" data-e-type=\"widget\" data-widget_type=\"text-editor.default\">\n\t\t\t\t<div class=\"elementor-widget-container\">\n\t\t\t\t\t\t\t\t\t<div class=\"elementor-element elementor-element-a9969db elementor-widget elementor-widget-text-editor\" data-id=\"a9969db\" data-element_type=\"widget\" data-widget_type=\"text-editor.default\">\r\n<div class=\"elementor-widget-container\">\r\n\r\n\u12a3\u12cb\u120d\u12f5\u1295 \u12a3\u1295\u1235\u1275\u1295 \u12ab\u1265 \u12dd\u1270\u1348\u120b\u1208\u12e9 \u12ae\u121b\u1275 \u12a3\u1265 \u12a3\u134d\u122a\u1243\u1363 \u12a4\u1235\u12eb\u1363 \u1240\u1228\u1263 \u121d\u1265\u122b\u1255 \u12a8\u121d\u12a1\u2019\u12cd\u1295 \u12f0\u1261\u1265 \u12a3\u1218\u122a\u12ab \u12ed\u12bd\u1295\u1238\u1263\u1362 \u12a8\u12a8\u121d \u1266\u1273\u1295 \u12ae\u121d\u1295 \u134d\u120d\u12ed \u12dd\u1260\u1209 \u12a9\u1290\u1273\u1275 \u12a3\u1208\u12cd \u2013 \u12cb\u120b \u12a3\u1265 \u1213\u12f0 \u1203\u1308\u122d\u1362 \u12a5\u12da \u1295\u1218\u1320\u1295 \u12ab\u1265 \u121d\u12bd\u1295\u123b\u1265 \u12dd\u1270\u1270\u1295\u12a8\u134b \u12a3\u12cb\u120d\u12f5\u1295 \u12a3\u1295\u1235\u1275\u1295 \u12a8\u121d\u12a1\u2019\u12cd\u1295 \u1295\u12d3\u12ed\u1290\u1275\u1295 \u121d\u12bd\u1295\u12eb\u1273\u1275\u1295 \u1293\u12ed\u1272 \u1270\u130d\u1263\u122d \u12a5\u12e9 \u12dd\u121d\u120d\u12a8\u1275\u1362\r\n\r\n\u1205\u12ed\u12c8\u1275 \u12a3\u1265 \u12a4\u12cd\u122e\u1333\u1363 \u12a3\u12cd\u1235\u1275\u122b\u120d\u12eb\u1363 \u12ab\u1293\u12f3 \u12c8\u12ed \u1215\u1261\u122b\u1275 \u1203\u1308\u122b\u1275 \u1290\u12cb\u120d\u12f5\u1295 \u12a3\u1295\u1235\u1275\u1295 \u12ab\u1265 \u121d\u12bd\u1295\u123b\u1265\u1232 \u12a3\u12ed\u12a8\u120b\u12b8\u120d\u1295 \u12a5\u12e9\u1362 \u12a3\u1265\u1272\u12a6\u121d \u1203\u1308\u122b\u1275 \u121d\u12bd\u1295\u123b\u1265 \u12a3\u12cb\u120d\u12f5 \u123d\u1215\u2019\u12b3 \u12eb\u1273 \u12d8\u12ed\u12ae\u1290\u1295 \u1265\u134d\u1339\u121d \u12dd\u1270\u12b8\u120d\u12a8\u1208\u1295\u1363 \u1308\u1293 \u12ab\u1265 \u134d\u1209\u12eb\u1275 \u1235\u12f5\u122b\u1273\u1275 \u1265\u12dd\u12be\u1290 \u12a5\u12e9 \u12dd\u130d\u1260\u122d\u1362 \u1293\u12ed \u121d\u12bd\u1295\u123b\u1265 \u122d\u12a8\u1233 \u12d8\u1208\u12c8\u1295 \u12a3\u12cb\u120d\u12f5\u1295 \u12a3\u1295\u1235\u1275\u1295 \u12a3\u1265 \u12d8\u1208\u12cb\u1209 \u1203\u1308\u122d \u1325\u122b\u12ed \u12d8\u12ed\u12ae\u1290\u1363 \u12a5\u1295\u1270\u120b\u12ed \u12a3\u1265 \u1218\u1260\u1248\u120b\u12ca \u1203\u1308\u1228\u1295 \u12a3\u120e\u1362 \u1295\u12a3\u1265\u1290\u1275 \u12a3\u1265 \u12a4\u12cd\u122e\u1333\u12cd\u12eb\u1295 \u1203\u1308\u122b\u1275 \u12dd\u1290\u1265\u122b \u12a3\u12cb\u120d\u12f5 \u12a3\u1265 \u12d5\u1228\u134d\u1272 \u1203\u130b\u12ed \u1218\u1308\u123b \u1293\u1265\u1272 \u1218\u1260\u1248\u120d \u1203\u1308\u122d \u12c8\u1208\u12f0\u1295 \u12ad\u130d\u1260\u122d \u12a5\u1295\u12a8\u120e \u12ad\u12bd\u1295\u1238\u1263 \u12a8\u121d\u12dd\u12be\u1293 \u12ed\u130b\u1320\u121d \u12a5\u12e9\u1362\r\n\r\n<\/div>\r\n<\/div>\t\t\t\t\t\t\t\t<\/div>\n\t\t\t\t<\/div>\n\t\t\t\t\t<\/div>\n\t\t<\/div>\n\t\t\t\t<div class=\"elementor-column elementor-col-50 elementor-top-column elementor-element elementor-element-c604c41\" data-id=\"c604c41\" data-element_type=\"column\" data-e-type=\"column\">\n\t\t\t<div class=\"elementor-widget-wrap elementor-element-populated\">\n\t\t\t\t\t\t<div class=\"elementor-element elementor-element-ed3a5b6 elementor-widget elementor-widget-heading\" data-id=\"ed3a5b6\" data-element_type=\"widget\" data-e-type=\"widget\" data-widget_type=\"heading.default\">\n\t\t\t\t<div class=\"elementor-widget-container\">\n\t\t\t\t\t<h4 class=\"elementor-heading-title elementor-size-default\">\u1265\u12dd\u1235\u12d5\u1265 \u1308\u120a\u12a6\u121d \u1241\u133d\u122d\u1273\u1275\u1365<\/h4>\t\t\t\t<\/div>\n\t\t\t\t<\/div>\n\t\t\t\t<div class=\"elementor-element elementor-element-aeb32b4 elementor-widget elementor-widget-text-editor\" data-id=\"aeb32b4\" data-element_type=\"widget\" data-e-type=\"widget\" data-widget_type=\"text-editor.default\">\n\t\t\t\t<div class=\"elementor-widget-container\">\n\t\t\t\t\t\t\t\t\t<p>\u12a3\u1265 \u1300\u122d\u1218\u1295 \u12f3\u122d\u130b 70.000 \u12dd\u1270\u12b8\u1295\u1238\u1263 \u12a3\u1295\u1235\u1272 \u12ed\u1290\u1265\u122b\u1363 \u12ad\u1233\u1265 15.000 \u1275\u1215\u1272 18 \u12d3\u1218\u1275 \u12d8\u1208\u12cb \u12a3\u12cb\u120d\u12f5 \u12a3\u1265 \u12f5\u1295\u1308\u1275 \u12a3\u1208\u12cb[1]\u00a0\u12a3\u1265 Hessen \u12dd\u12eb\u12f3 12.000 \u12dd\u1270\u12b8\u1295\u1238\u1263 \u12a3\u1295\u1235\u1272 \u12ed\u1290\u1265\u122b\u1363 \u12a3\u1235\u1273\u1275 3.000 \u12a3\u12cb\u120b\u12f5 \u12a3\u1265 \u12f5\u1295\u1308\u1275 \u12a3\u1208\u12cb\u1362[2]<\/p>\n<p>\u12a3\u1265 \u121d\u1209\u12a5 \u12d3\u1208\u121d \u12f3\u122d\u130b 200 \u121a\u120d\u12ee\u1295 \u12a3\u12cb\u120d\u12f5\u1295 \u12a3\u1295\u1235\u1275\u1295 \u1270\u12b8\u1295\u123a\u1260\u1295 \u12a5\u12e8\u1295\u1362 \u12a9\u1209 \u12d3\u1218\u1275 \u1270\u12c8\u1230\u12bd\u1272 3 \u121a\u120d\u12ee\u1295 \u12a3\u12cb\u120d\u12f5 \u12a5\u1293\u12c8\u1230\u12bb \u12ed\u1218\u133b\u1362[3]<br \/>\n\u12a3\u1265 \u12dd\u1260\u12dd\u1211 \u12a3\u134d\u122a\u1243\u12cd\u12eb\u1295 \u1203\u1308\u122b\u1275 \u12a8\u121d\u12a1\u2019\u12cd\u1295 \u12a3\u1265 \u1300\u122d\u1218\u1295 \u121d\u12bd\u1295\u123b\u1265 \u1313\u120d \u12ad\u120d\u12a9\u120d \u12a5\u12e9\u1362<\/p>\n\t\t\t\t\t\t\t\t<\/div>\n\t\t\t\t<\/div>\n\t\t\t\t\t<\/div>\n\t\t<\/div>\n\t\t\t\t\t<\/div>\n\t\t<\/section>\n\t\t\t\t<section class=\"elementor-section elementor-top-section elementor-element elementor-element-7a68587 elementor-section-boxed elementor-section-height-default elementor-section-height-default\" data-id=\"7a68587\" data-element_type=\"section\" data-e-type=\"section\">\n\t\t\t\t\t\t<div class=\"elementor-container elementor-column-gap-default\">\n\t\t\t\t\t<div class=\"elementor-column elementor-col-100 elementor-top-column elementor-element elementor-element-fdcdda9\" data-id=\"fdcdda9\" data-element_type=\"column\" data-e-type=\"column\">\n\t\t\t<div class=\"elementor-widget-wrap elementor-element-populated\">\n\t\t\t\t\t\t<div class=\"elementor-element elementor-element-4ad6a0a elementor-widget elementor-widget-heading\" data-id=\"4ad6a0a\" data-element_type=\"widget\" data-e-type=\"widget\" data-widget_type=\"heading.default\">\n\t\t\t\t<div class=\"elementor-widget-container\">\n\t\t\t\t\t<h4 class=\"elementor-heading-title elementor-size-default\">\u121d\u1295\u132d\u1273\u1275<\/h4>\t\t\t\t<\/div>\n\t\t\t\t<\/div>\n\t\t\t\t<div class=\"elementor-element elementor-element-1a909af elementor-widget elementor-widget-text-editor\" data-id=\"1a909af\" data-element_type=\"widget\" data-e-type=\"widget\" data-widget_type=\"text-editor.default\">\n\t\t\t\t<div class=\"elementor-widget-container\">\n\t\t\t\t\t\t\t\t\t<div class=\"elementor-element elementor-element-1a909af elementor-widget elementor-widget-text-editor\" data-id=\"1a909af\" data-element_type=\"widget\" data-widget_type=\"text-editor.default\">\n<div class=\"elementor-widget-container\">\n<p>[1] \u1348\u12f0\u122b\u120b\u12ca \u121a\u1292\u1235\u1275\u122a \u1235\u12f5\u122b (BMFSFJ)\u1363 25\/06\/2020<\/p>\n<p>[2] TERRE DES FEMMES, \u1235\u1273\u1272\u1235\u1272\u12ad\u1235 \u1293\u12ed \u12dd\u1270\u1213\u1265\u12a0 \u1213\u1260\u122c\u1273\u1363 \u1218\u122d\u1308\u133d 10\/2020<\/p>\n<p>[3] <a href=\"https:\/\/www.who.int\/news-room\/fact-sheets\/detail\/female-genital-mutilation\" target=\"_blank\" rel=\"noopener\">www.who.int\/news-room\/fact-sheets\/detail\/female-genital-mutilation<\/a><\/p>\n<\/div>\n<\/div>\n\t\t\t\t\t\t\t\t<\/div>\n\t\t\t\t<\/div>\n\t\t\t\t\t<\/div>\n\t\t<\/div>\n\t\t\t\t\t<\/div>\n\t\t<\/section>\n\t\t\t\t<\/div>\n\t\t","protected":false},"excerpt":{"rendered":"<p>\u00e1\u0160\u00a3\u00e1\u2039\u2039\u00e1\u02c6\u008d\u00e1\u2039\u00b5 \u00e1\u0160\u00b8 \u00e1\u0160\u00a3\u00e1\u2030\u00a0\u00e1\u2039\u00a8\u00e1\u0160\u2013\u00e1\u2030\u00b5 \u00e1\u02c6\u0192\u00e1\u0152\u02c6\u00e1\u02c6\u00ab\u00e1\u2030\u00b5 \u00e1\u2039\u00ad\u00e1\u0160\u00bd\u00e1\u0160\u2022\u00e1\u02c6\u00b8\u00e1\u2030\u00a3\u00e1\u008d\u00a7 \u00e1\u0160\u00a3\u00e1\u2039\u2039\u00e1\u02c6\u008d\u00e1\u2039\u00b5\u00e1\u0160\u2022 \u00e1\u0160\u00a3\u00e1\u0160\u2022\u00e1\u02c6\u00b5\u00e1\u2030\u00b5\u00e1\u0160\u2022 \u00e1\u0160\u00ab\u00e1\u2030\u00a5 \u00e1\u2039\u009d\u00e1\u2030\u00b0\u00e1\u008d\u02c6\u00e1\u02c6\u2039\u00e1\u02c6\u02c6\u00e1\u2039\u00a9 \u00e1\u0160\u00ae\u00e1\u02c6\u203a\u00e1\u2030\u00b5 \u00e1\u0160\u00a3\u00e1\u2030\u00a5 \u00e1\u0160\u00a3\u00e1\u008d\u008d\u00e1\u02c6\u00aa\u00e1\u2030\u0192\u00e1\u008d\u00a3 \u00e1\u0160\u00a4\u00e1\u02c6\u00b5\u00e1\u2039\u00ab\u00e1\u008d\u00a3 \u00e1\u2030\u20ac\u00e1\u02c6\u00a8\u00e1\u2030\u00a3 \u00e1\u02c6\u009d\u00e1\u2030\u00a5\u00e1\u02c6\u00ab\u00e1\u2030\u2022 \u00e1\u0160\u00a8\u00e1\u02c6\u009d\u00e1\u0160\u00a1\u00e2\u20ac\u2122\u00e1\u2039\u008d\u00e1\u0160\u2022 \u00e1\u2039\u00b0\u00e1\u2030\u00a1\u00e1\u2030\u00a5 \u00e1\u0160\u00a3\u00e1\u02c6\u02dc\u00e1\u02c6\u00aa\u00e1\u0160\u00ab \u00e1\u2039\u00ad\u00e1\u0160\u00bd\u00e1\u0160\u2022\u00e1\u02c6\u00b8\u00e1\u2030\u00a3\u00e1\u008d\u00a2 \u00e1\u0160\u00a8\u00e1\u0160\u00a8\u00e1\u02c6\u009d \u00e1\u2030\u00a6\u00e1\u2030\u00b3\u00e1\u0160\u2022 \u00e1\u0160\u00ae\u00e1\u02c6\u009d\u00e1\u0160\u2022 \u00e1\u008d\u008d\u00e1\u02c6\u008d\u00e1\u2039\u00ad \u00e1\u2039\u009d\u00e1\u2030\u00a0\u00e1\u02c6\u2030 \u00e1\u0160\u00a9\u00e1\u0160\u0090\u00e1\u2030\u00b3\u00e1\u2030\u00b5 \u00e1\u0160\u00a3\u00e1\u02c6\u02c6\u00e1\u2039\u008d \u00e2\u20ac\u201c \u00e1\u2039\u2039\u00e1\u02c6\u2039 \u00e1\u0160\u00a3\u00e1\u2030\u00a5 \u00e1\u02c6\u201c\u00e1\u2039\u00b0 \u00e1\u02c6\u0192\u00e1\u0152\u02c6\u00e1\u02c6\u00ad\u00e1\u008d\u00a2 \u00e1\u0160\u00a5\u00e1\u2039\u0161 \u00e1\u0160\u2022\u00e1\u02c6\u02dc\u00e1\u0152\u00a0\u00e1\u0160\u2022 \u00e1\u0160\u00ab\u00e1\u2030\u00a5 \u00e1\u02c6\u009d\u00e1\u0160\u00bd\u00e1\u0160\u2022\u00e1\u02c6\u00bb\u00e1\u2030\u00a5 \u00e1\u2039\u009d\u00e1\u2030\u00b0\u00e1\u2030\u00b0\u00e1\u0160\u2022\u00e1\u0160\u00a8\u00e1\u008d\u2039 \u00e1\u0160\u00a3\u00e1\u2039\u2039\u00e1\u02c6\u008d\u00e1\u2039\u00b5\u00e1\u0160\u2022 \u00e1\u0160\u00a3\u00e1\u0160\u2022\u00e1\u02c6\u00b5\u00e1\u2030\u00b5\u00e1\u0160\u2022 \u00e1\u0160\u00a8\u00e1\u02c6\u009d\u00e1\u0160\u00a1\u00e2\u20ac\u2122\u00e1\u2039\u008d\u00e1\u0160\u2022 \u00e1\u0160\u2022\u00e1\u2039\u201c\u00e1\u2039\u00ad\u00e1\u0160\u0090\u00e1\u2030\u00b5\u00e1\u0160\u2022 \u00e1\u02c6\u009d\u00e1\u0160\u00bd\u00e1\u0160\u2022\u00e1\u2039\u00ab\u00e1\u2030\u00b3\u00e1\u2030\u00b5\u00e1\u0160\u2022 \u00e1\u0160\u201c\u00e1\u2039\u00ad\u00e1\u2030\u00b2 \u00e1\u2030\u00b0\u00e1\u0152\u008d\u00e1\u2030\u00a3\u00e1\u02c6\u00ad \u00e1\u0160\u00a5\u00e1\u2039\u00a9 \u00e1\u2039\u009d\u00e1\u02c6\u009d\u00e1\u02c6\u008d\u00e1\u0160\u00a8\u00e1\u2030\u00b5\u00e1\u008d\u00a2 \u00e1\u02c6\u2026\u00e1\u2039\u00ad\u00e1\u2039\u02c6\u00e1\u2030\u00b5 \u00e1\u0160\u00a3\u00e1\u2030\u00a5 \u00e1\u0160\u00a4\u00e1\u2039\u008d\u00e1\u02c6\u00ae\u00e1\u0152\u00b3\u00e1\u008d\u00a3 \u00e1\u0160\u00a3\u00e1\u2039\u008d\u00e1\u02c6\u00b5\u00e1\u2030\u00b5\u00e1\u02c6\u00ab\u00e1\u02c6\u008d\u00e1\u2039\u00ab\u00e1\u008d\u00a3 \u00e1\u0160\u00ab\u00e1\u0160\u201c\u00e1\u2039\u00b3 \u00e1\u2039\u02c6\u00e1\u2039\u00ad \u00e1\u02c6\u2022\u00e1\u2030\u00a1\u00e1\u02c6\u00ab\u00e1\u2030\u00b5 \u00e1\u02c6\u0192\u00e1\u0152\u02c6\u00e1\u02c6\u00ab\u00e1\u2030\u00b5 \u00e1\u0160\u0090\u00e1\u2039\u2039\u00e1\u02c6\u008d\u00e1\u2039\u00b5\u00e1\u0160\u2022 \u00e1\u0160\u00a3\u00e1\u0160\u2022\u00e1\u02c6\u00b5\u00e1\u2030\u00b5\u00e1\u0160\u2022 [&hellip;]<\/p>\n","protected":false},"author":1,"featured_media":0,"parent":0,"menu_order":3,"comment_status":"closed","ping_status":"closed","template":"elementor_header_footer","meta":{"footnotes":""},"class_list":["post-5096","page","type-page","status-publish","hentry"],"_links":{"self":[{"href":"https:\/\/fgmhesse.com\/ti\/wp-json\/wp\/v2\/pages\/5096","targetHints":{"allow":["GET"]}}],"collection":[{"href":"https:\/\/fgmhesse.com\/ti\/wp-json\/wp\/v2\/pages"}],"about":[{"href":"https:\/\/fgmhesse.com\/ti\/wp-json\/wp\/v2\/types\/page"}],"author":[{"embeddable":true,"href":"https:\/\/fgmhesse.com\/ti\/wp-json\/wp\/v2\/users\/1"}],"replies":[{"embeddable":true,"href":"https:\/\/fgmhesse.com\/ti\/wp-json\/wp\/v2\/comments?post=5096"}],"version-history":[{"count":5,"href":"https:\/\/fgmhesse.com\/ti\/wp-json\/wp\/v2\/pages\/5096\/revisions"}],"predecessor-version":[{"id":5630,"href":"https:\/\/fgmhesse.com\/ti\/wp-json\/wp\/v2\/pages\/5096\/revisions\/5630"}],"wp:attachment":[{"href":"https:\/\/fgmhesse.com\/ti\/wp-json\/wp\/v2\/media?parent=5096"}],"curies":[{"name":"wp","href":"https:\/\/api.w.org\/{rel}","templated":true}]}}